{"id":112651,"date":"2024-07-29T00:00:00","date_gmt":"2024-07-28T22:00:00","guid":{"rendered":"http:\/\/gpl-love.com\/fr\/produit\/authentic-lifestyle-blog-and-magazine-wordpress-theme\/"},"modified":"2026-03-20T22:55:16","modified_gmt":"2026-03-20T21:55:16","slug":"authentic-lifestyle-blog-and-magazine-wordpress-theme","status":"publish","type":"product","link":"https:\/\/gpl-love.com\/fr\/produit\/authentic-lifestyle-blog-and-magazine-wordpress-theme\/","title":{"rendered":"Authentic Lifestyle Blog et Magazine WordPress Theme 7.1.9"},"content":{"rendered":"<h3>Authentic Lifestyle Blog et Magazine WordPress Theme Traits<\/h3>\n<p>Le blog de style de vie authentique et le th\u00e8me WordPress du magazine sont une solution id\u00e9ale pour les blogueurs et les \u00e9diteurs de magazines qui souhaitent une conception de site Web qui d\u00e9gage la modernit\u00e9 et la sophistication. Son design \u00e9l\u00e9gant et \u00e9l\u00e9gant englobe une vaste gamme de fonctionnalit\u00e9s et d&rsquo;options de personnalisation, permettant la cr\u00e9ation d&rsquo;un site Web unique et captivant qui pr\u00e9sente efficacement votre contenu de la mani\u00e8re la plus optimale. Que votre objectif soit de pr\u00e9senter vos derniers articles de blog, de favoriser une communaut\u00e9 de lecteurs avides ou simplement de diffuser vos pens\u00e9es et vos id\u00e9es au monde, le blog de style de vie authentique et le th\u00e8me WordPress servent d&rsquo;outil ultime pour \u00e9lever votre pr\u00e9sence en ligne \u00e0 des hauteurs sans pr\u00e9c\u00e9dent . Par cons\u00e9quent, pourquoi retarder plus longtemps? Commencez la construction de votre site Web de r\u00eave aujourd&rsquo;hui avec le blog de style de vie authentique in\u00e9gal\u00e9 et le th\u00e8me WordPress de magazine!<\/p>\n<ul>\n<li>Cr\u00e9ez sans effort un blog ou un magazine en ligne \u00e9tonnant et professionnel en utilisant le th\u00e8me WordPress de style de vie authentique.<\/li>\n<li>Votre contenu est l&rsquo;\u00e9toile avec ce design minimaliste et propre qui permet \u00e0 vos mots et \u00e0 vos images briller.<\/li>\n<li>Choisissez parmi une vari\u00e9t\u00e9 de dispositions pr\u00e9-con\u00e7ues et d&rsquo;options de page d&rsquo;accueil pour cr\u00e9er une pr\u00e9sence en ligne unique et personnalis\u00e9e.<\/li>\n<li>Avec de puissantes options de personnalisation, vous pouvez facilement changer les couleurs, les polices et les dispositions pour refl\u00e9ter parfaitement votre marque.<\/li>\n<li>Optimis\u00e9 pour les moteurs de recherche, le th\u00e8me de style de vie authentique aide \u00e0 augmenter le classement de votre moteur de recherche et \u00e0 augmenter le trafic vers votre site.<\/li>\n<li>Connectez-vous avec votre public via l&rsquo;int\u00e9gration des m\u00e9dias sociaux et partagez facilement votre contenu sur toutes les plateformes.<\/li>\n<li>Les options publicitaires int\u00e9gr\u00e9es vous permettent de mon\u00e9tiser votre site via des annonces et des parrainages.<\/li>\n<li>La conception r\u00e9active garantit que votre site a fi\u00e8re allure sur tous les appareils, du bureau au mobile.<\/li>\n<li>Avec des fonctionnalit\u00e9s et un support r\u00e9guli\u00e8rement mis \u00e0 jour, vous pouvez faire confiance au th\u00e8me de style de vie authentique pour garder votre site frais et \u00e0 jour.<\/li>\n<\/ul>\n","protected":false},"excerpt":{"rendered":"<p>D\u00e9couvrez le sommet de la publication en ligne avec notre blog de style de vie authentique et notre th\u00e8me WordPress de magazine. Con\u00e7u avec les derni\u00e8res tendances \u00e0 l&rsquo;esprit, ce th\u00e8me combine sans effort l&rsquo;esth\u00e9tique et la fonctionnalit\u00e9. Il est parfait pour les blogueurs, les journalistes et les magazines num\u00e9riques qui cherchent \u00e0 red\u00e9finir leur pr\u00e9sence en ligne.<\/p>\n<p>Notre th\u00e8me est enti\u00e8rement personnalisable, vous permettant d&rsquo;adapter tous les aspects \u00e0 votre marque unique. Que vous soyez dans une conception minimaliste ou des visuels vibrants, nos options de personnalisation avanc\u00e9es s&rsquo;adressent \u00e0 tous les go\u00fbts.<\/p>\n<p>L&rsquo;une des fonctionnalit\u00e9s remarquables de ce th\u00e8me est son int\u00e9gration transparente avec les plateformes de m\u00e9dias sociaux populaires. Que vous cherchiez \u00e0 d\u00e9velopper votre public ou \u00e0 engager votre public existant, nos options de partage social int\u00e9gr\u00e9es facilitent la t\u00e2che que jamais.<\/p>\n<p>En tant que blogueur de lifestyle ou \u00e9diteur de magazine, vous avez besoin d&rsquo;un th\u00e8me WordPress qui peut g\u00e9rer un contenu riche. Notre th\u00e8me prend en charge divers formats de publication, y compris les galeries, les vid\u00e9os et les audios. De plus, il est convivial, garantissant que votre contenu atteint le bon public au bon moment.<\/p>\n<p>Le blog de style de vie authentique et le th\u00e8me WordPress de magazine poss\u00e8dent \u00e9galement un<\/p>\n","protected":false},"featured_media":143172,"comment_status":"open","ping_status":"open","template":"","meta":[],"product_brand":[2433],"product_cat":[1220,1212,1213],"product_tag":[1366],"class_list":{"0":"post-112651","1":"product","2":"type-product","3":"status-publish","4":"has-post-thumbnail","6":"product_brand-themeforest","7":"product_cat-blog-magazine","8":"product_cat-themes","9":"product_cat-wordpress-themes","10":"product_tag-themeforest","11":"member-discount","12":"discount-restricted","14":"first","15":"instock","16":"sale","17":"downloadable","18":"virtual","19":"sold-individually","20":"purchasable","21":"product-type-simple"},"_links":{"self":[{"href":"https:\/\/gpl-love.com\/fr\/wp-json\/wp\/v2\/product\/112651","targetHints":{"allow":["GET"]}}],"collection":[{"href":"https:\/\/gpl-love.com\/fr\/wp-json\/wp\/v2\/product"}],"about":[{"href":"https:\/\/gpl-love.com\/fr\/wp-json\/wp\/v2\/types\/product"}],"replies":[{"embeddable":true,"href":"https:\/\/gpl-love.com\/fr\/wp-json\/wp\/v2\/comments?post=112651"}],"wp:featuredmedia":[{"embeddable":true,"href":"https:\/\/gpl-love.com\/fr\/wp-json\/wp\/v2\/media\/143172"}],"wp:attachment":[{"href":"https:\/\/gpl-love.com\/fr\/wp-json\/wp\/v2\/media?parent=112651"}],"wp:term":[{"taxonomy":"product_brand","embeddable":true,"href":"https:\/\/gpl-love.com\/fr\/wp-json\/wp\/v2\/product_brand?post=112651"},{"taxonomy":"product_cat","embeddable":true,"href":"https:\/\/gpl-love.com\/fr\/wp-json\/wp\/v2\/product_cat?post=112651"},{"taxonomy":"product_tag","embeddable":true,"href":"https:\/\/gpl-love.com\/fr\/wp-json\/wp\/v2\/product_tag?post=112651"}],"curies":[{"name":"wp","href":"https:\/\/api.w.org\/{rel}","templated":true}]}}