{"id":112650,"date":"2025-12-11T00:00:00","date_gmt":"2025-12-10T23:00:00","guid":{"rendered":"http:\/\/gpl-love.com\/fr\/produit\/archi-interior-design-and-architeture-wordpress-theme\/"},"modified":"2026-04-05T12:30:11","modified_gmt":"2026-04-05T10:30:11","slug":"archi-interior-design-and-architeture-wordpress-theme","status":"publish","type":"product","link":"https:\/\/gpl-love.com\/fr\/produit\/archi-interior-design-and-architeture-wordpress-theme\/","title":{"rendered":"Archi Interior Design et Architecture WordPress Theme 5.1.7"},"content":{"rendered":"<h3>Archi Interior Design et Architecture WordPress Theme Traits<\/h3>\n<p>Le th\u00e8me WordPress de la conception int\u00e9rieure et de l&rsquo;architecture Archi est une option sophistiqu\u00e9e et sophistiqu\u00e9e sp\u00e9cifiquement adapt\u00e9e aux entreprises op\u00e9rant dans les industries de design d&rsquo;int\u00e9rieur et d&rsquo;architecture. Ce th\u00e8me exquis offrant une vaste gamme de fonctionnalit\u00e9s et d&rsquo;outils personnalisables, facilitant ainsi la cr\u00e9ation transparente d&rsquo;un site Web distinctif et visuellement captivant. En utilisant Archi, vous pouvez pr\u00e9senter sans effort votre portefeuille, diffuser des t\u00e9moignages clients et fournir des d\u00e9tails complets concernant vos services. Ce th\u00e8me d&rsquo;une conception exquis offre une navigation conviviale et une r\u00e9activit\u00e9 compl\u00e8te, garantissant que votre site Web poss\u00e8de une apparence sans faille et une fonctionnalit\u00e9 optimale sur tous les appareils. De plus, Archi int\u00e8gre de mani\u00e8re transparente une gamme diversifi\u00e9e de mod\u00e8les de page int\u00e9gr\u00e9s, vous permettant d&rsquo;\u00e9tablir sans effort un site Web enti\u00e8rement fonctionnel dans un d\u00e9lai minimal. Que vous vous identifiiez en tant que pigiste ind\u00e9pendant ou que vous repr\u00e9sentez une entreprise de premier plan, le th\u00e8me Archi reste le choix optimal pour quiconque cherche \u00e0 cultiver un site Web impressionnant qui met en valeur efficacement leur travail inestimable et leur expertise profonde dans le domaine.<\/p>\n<ul>\n<li>Design moderne et \u00e9l\u00e9gant adapt\u00e9 aux designers et architectes d&rsquo;int\u00e9rieur<\/li>\n<li>Disposition enti\u00e8rement r\u00e9active pour une visualisation optimale sur n&rsquo;importe quel appareil<\/li>\n<li>Inclus des plugins premium tels que Slider Revolution et Visual Composer<\/li>\n<li>Panneau d&rsquo;options de th\u00e8me personnalisable pour une personnalisation facile<\/li>\n<li>Installation de d\u00e9monstration en un clic pour une configuration facile<\/li>\n<li>Plusieurs dispositions de portefeuille pour pr\u00e9senter votre travail<\/li>\n<li>Int\u00e9gration avec des plateformes de m\u00e9dias sociaux populaires pour un partage facile<\/li>\n<li>Comprend des sections de blogs et de t\u00e9moignages<\/li>\n<li>Compatible avec WooCommerce pour une vente en ligne facile<\/li>\n<li>SEO optimis\u00e9 pour am\u00e9liorer le classement des moteurs de recherche<\/li>\n<li>Vitesses de chargement rapide pour une am\u00e9lioration de l&rsquo;exp\u00e9rience utilisateur<\/li>\n<li>\u00c9quipe de support d\u00e9di\u00e9e disponible pour l&rsquo;aide.<\/li>\n<\/ul>\n","protected":false},"excerpt":{"rendered":"<p>Archi est un th\u00e8me de design d&rsquo;int\u00e9rieur et d&rsquo;architecture moderne et sophistiqu\u00e9 con\u00e7u avec des concepteurs professionnels, des architectes et des esprits cr\u00e9atifs \u00e0 l&rsquo;esprit. Ce th\u00e8me polyvalent offre une gamme de fonctionnalit\u00e9s personnalisables qui vous permettent de pr\u00e9senter votre portefeuille d&rsquo;une mani\u00e8re \u00e9l\u00e9gante et visuellement attrayante. Archi est livr\u00e9 avec une vari\u00e9t\u00e9 d&rsquo;options de mise en page, y compris une conception r\u00e9active qui s&rsquo;adapte \u00e0 n&rsquo;importe quel appareil pour une visualisation optimale. Avec son interface intuitive et conviviale, vous pouvez facilement personnaliser l&rsquo;apparence de votre site Web en fonction de votre marque unique. De plus, Archi prend en charge divers plugins pour une fonctionnalit\u00e9 am\u00e9lior\u00e9e et une exp\u00e9rience utilisateur. Que vous soyez un architecte exp\u00e9riment\u00e9 ou un passionn\u00e9 de design d&rsquo;int\u00e9rieur, le th\u00e8me Archi WordPress vous offre les outils et la flexibilit\u00e9 pour cr\u00e9er une pr\u00e9sence en ligne \u00e9tonnante.<\/p>\n","protected":false},"featured_media":143151,"comment_status":"open","ping_status":"open","template":"","meta":[],"product_brand":[2433],"product_cat":[1356,1212,1213],"product_tag":[1366],"class_list":{"0":"post-112650","1":"product","2":"type-product","3":"status-publish","4":"has-post-thumbnail","6":"product_brand-themeforest","7":"product_cat-immobilier","8":"product_cat-themes","9":"product_cat-wordpress-themes","10":"product_tag-themeforest","11":"member-discount","12":"discount-restricted","14":"first","15":"instock","16":"sale","17":"downloadable","18":"virtual","19":"sold-individually","20":"purchasable","21":"product-type-simple"},"_links":{"self":[{"href":"https:\/\/gpl-love.com\/fr\/wp-json\/wp\/v2\/product\/112650","targetHints":{"allow":["GET"]}}],"collection":[{"href":"https:\/\/gpl-love.com\/fr\/wp-json\/wp\/v2\/product"}],"about":[{"href":"https:\/\/gpl-love.com\/fr\/wp-json\/wp\/v2\/types\/product"}],"replies":[{"embeddable":true,"href":"https:\/\/gpl-love.com\/fr\/wp-json\/wp\/v2\/comments?post=112650"}],"wp:featuredmedia":[{"embeddable":true,"href":"https:\/\/gpl-love.com\/fr\/wp-json\/wp\/v2\/media\/143151"}],"wp:attachment":[{"href":"https:\/\/gpl-love.com\/fr\/wp-json\/wp\/v2\/media?parent=112650"}],"wp:term":[{"taxonomy":"product_brand","embeddable":true,"href":"https:\/\/gpl-love.com\/fr\/wp-json\/wp\/v2\/product_brand?post=112650"},{"taxonomy":"product_cat","embeddable":true,"href":"https:\/\/gpl-love.com\/fr\/wp-json\/wp\/v2\/product_cat?post=112650"},{"taxonomy":"product_tag","embeddable":true,"href":"https:\/\/gpl-love.com\/fr\/wp-json\/wp\/v2\/product_tag?post=112650"}],"curies":[{"name":"wp","href":"https:\/\/api.w.org\/{rel}","templated":true}]}}