{"id":112644,"date":"2022-04-05T00:00:00","date_gmt":"2022-04-04T22:00:00","guid":{"rendered":"http:\/\/gpl-love.com\/fr\/produit\/elementorsheets-elementor-pro-form-google-spreadsheet-addon\/"},"modified":"2026-03-20T23:03:24","modified_gmt":"2026-03-20T22:03:24","slug":"elementorsheets-elementor-pro-form-google-spreadsheet-addon","status":"publish","type":"product","link":"https:\/\/gpl-love.com\/fr\/produit\/elementorsheets-elementor-pro-form-google-spreadsheet-addon\/","title":{"rendered":"ElementorSheets Google Spreadsheet Addon 4.2"},"content":{"rendered":"<h3>ElementorSheets Google Spreadsheet Addon Traits<\/h3>\n<p>L&rsquo;addon de calcul de la feuille de calcul Google puissant et formidable est un outil remarquable et influent qui vous accorde la capacit\u00e9 merveilleuse \u00e0 int\u00e9grer de mani\u00e8re transparente les feuilles Google magnifiques et impressionnantes dans le domaine sacr\u00e9 de votre site Web Wordpress bien-aim\u00e9, le tout en exploitant le puissant pouvoir de Elementor. En utilisant cet addon extraordinaire, vous serez accord\u00e9 la puissance divine \u00e0 la mode dynamique et au contenu interactif sans effort, dot\u00e9 des connaissances et de la sagesse de vos donn\u00e9es Google Sheets, d\u00e9verrouillant ainsi une vaste mine de possibilit\u00e9s illimit\u00e9es pour votre site Web ch\u00e9ri. Si vous souhaitez pr\u00e9senter des catalogues de produits grandioses ou artisanat des formes de coutumes \u00e9l\u00e9gantes, soyez assur\u00e9, car les feuilles \u00e9l\u00e9mentaires vous accordent les moyens sans effort pour le faire, le tout sans avoir besoin d&rsquo;une expertise codante laborieuse. De plus, cet outil majestueux vous offre le luxe d&rsquo;utiliser ses fonctionnalit\u00e9s avanc\u00e9es et sophistiqu\u00e9es, telles que la magie transformatrice des filtres, l&rsquo;art \u00e9nigmatique de la recherche et la symphonie harmonieuse du tri, vous permettant d&rsquo;\u00e9lever vos donn\u00e9es \u00e0 de nouveaux sommets d&rsquo;accessibilit\u00e9 et splendeur conviviale. En conclusion, il est clairement clair que ElementOrsheets est un outil indispensable et requis pour tous ceux qui cherchent \u00e0 impr\u00e9gner leurs sites Web avec une fonctionnalit\u00e9 in\u00e9gal\u00e9e et une efficacit\u00e9 ineffable.<\/p>\n<ul>\n<li>Permet aux utilisateurs de connecter Google Sheets directement \u00e0 Elementor, une plate-forme principale de g\u00e9n\u00e9rateur de sites Web<\/li>\n<li>Offre un acc\u00e8s facile aux donn\u00e9es de la feuille de calcul, permettant aux utilisateurs de les afficher et de les manipuler directement sur leur site Web<\/li>\n<li>Permet une mise \u00e0 jour en temps r\u00e9el des donn\u00e9es, en maintenant le contenu du site Web pr\u00e9cis et \u00e0 jour<\/li>\n<li>\u00c9limine le besoin d&rsquo;une saisie manuelle de donn\u00e9es, de gagner du temps et de r\u00e9duire les risques d&rsquo;erreurs<\/li>\n<li>Facilite l&rsquo;analyse et les rapports avanc\u00e9s des donn\u00e9es, avec des fonctionnalit\u00e9s puissantes telles que le filtrage et le tri des donn\u00e9es<\/li>\n<li>Peut \u00eatre personnalis\u00e9 pour s&rsquo;adapter \u00e0 la conception et \u00e0 la marque de n&rsquo;importe quel site Web, avec acc\u00e8s au large \u00e9ventail d&rsquo;options de conception d&rsquo;Elementor<\/li>\n<li>Livr\u00e9 avec une interface conviviale et une documentation claire, ce qui facilite l&rsquo;utilisation et la configuration<\/li>\n<li>Compatible avec les versions gratuites et pro de Elementor, offrant aux utilisateurs la flexibilit\u00e9 et le choix<\/li>\n<li>Offre des performances et un support fiables et de haute qualit\u00e9, avec des mises \u00e0 jour r\u00e9guli\u00e8res et une assistance de d\u00e9pannage.<\/li>\n<\/ul>\n","protected":false},"excerpt":{"rendered":"<p>L&rsquo;addition de feuille de calcul ElectorSheets Google est un outil remarquablement puissant car il fusionne sans effort avec Elementor, permettant ainsi aux utilisateurs de pr\u00e9senter sans effort leurs donn\u00e9es de mani\u00e8re visuellement captivante. Cet addon vous donne la possibilit\u00e9 d&rsquo;\u00e9tablir une connexion entre vos donn\u00e9es Google Sheets et les widgets et modules d&rsquo;Elementor, vous \u00e9quipant ainsi les moyens de fabriquer rapidement et sans effort sans effort des \u00e9l\u00e9ments dynamiques et interactifs. Que vous assuriez le r\u00f4le d&rsquo;un propri\u00e9taire d&rsquo;entreprise, d&rsquo;un marketing ou d&rsquo;un cr\u00e9ateur de contenu, cet addon a une valeur indispensable car elle vous permet de construire des sites Web captivants et des pages de destination. Embrassez ElementOrsheets et offrez des adieux aux donn\u00e9es banales et monotones pour toujours.<\/p>\n","protected":false},"featured_media":143708,"comment_status":"open","ping_status":"open","template":"","meta":[],"product_brand":[2435],"product_cat":[1187,1181,1186],"product_tag":[1231],"class_list":{"0":"post-112644","1":"product","2":"type-product","3":"status-publish","4":"has-post-thumbnail","6":"product_brand-codecanyon","7":"product_cat-administration-wordpress-plugins","8":"product_cat-plugins","9":"product_cat-wordpress-plugins","10":"product_tag-codecanyon","11":"member-discount","12":"discount-restricted","14":"first","15":"instock","16":"sale","17":"downloadable","18":"virtual","19":"sold-individually","20":"purchasable","21":"product-type-simple"},"_links":{"self":[{"href":"https:\/\/gpl-love.com\/fr\/wp-json\/wp\/v2\/product\/112644","targetHints":{"allow":["GET"]}}],"collection":[{"href":"https:\/\/gpl-love.com\/fr\/wp-json\/wp\/v2\/product"}],"about":[{"href":"https:\/\/gpl-love.com\/fr\/wp-json\/wp\/v2\/types\/product"}],"replies":[{"embeddable":true,"href":"https:\/\/gpl-love.com\/fr\/wp-json\/wp\/v2\/comments?post=112644"}],"wp:featuredmedia":[{"embeddable":true,"href":"https:\/\/gpl-love.com\/fr\/wp-json\/wp\/v2\/media\/143708"}],"wp:attachment":[{"href":"https:\/\/gpl-love.com\/fr\/wp-json\/wp\/v2\/media?parent=112644"}],"wp:term":[{"taxonomy":"product_brand","embeddable":true,"href":"https:\/\/gpl-love.com\/fr\/wp-json\/wp\/v2\/product_brand?post=112644"},{"taxonomy":"product_cat","embeddable":true,"href":"https:\/\/gpl-love.com\/fr\/wp-json\/wp\/v2\/product_cat?post=112644"},{"taxonomy":"product_tag","embeddable":true,"href":"https:\/\/gpl-love.com\/fr\/wp-json\/wp\/v2\/product_tag?post=112644"}],"curies":[{"name":"wp","href":"https:\/\/api.w.org\/{rel}","templated":true}]}}