{"id":112642,"date":"2024-01-19T00:00:00","date_gmt":"2024-01-18T23:00:00","guid":{"rendered":"http:\/\/gpl-love.com\/fr\/produit\/wordpress-events-calendar-registration-and-tickets\/"},"modified":"2026-03-20T23:49:06","modified_gmt":"2026-03-20T22:49:06","slug":"wordpress-events-calendar-registration-and-tickets","status":"publish","type":"product","link":"https:\/\/gpl-love.com\/fr\/produit\/wordpress-events-calendar-registration-and-tickets\/","title":{"rendered":"WordPress Events Calendar Registration et Tickets 2.5.9"},"content":{"rendered":"<h3>WordPress Events Calendar Registration et Tickets Traits<\/h3>\n<p>L&rsquo;enregistrement et les billets du calendrier des \u00e9v\u00e9nements WordPress sont un plugin incroyablement robuste et riche en fonctionnalit\u00e9s qui donne aux utilisateurs la possibilit\u00e9 de cr\u00e9er et de superviser sans effort leurs sites Web WordPress. Ce plugin permet aux utilisateurs de saisir sans effort des informations sp\u00e9cifiques \u00e0 l&rsquo;\u00e9v\u00e9nement telles que les dates, les temps, les emplacements et les descriptions, tout en leur accordant la possibilit\u00e9 de fa\u00e7onner les formulaires d&rsquo;inscription personnalis\u00e9s et de donner des billets de mani\u00e8re transparente directement \u00e0 partir de leur site Web. En outre, ce plugin poss\u00e8de une myriade d&rsquo;options de personnalisation pour garantir que les \u00e9v\u00e9nements s&rsquo;alignent de mani\u00e8re transparente avec la marque unique du site, et s&rsquo;int\u00e8gre harmonieusement aux passerelles de paiement bien connues et aux outils de marketing par e-mail. Que vous orchestrant une conf\u00e9rence, un atelier ou une rencontre, vous pouvez \u00eatre assur\u00e9 que le plugin d&rsquo;enregistrement du calendrier et de billets des \u00e9v\u00e9nements WordPress est une solution in\u00e9branlable et ax\u00e9e sur l&rsquo;utilisateur qui rationalise les complexit\u00e9s de la gestion des \u00e9v\u00e9nements et am\u00e9liore consid\u00e9rablement l&rsquo;exp\u00e9rience globale de l&rsquo;utilisateur.<\/p>\n<ul>\n<li>Cr\u00e9er des formulaires d&rsquo;inscription d&rsquo;\u00e9v\u00e9nements personnalis\u00e9s<\/li>\n<li>Accepter les paiements, suivre les participants et g\u00e9n\u00e9rer des rapports<\/li>\n<li>Enti\u00e8rement int\u00e9gr\u00e9 \u00e0 WordPress<\/li>\n<li>Options de billetterie flexibles, y compris les niveaux de prix et les remises multiples<\/li>\n<li>Option pour collecter des informations suppl\u00e9mentaires aupr\u00e8s des participants<\/li>\n<li>Notifications par e-mail pour les nouvelles inscriptions et les achats de billets<\/li>\n<li>Conception sensible au mobile pour une exp\u00e9rience utilisateur sans couture<\/li>\n<li>Interface arri\u00e8re conviviale pour une gestion d&rsquo;\u00e9v\u00e9nements faciles<\/li>\n<li>Int\u00e9gration transparente avec les passerelles de paiement populaires<\/li>\n<li>Diverses options de personnalisation pour l&rsquo;image de marque et la conception.<\/li>\n<\/ul>\n","protected":false},"excerpt":{"rendered":"<p>Le plugin d&rsquo;enregistrement du calendrier et de billets des \u00e9v\u00e9nements WordPress est un outil incroyablement robuste et efficace qui offre aux utilisateurs la possibilit\u00e9 de g\u00e9rer et de promouvoir sans effort divers \u00e9v\u00e9nements sur leur site Web WordPress. Ce plugin exceptionnel vous accorde le pouvoir de fa\u00e7onner les types de billets personnalis\u00e9s, d&rsquo;\u00e9tablir des prix et de la disponibilit\u00e9 et m\u00eame de faciliter les ventes de billets directement sur votre site. De plus, l&rsquo;extraordinaire syst\u00e8me d&rsquo;enregistrement accorde aux clients la possibilit\u00e9 de RSVP et d&rsquo;obtenir par la suite des confirmations et des rappels automatiques, garantissant ainsi une exp\u00e9rience de transparence agr\u00e9able pour les organisateurs d&rsquo;\u00e9v\u00e9nements et les participants. En outre, ce plugin s&rsquo;int\u00e8gre sans effort aux passerelles de paiement populaires et largement utilis\u00e9es, rationalisant ainsi la proc\u00e9dure de traitement des paiements. Que vous entrepreniez l&rsquo;organisation d&rsquo;un atelier modeste ou d&rsquo;une vaste conf\u00e9rence, le plugin d&rsquo;enregistrement du calendrier et de billets des \u00e9v\u00e9nements WordPress poss\u00e8de toutes les caract\u00e9ristiques et fonctionnalit\u00e9s n\u00e9cessaires pour vous assurer que votre \u00e9v\u00e9nement est un triomphe sans \u00e9quivoque.<\/p>\n","protected":false},"featured_media":146107,"comment_status":"open","ping_status":"open","template":"","meta":[],"product_brand":[2435],"product_cat":[1189,1181,1186],"product_tag":[1231],"class_list":{"0":"post-112642","1":"product","2":"type-product","3":"status-publish","4":"has-post-thumbnail","6":"product_brand-codecanyon","7":"product_cat-personnalisation","8":"product_cat-plugins","9":"product_cat-wordpress-plugins","10":"product_tag-codecanyon","11":"member-discount","12":"discount-restricted","14":"first","15":"instock","16":"sale","17":"downloadable","18":"virtual","19":"sold-individually","20":"purchasable","21":"product-type-simple"},"_links":{"self":[{"href":"https:\/\/gpl-love.com\/fr\/wp-json\/wp\/v2\/product\/112642","targetHints":{"allow":["GET"]}}],"collection":[{"href":"https:\/\/gpl-love.com\/fr\/wp-json\/wp\/v2\/product"}],"about":[{"href":"https:\/\/gpl-love.com\/fr\/wp-json\/wp\/v2\/types\/product"}],"replies":[{"embeddable":true,"href":"https:\/\/gpl-love.com\/fr\/wp-json\/wp\/v2\/comments?post=112642"}],"wp:featuredmedia":[{"embeddable":true,"href":"https:\/\/gpl-love.com\/fr\/wp-json\/wp\/v2\/media\/146107"}],"wp:attachment":[{"href":"https:\/\/gpl-love.com\/fr\/wp-json\/wp\/v2\/media?parent=112642"}],"wp:term":[{"taxonomy":"product_brand","embeddable":true,"href":"https:\/\/gpl-love.com\/fr\/wp-json\/wp\/v2\/product_brand?post=112642"},{"taxonomy":"product_cat","embeddable":true,"href":"https:\/\/gpl-love.com\/fr\/wp-json\/wp\/v2\/product_cat?post=112642"},{"taxonomy":"product_tag","embeddable":true,"href":"https:\/\/gpl-love.com\/fr\/wp-json\/wp\/v2\/product_tag?post=112642"}],"curies":[{"name":"wp","href":"https:\/\/api.w.org\/{rel}","templated":true}]}}