{"id":112640,"date":"2023-08-08T00:00:00","date_gmt":"2023-08-07T22:00:00","guid":{"rendered":"http:\/\/gpl-love.com\/fr\/produit\/divi-rocket-caching-plugin-for-divi\/"},"modified":"2026-03-20T23:00:59","modified_gmt":"2026-03-20T22:00:59","slug":"divi-rocket-caching-plugin-for-divi","status":"publish","type":"product","link":"https:\/\/gpl-love.com\/fr\/produit\/divi-rocket-caching-plugin-for-divi\/","title":{"rendered":"Divi Rocket Caching Plugin pour Divi 1.0.50"},"content":{"rendered":"<h3>Divi Rocket Caching Plugin pour Divi Traits<\/h3>\n<p>Le plugin de mise en cache Divi Rocket pour Divi est un outil extr\u00eamement robuste et efficace qui sert \u00e0 acc\u00e9l\u00e9rer le temps de chargement des sites Web pour leurs propri\u00e9taires respectifs. En utilisant ce plugin remarquable, les individus peuvent rationaliser et am\u00e9liorer sans effort les diff\u00e9rents composants de leur site Web, englobant des fichiers, des images et des bases de donn\u00e9es, garantissant ainsi le fonctionnement transparent et rapide de leur plate-forme en ligne. Le plugin est explicitement adapt\u00e9 pour r\u00e9pondre aux exigences uniques du th\u00e8me Divi, rendant ainsi les processus d&rsquo;installation et d&rsquo;utilisation sans effort. Il englobe un \u00e9ventail complet de fonctionnalit\u00e9s, couvrant la compression et la minification des fichiers, l&rsquo;optimisation d&rsquo;image et l&rsquo;optimisation de la base de donn\u00e9es, qui collaborent en synergie pour renforcer les performances de votre site Web. Avec l&rsquo;aide du plugin de mise en cache Divi Rocket pour Divi, vous serez \u00e9quip\u00e9 pour offrir \u00e0 vos visiteurs une exp\u00e9rience de navigation ininterrompue et fluide, augmentant par cons\u00e9quent les niveaux d&rsquo;engagement et les conversions sur votre plate-forme en ligne estim\u00e9e.<\/p>\n<ul>\n<li>Augmente consid\u00e9rablement la vitesse et les performances du site Web<\/li>\n<li>R\u00e9duit les temps de chargement des pages et am\u00e9liore l&rsquo;exp\u00e9rience utilisateur<\/li>\n<li>Cache les fichiers statiques et optimise les requ\u00eates de base de donn\u00e9es pour des performances plus rapides<\/li>\n<li>Compatible avec le th\u00e8me Divi et d&rsquo;autres plugins WordPress populaires<\/li>\n<li>Facile \u00e0 installer et \u00e0 configurer avec une interface conviviale<\/li>\n<li>Comprend des options de mise en cache avanc\u00e9es pour les utilisateurs experts<\/li>\n<li>Am\u00e9liore le classement des moteurs de recherche avec des temps de chargement de page plus rapides<\/li>\n<li>Augmente les temps de r\u00e9ponse du serveur et r\u00e9duit la charge du serveur<\/li>\n<li>Prend en charge les appareils mobiles et de bureau<\/li>\n<li>\u00c9conomise la bande passante et les co\u00fbts d&rsquo;h\u00e9bergement en r\u00e9duisant le nombre de demandes au serveur.<\/li>\n<\/ul>\n","protected":false},"excerpt":{"rendered":"<p>Lib\u00e9rez la puissance de votre site Web Divi avec notre plugin de mise en cache Divi Rocket. Con\u00e7u sp\u00e9cifiquement pour Divi, notre plugin propose une solution de mise en cache avanc\u00e9e qui acc\u00e9l\u00e8re la vitesse de chargement de votre site Web et am\u00e9liore les performances globales. En tirant parti de la mise en cache du navigateur, de l&rsquo;optimisation de la base de donn\u00e9es et des fonctionnalit\u00e9s de pr\u00e9chargement, Divi Rocket assure une exp\u00e9rience utilisateur fluide et transparente. Il propose \u00e9galement la diff\u00e9rence de chargement JS et la compression GZIP, am\u00e9liorant la vitesse de votre site et am\u00e9liorant votre score Google PagesPeed Insights. De plus, il est livr\u00e9 avec une interface intuitive conviviale qui facilite la configuration et la personnalisation de vos besoins. Obtenez le plugin de mise en cache Divi Rocket maintenant et profitez d&rsquo;une performance de site Web plus rapide, plus efficace et consid\u00e9rablement am\u00e9lior\u00e9e.<\/p>\n","protected":false},"featured_media":143550,"comment_status":"open","ping_status":"open","template":"","meta":[],"product_brand":[2512],"product_cat":[1203,1181,1186],"product_tag":[2170],"class_list":{"0":"post-112640","1":"product","2":"type-product","3":"status-publish","4":"has-post-thumbnail","6":"product_brand-divi-space","7":"product_cat-performance","8":"product_cat-plugins","9":"product_cat-wordpress-plugins","10":"product_tag-divi-space","11":"member-discount","12":"discount-restricted","14":"first","15":"instock","16":"sale","17":"downloadable","18":"virtual","19":"sold-individually","20":"purchasable","21":"product-type-simple"},"_links":{"self":[{"href":"https:\/\/gpl-love.com\/fr\/wp-json\/wp\/v2\/product\/112640","targetHints":{"allow":["GET"]}}],"collection":[{"href":"https:\/\/gpl-love.com\/fr\/wp-json\/wp\/v2\/product"}],"about":[{"href":"https:\/\/gpl-love.com\/fr\/wp-json\/wp\/v2\/types\/product"}],"replies":[{"embeddable":true,"href":"https:\/\/gpl-love.com\/fr\/wp-json\/wp\/v2\/comments?post=112640"}],"wp:featuredmedia":[{"embeddable":true,"href":"https:\/\/gpl-love.com\/fr\/wp-json\/wp\/v2\/media\/143550"}],"wp:attachment":[{"href":"https:\/\/gpl-love.com\/fr\/wp-json\/wp\/v2\/media?parent=112640"}],"wp:term":[{"taxonomy":"product_brand","embeddable":true,"href":"https:\/\/gpl-love.com\/fr\/wp-json\/wp\/v2\/product_brand?post=112640"},{"taxonomy":"product_cat","embeddable":true,"href":"https:\/\/gpl-love.com\/fr\/wp-json\/wp\/v2\/product_cat?post=112640"},{"taxonomy":"product_tag","embeddable":true,"href":"https:\/\/gpl-love.com\/fr\/wp-json\/wp\/v2\/product_tag?post=112640"}],"curies":[{"name":"wp","href":"https:\/\/api.w.org\/{rel}","templated":true}]}}