{"id":112638,"date":"2023-05-17T00:00:00","date_gmt":"2023-05-16T22:00:00","guid":{"rendered":"http:\/\/gpl-love.com\/fr\/produit\/ecademy-elementor-lms-and-online-courses-theme\/"},"modified":"2026-03-20T23:02:43","modified_gmt":"2026-03-20T22:02:43","slug":"ecademy-elementor-lms-and-online-courses-theme","status":"publish","type":"product","link":"https:\/\/gpl-love.com\/fr\/produit\/ecademy-elementor-lms-and-online-courses-theme\/","title":{"rendered":"eCademy Elementor LMS et Online Courses Theme 6.1"},"content":{"rendered":"<h3>eCademy Elementor LMS et Online Courses Theme Traits<\/h3>\n<p>Le th\u00e8me Ecoademy Elementor LMS et les cours en ligne, avec son immense pouvoir, est un outil formidable qui r\u00e9pond aux besoins des personnes cherchant \u00e0 \u00e9tablir et superviser les cours en ligne. En vertu de son interface conviviale et de son design instinctif, ce th\u00e8me vous accorde la possibilit\u00e9 de g\u00e9n\u00e9rer des cours et des le\u00e7ons rapidement et sans effort, de surveiller la progression des \u00e9tudiants et m\u00eame de suivre vos cours sur Internet. L&rsquo;int\u00e9gration d&rsquo;Elementor, un constructeur de pages visuelles renomm\u00e9, vous permet de personnaliser pleinement votre site et de fabriquer des conceptions \u00e9blouissantes sans l&rsquo;exigence d&rsquo;une expertise de codage. De plus, augment\u00e9 par ses fonctionnalit\u00e9s d&rsquo;apprentissage en ligne de pointe telles que les quiz, les certificats et le suivi des progr\u00e8s, le th\u00e8me Ecademy Elementor LMS et les cours en ligne appara\u00eet sans \u00e9quivoque comme la solution ultime pour ceux qui aspirent \u00e0 construire un parcours d&rsquo;apprentissage en ligne comp\u00e9tent et fructueux.<\/p>\n<ul>\n<li>Syst\u00e8me de gestion en ligne hautement personnalisable (LMS) et th\u00e8me du cours en ligne<\/li>\n<li>Construit \u00e0 l&rsquo;aide du constructeur de page Elementor, permettant une conception et une personnalisation de disposition faciles<\/li>\n<li>Comprend une vari\u00e9t\u00e9 de pages pr\u00e9-con\u00e7ues et une gamme de dispositions de d\u00e9monstration \u00e0 choisir, ainsi que plusieurs styles de navigation<\/li>\n<li>Propose divers types de poste, y compris des cours, des instructeurs et des \u00e9v\u00e9nements, ainsi que des options pour ajouter des quiz et des affectations \u00e0 chaque cours<\/li>\n<li>S&rsquo;int\u00e8gre parfaitement aux plugins WordPress populaires tels que WooCommerce et LearnDash, permettant des fonctionnalit\u00e9s et des fonctionnalit\u00e9s encore plus robustes<\/li>\n<li>Construit \u00e0 l&rsquo;aide de code propre et efficace, optimis\u00e9 pour les temps de chargement rapide et une exp\u00e9rience utilisateur fluide<\/li>\n<li>Enti\u00e8rement r\u00e9actif et adapt\u00e9 aux mobiles, garantir que vos cours ont fi\u00e8re allure sur n&rsquo;importe quel appareil<\/li>\n<li>Flexible et \u00e9volutif, capable d&rsquo;accueillir \u00e0 la fois des cours individuels \u00e0 petite \u00e9chelle et des acad\u00e9mies en ligne \u00e0 plus grande \u00e9chelle<\/li>\n<li>Documentation compl\u00e8te et \u00e9quipe de support d\u00e9di\u00e9e pour vous aider \u00e0 d\u00e9marrer et \u00e0 r\u00e9soudre les probl\u00e8mes en cours de route.<\/li>\n<\/ul>\n","protected":false},"excerpt":{"rendered":"<p>Ecademy, un th\u00e8me de gestion d&rsquo;apprentissage (LMS) tr\u00e8s puissant et flexible sp\u00e9cialement con\u00e7u pour WordPress, s&rsquo;accompagne du plugin de g\u00e9n\u00e9rateur de page Elementor immens\u00e9ment populaire. Ce th\u00e8me s&rsquo;av\u00e8re \u00eatre un choix id\u00e9al pour les \u00e9tablissements d&rsquo;enseignement, les fournisseurs de cours en ligne, les programmes de formation d&rsquo;entreprise et toute autre plateforme \u00e9ducatif. Offrant une vaste gamme de fonctionnalit\u00e9s, Ecademy simplifie le processus de construction et de supervision des cours en ligne, d&rsquo;administration de quiz et d&rsquo;examens, de gestion des \u00e9tudiants et bien plus encore. De plus, son design \u00e9l\u00e9gant et contemporain garantit une apparence professionnelle et captivante, tout en assurant une navigation conviviale pour les visiteurs de votre site Web. Que vous d\u00e9veloppiez un cours simple ou une plate-forme d&rsquo;apprentissage en ligne complexe, Ecademy sert de solution ultime.<\/p>\n","protected":false},"featured_media":143663,"comment_status":"open","ping_status":"open","template":"","meta":[],"product_brand":[2433],"product_cat":[1516,1212,1213],"product_tag":[1366],"class_list":{"0":"post-112638","1":"product","2":"type-product","3":"status-publish","4":"has-post-thumbnail","6":"product_brand-themeforest","7":"product_cat-entreprise","8":"product_cat-themes","9":"product_cat-wordpress-themes","10":"product_tag-themeforest","11":"member-discount","12":"discount-restricted","14":"first","15":"instock","16":"sale","17":"downloadable","18":"virtual","19":"sold-individually","20":"purchasable","21":"product-type-simple"},"_links":{"self":[{"href":"https:\/\/gpl-love.com\/fr\/wp-json\/wp\/v2\/product\/112638","targetHints":{"allow":["GET"]}}],"collection":[{"href":"https:\/\/gpl-love.com\/fr\/wp-json\/wp\/v2\/product"}],"about":[{"href":"https:\/\/gpl-love.com\/fr\/wp-json\/wp\/v2\/types\/product"}],"replies":[{"embeddable":true,"href":"https:\/\/gpl-love.com\/fr\/wp-json\/wp\/v2\/comments?post=112638"}],"wp:featuredmedia":[{"embeddable":true,"href":"https:\/\/gpl-love.com\/fr\/wp-json\/wp\/v2\/media\/143663"}],"wp:attachment":[{"href":"https:\/\/gpl-love.com\/fr\/wp-json\/wp\/v2\/media?parent=112638"}],"wp:term":[{"taxonomy":"product_brand","embeddable":true,"href":"https:\/\/gpl-love.com\/fr\/wp-json\/wp\/v2\/product_brand?post=112638"},{"taxonomy":"product_cat","embeddable":true,"href":"https:\/\/gpl-love.com\/fr\/wp-json\/wp\/v2\/product_cat?post=112638"},{"taxonomy":"product_tag","embeddable":true,"href":"https:\/\/gpl-love.com\/fr\/wp-json\/wp\/v2\/product_tag?post=112638"}],"curies":[{"name":"wp","href":"https:\/\/api.w.org\/{rel}","templated":true}]}}