{"id":112636,"date":"2026-04-07T00:00:00","date_gmt":"2026-04-06T22:00:00","guid":{"rendered":"http:\/\/gpl-love.com\/fr\/produit\/ultimate-dashboard-pro-plugin\/"},"modified":"2026-04-10T18:44:09","modified_gmt":"2026-04-10T16:44:09","slug":"ultimate-dashboard-pro-plugin","status":"publish","type":"product","link":"https:\/\/gpl-love.com\/fr\/produit\/ultimate-dashboard-pro-plugin\/","title":{"rendered":"Ultimate Dashboard Pro Plugin 3.11.2"},"content":{"rendered":"<h3>Ultimate Dashboard Pro Plugin Traits<\/h3>\n<p>Le plugin Ultimate Dashboard Pro, un outil remarquablement puissant, agit comme un catalyseur pour les utilisateurs de WordPress qui cherchent \u00e0 \u00e9laborer des tableaux de bord personnalis\u00e9s rapidement et sans effort. \u00c9quip\u00e9 d&rsquo;une myriade de widgets et de modules pr\u00e9-con\u00e7us, ce plugin permet aux utilisateurs de infuser de mani\u00e8re transparente le contenu, de g\u00e9rer efficacement les t\u00e2ches et d&rsquo;optimiser les performances de leur site gr\u00e2ce \u00e0 des man\u0153uvres simplifi\u00e9es. Que l&rsquo;on poss\u00e8de une expertise profonde dans le d\u00e9veloppement ou se lance simplement dans son voyage en tant qu&rsquo;utilisateur de n\u00e9ophyte, ce plugin d\u00e9ploie une interface qui navigue sans effort aux utilisateurs \u00e0 travers un large \u00e9ventail de choix de personnalisation adapt\u00e9s \u00e0 leurs conditions sp\u00e9cifiques. Parmi son r\u00e9pertoire de fonctionnalit\u00e9s remarquables, les fonctionnalit\u00e9s de glisser-d\u00e9poser, les options de marque personnalis\u00e9es et les contr\u00f4les d&rsquo;acc\u00e8s se distinguent, ce qui rend le plugin ultime de Dashboard Pro un compagnon indispensable pour les personnes cherchant \u00e0 \u00e9lever la fonctionnalit\u00e9 de leur site WordPress et \u00e0 accro\u00eetre l&rsquo;exp\u00e9rience utilisateur globale.<\/p>\n<ul>\n<li>Conception de tableau de bord rationalis\u00e9e et personnalisable<\/li>\n<li>Acc\u00e8s \u00e0 des analyses d\u00e9taill\u00e9es et des outils de rapports<\/li>\n<li>Int\u00e9gration avec des services et des outils populaires tiers<\/li>\n<li>Interface conviviale pour la navigation sans effort et la gestion des donn\u00e9es<\/li>\n<li>Widgets personnalisables et \u00e9l\u00e9ments de visualisation des donn\u00e9es pour un contr\u00f4le maximum<\/li>\n<li>Fonctionnalit\u00e9 de recherche avanc\u00e9e pour trouver rapidement des donn\u00e9es sp\u00e9cifiques<\/li>\n<li>Possibilit\u00e9 de d\u00e9finir les autorisations des utilisateurs et les contr\u00f4les d&rsquo;acc\u00e8s pour une s\u00e9curit\u00e9 suppl\u00e9mentaire<\/li>\n<li>Mises \u00e0 jour r\u00e9guli\u00e8res et soutien aux am\u00e9liorations continues des performances.<\/li>\n<\/ul>\n","protected":false},"excerpt":{"rendered":"<p>Le plugin Ultimate Dashboard Pro, qui est largement reconnu pour son immense puissance, a \u00e9t\u00e9 sp\u00e9cifiquement d\u00e9velopp\u00e9 pour offrir une assistance inestimable dans la cr\u00e9ation de tableaux de bord WordPress personnalis\u00e9s qui sont adapt\u00e9s pour r\u00e9pondre \u00e0 vos exigences uniques. B\u00e9n\u00e9ficiant d&rsquo;une interface navigable sans effort et avec un \u00e9ventail de fonctionnalit\u00e9s compl\u00e8tes, cet outil remarquable facilite la conception transparente et la gestion efficace de vos widgets, menus et mod\u00e8les de tableau de bord, augmentant ainsi consid\u00e9rablement l&rsquo;exp\u00e9rience globale de l&rsquo;utilisateur. De plus, le plugin vous offre la capacit\u00e9 remarquable de personnaliser vos tableaux de bord d&rsquo;une mani\u00e8re qui s&rsquo;adresse aux utilisateurs individuels ou aux groupes d&rsquo;utilisateurs, rendant ainsi la t\u00e2che ardue de superviser plusieurs sites Web une brise absolue. Pr\u00e9parez-vous \u00e0 assister \u00e0 une transformation \u00e9tonnante alors que votre tableau de bord Wordpress pr\u00e9c\u00e9demment encombr\u00e9 et d\u00e9sorganis\u00e9 se transforme miraculeusement en un espace de travail impeccablement organis\u00e9 et extr\u00eamement efficace, gracieuset\u00e9 du plugin extraordinaire Ultimate Dashboard Pro.<\/p>\n","protected":false},"featured_media":145633,"comment_status":"open","ping_status":"open","template":"","meta":[],"product_brand":[2678],"product_cat":[1187,1181,1186],"product_tag":[1798],"class_list":{"0":"post-112636","1":"product","2":"type-product","3":"status-publish","4":"has-post-thumbnail","6":"product_brand-ultimate-dashboard","7":"product_cat-administration-wordpress-plugins","8":"product_cat-plugins","9":"product_cat-wordpress-plugins","10":"product_tag-ultimate-dashboard","11":"member-discount","12":"discount-restricted","14":"first","15":"instock","16":"sale","17":"downloadable","18":"virtual","19":"sold-individually","20":"purchasable","21":"product-type-simple"},"_links":{"self":[{"href":"https:\/\/gpl-love.com\/fr\/wp-json\/wp\/v2\/product\/112636","targetHints":{"allow":["GET"]}}],"collection":[{"href":"https:\/\/gpl-love.com\/fr\/wp-json\/wp\/v2\/product"}],"about":[{"href":"https:\/\/gpl-love.com\/fr\/wp-json\/wp\/v2\/types\/product"}],"replies":[{"embeddable":true,"href":"https:\/\/gpl-love.com\/fr\/wp-json\/wp\/v2\/comments?post=112636"}],"wp:featuredmedia":[{"embeddable":true,"href":"https:\/\/gpl-love.com\/fr\/wp-json\/wp\/v2\/media\/145633"}],"wp:attachment":[{"href":"https:\/\/gpl-love.com\/fr\/wp-json\/wp\/v2\/media?parent=112636"}],"wp:term":[{"taxonomy":"product_brand","embeddable":true,"href":"https:\/\/gpl-love.com\/fr\/wp-json\/wp\/v2\/product_brand?post=112636"},{"taxonomy":"product_cat","embeddable":true,"href":"https:\/\/gpl-love.com\/fr\/wp-json\/wp\/v2\/product_cat?post=112636"},{"taxonomy":"product_tag","embeddable":true,"href":"https:\/\/gpl-love.com\/fr\/wp-json\/wp\/v2\/product_tag?post=112636"}],"curies":[{"name":"wp","href":"https:\/\/api.w.org\/{rel}","templated":true}]}}