{"id":112625,"date":"2026-01-24T00:00:00","date_gmt":"2026-01-23T23:00:00","guid":{"rendered":"http:\/\/gpl-love.com\/fr\/produit\/traveler-travel-booking-wordpress-theme\/"},"modified":"2026-04-10T18:43:52","modified_gmt":"2026-04-10T16:43:52","slug":"traveler-travel-booking-wordpress-theme","status":"publish","type":"product","link":"https:\/\/gpl-love.com\/fr\/produit\/traveler-travel-booking-wordpress-theme\/","title":{"rendered":"Traveler Travel Booking WordPress Theme 3.2.8"},"content":{"rendered":"<h3>Traveler Travel Booking WordPress Theme Traits<\/h3>\n<p>Le th\u00e8me WordPress Traveler Travel Booking se pr\u00e9sente comme la solution ultime pour les agences de voyage, les voyagistes et les blogueurs de voyage, cherchant \u00e0 exposer leurs services dans le vaste domaine en ligne. Ce th\u00e8me poss\u00e8de un niveau remarquable de convivialit\u00e9, coupl\u00e9 \u00e0 une vaste gamme d&rsquo;options de personnalisation, garantissant la cr\u00e9ation d&rsquo;un site Web distinctif et poli. De plus, sa r\u00e9activit\u00e9 compl\u00e8te et sa compatibilit\u00e9 entre tous les navigateurs Web importants certifient que votre site d\u00e9gagera de la magnificence sur chaque appareil imaginable. Notamment, ce th\u00e8me englobe \u00e9galement un syst\u00e8me de r\u00e9servation remarquable qui permet \u00e0 vos clients estim\u00e9s de r\u00e9server directement leurs voyages souhait\u00e9s via votre propre site Web. \u00c9quip\u00e9e de ses fonctionnalit\u00e9s ing\u00e9nieuses et avanc\u00e9es, ainsi que de son interface navigable sans effort, le th\u00e8me WordPress de r\u00e9servation de voyage Traveler est incontest\u00e9 comme le choix optimal pour quiconque d\u00e9sire de construire un site Web de voyage \u00e0 succ\u00e8s triomphalement r\u00e9ussi.<\/p>\n<ul>\n<li>Conception r\u00e9active pour une visualisation optimale sur tous les appareils<\/li>\n<li>Page d&rsquo;accueil personnalisable avec g\u00e9n\u00e9rateur de page Drag and Drop<\/li>\n<li>Syst\u00e8me de r\u00e9servation int\u00e9gr\u00e9 avec des options de passerelle de paiement<\/li>\n<li>Options de recherche avanc\u00e9es pour les vols, l&rsquo;h\u00e9bergement et les activit\u00e9s<\/li>\n<li>Installation de d\u00e9monstration en un clic pour une configuration facile<\/li>\n<li>Support multi-langues pour les voyageurs mondiaux<\/li>\n<li>Int\u00e9gration avec des sites de voyage populaires pour une importation de contenu facile<\/li>\n<li>Types de publication personnalis\u00e9s pour les itin\u00e9raires de voyage, les t\u00e9moignages et les membres de l&rsquo;\u00e9quipe<\/li>\n<li>Partage des m\u00e9dias sociaux et int\u00e9gration pour une visibilit\u00e9 accrue<\/li>\n<li>Le r\u00e9f\u00e9rencement optimis\u00e9 pour un meilleur classement des moteurs de recherche.<\/li>\n<\/ul>\n","protected":false},"excerpt":{"rendered":"<p>Le th\u00e8me WordPress de r\u00e9servation de voyage Traveler est une solution impeccable pour les personnes cherchant \u00e0 \u00e9tablir un site Web sophistiqu\u00e9 et raffin\u00e9 pour leur entreprise de voyage. Ce th\u00e8me remarquable offre aux utilisateurs la possibilit\u00e9 de montrer sans effort leur \u00e9ventail de forfaits de voyage, d&rsquo;h\u00e9bergement et d&rsquo;excursions, facilitant ainsi les clients en r\u00e9servant de mani\u00e8re transparente leurs efforts \u00e0 venir avec la plus grande commodit\u00e9 gr\u00e2ce \u00e0 une poign\u00e9e de clics de souris. Incarnant une personnalisation compl\u00e8te, une conception d&rsquo;avant-garde et une abondance d&rsquo;outils et de fonctionnalit\u00e9s robustes, ce th\u00e8me est pr\u00eat \u00e0 r\u00e9pondre \u00e0 tous vos pr\u00e9requis de r\u00e9servation de voyage.<\/p>\n","protected":false},"featured_media":145612,"comment_status":"open","ping_status":"open","template":"","meta":[],"product_brand":[2433],"product_cat":[1558,1212,1213],"product_tag":[1366],"class_list":{"0":"post-112625","1":"product","2":"type-product","3":"status-publish","4":"has-post-thumbnail","6":"product_brand-themeforest","7":"product_cat-hotel-resort","8":"product_cat-themes","9":"product_cat-wordpress-themes","10":"product_tag-themeforest","11":"member-discount","12":"discount-restricted","14":"first","15":"instock","16":"sale","17":"downloadable","18":"virtual","19":"sold-individually","20":"purchasable","21":"product-type-simple"},"_links":{"self":[{"href":"https:\/\/gpl-love.com\/fr\/wp-json\/wp\/v2\/product\/112625","targetHints":{"allow":["GET"]}}],"collection":[{"href":"https:\/\/gpl-love.com\/fr\/wp-json\/wp\/v2\/product"}],"about":[{"href":"https:\/\/gpl-love.com\/fr\/wp-json\/wp\/v2\/types\/product"}],"replies":[{"embeddable":true,"href":"https:\/\/gpl-love.com\/fr\/wp-json\/wp\/v2\/comments?post=112625"}],"wp:featuredmedia":[{"embeddable":true,"href":"https:\/\/gpl-love.com\/fr\/wp-json\/wp\/v2\/media\/145612"}],"wp:attachment":[{"href":"https:\/\/gpl-love.com\/fr\/wp-json\/wp\/v2\/media?parent=112625"}],"wp:term":[{"taxonomy":"product_brand","embeddable":true,"href":"https:\/\/gpl-love.com\/fr\/wp-json\/wp\/v2\/product_brand?post=112625"},{"taxonomy":"product_cat","embeddable":true,"href":"https:\/\/gpl-love.com\/fr\/wp-json\/wp\/v2\/product_cat?post=112625"},{"taxonomy":"product_tag","embeddable":true,"href":"https:\/\/gpl-love.com\/fr\/wp-json\/wp\/v2\/product_tag?post=112625"}],"curies":[{"name":"wp","href":"https:\/\/api.w.org\/{rel}","templated":true}]}}