{"id":112623,"date":"2026-03-02T00:00:00","date_gmt":"2026-03-01T23:00:00","guid":{"rendered":"http:\/\/gpl-love.com\/fr\/produit\/woffice-intranetextranet-wordpress-theme\/"},"modified":"2026-04-10T18:45:48","modified_gmt":"2026-04-10T16:45:48","slug":"woffice-intranetextranet-wordpress-theme","status":"publish","type":"product","link":"https:\/\/gpl-love.com\/fr\/produit\/woffice-intranetextranet-wordpress-theme\/","title":{"rendered":"Woffice Intranet Extranet WordPress Theme 5.4.34"},"content":{"rendered":"<h3>Woffice Intranet Extranet WordPress Theme Traits<\/h3>\n<p>Le th\u00e8me WordPress de Woffice Intranet Extranet, r\u00e9put\u00e9 pour sa fonctionnalit\u00e9 \u00e9lev\u00e9e et sa polyvalence, sert de plate-forme exceptionnelle pour les entreprises et les organisations afin de g\u00e9rer efficacement leurs intranets et extranets. Ce th\u00e8me offre une large gamme de fonctionnalit\u00e9s personnalisables et d&rsquo;outils robustes qui permettent aux utilisateurs de construire et de superviser sans effort leurs syst\u00e8mes intranet ou Extranet personnalis\u00e9s, englobant tout, de la gestion de projet au partage de fichiers en passant par les installations de communication et de collaboration. B\u00e9n\u00e9ficiant d&rsquo;une interface conviviale et d&rsquo;un \u00e9ventail de choix de personnalisation, le th\u00e8me WordPress Wordpress WOffice Intranet Extranet appara\u00eet comme la solution optimale pour les entreprises et les institutions cherchant \u00e0 rationaliser leurs processus internes et \u00e0 \u00e9lever leur efficacit\u00e9 et leur productivit\u00e9 globales \u00e0 des hauteurs sans pr\u00e9c\u00e9dent.<\/p>\n<ul>\n<li>Th\u00e8me intranet et Extranet High-personnalisable WordPress<\/li>\n<li>Conception conviviale avec navigation intuitive<\/li>\n<li>Int\u00e9gration transparente avec des plugins populaires comme Buddypress et BBPress<\/li>\n<li>Fonctionnalit\u00e9s int\u00e9gr\u00e9es pour g\u00e9rer les t\u00e2ches commerciales, telles que les outils de gestion de projet et le r\u00e9pertoire des employ\u00e9s<\/li>\n<li>Conception sensible au mobile pour un acc\u00e8s en d\u00e9placement<\/li>\n<li>Capacit\u00e9s multilingues pour soutenir les \u00e9quipes mondiales<\/li>\n<li>Compatible avec les navigateurs populaires et les versions WordPress<\/li>\n<li>Mises \u00e0 jour r\u00e9guli\u00e8res et soutien de l&rsquo;\u00e9quipe des d\u00e9veloppeurs<\/li>\n<li>Options de tarification flexibles pour diff\u00e9rents besoins commerciaux<\/li>\n<li>Une solution fiable pour cr\u00e9er un espace de travail en ligne s\u00e9curis\u00e9 et collaboratif.<\/li>\n<\/ul>\n","protected":false},"excerpt":{"rendered":"<p>Le th\u00e8me WordPress WordPress WOffice Intranet Extranet est une option hautement recommand\u00e9e si vous \u00eates \u00e0 la recherche d&rsquo;une solution intranet ou Extranet puissante et polyvalente pour votre entreprise. Ce th\u00e8me particulier, qui peut \u00eatre personnalis\u00e9 selon vos pr\u00e9f\u00e9rences, a \u00e9t\u00e9 m\u00e9ticuleusement con\u00e7u pour s&rsquo;int\u00e9grer de mani\u00e8re transparente \u00e0 WordPress. En cons\u00e9quence, il offre aux utilisateurs une interface robuste et remarquablement conviviale qui permet la cr\u00e9ation d&rsquo;une plate-forme intranet ou Extranet professionnelle et riche en fonctionnalit\u00e9s dans une p\u00e9riode de temps remarquablement courte. B\u00e9n\u00e9ficiant d&rsquo;une gamme d&rsquo;outils puissants pour la gestion des utilisateurs, la cr\u00e9ation de contenu et le partage de fichiers, Woffice est la r\u00e9ponse ultime pour les entreprises qui n\u00e9cessitent une collaboration plus efficace et efficace. Que vous cherchiez \u00e0 am\u00e9liorer la communication interne, \u00e0 rationaliser les workflows ou \u00e0 optimiser la collaboration d&rsquo;\u00e9quipe, le th\u00e8me WordPress de Woffice Intranet Extranet est sans aucun doute un choix exceptionnel capable de vous aider dans la r\u00e9alisation de vos objectifs.<\/p>\n","protected":false},"featured_media":145776,"comment_status":"open","ping_status":"open","template":"","meta":[],"product_brand":[2433],"product_cat":[1214,1212,1213],"product_tag":[1366],"class_list":{"0":"post-112623","1":"product","2":"type-product","3":"status-publish","4":"has-post-thumbnail","6":"product_brand-themeforest","7":"product_cat-polyvalent","8":"product_cat-themes","9":"product_cat-wordpress-themes","10":"product_tag-themeforest","11":"member-discount","12":"discount-restricted","14":"first","15":"instock","16":"sale","17":"downloadable","18":"virtual","19":"sold-individually","20":"purchasable","21":"product-type-simple"},"_links":{"self":[{"href":"https:\/\/gpl-love.com\/fr\/wp-json\/wp\/v2\/product\/112623","targetHints":{"allow":["GET"]}}],"collection":[{"href":"https:\/\/gpl-love.com\/fr\/wp-json\/wp\/v2\/product"}],"about":[{"href":"https:\/\/gpl-love.com\/fr\/wp-json\/wp\/v2\/types\/product"}],"replies":[{"embeddable":true,"href":"https:\/\/gpl-love.com\/fr\/wp-json\/wp\/v2\/comments?post=112623"}],"wp:featuredmedia":[{"embeddable":true,"href":"https:\/\/gpl-love.com\/fr\/wp-json\/wp\/v2\/media\/145776"}],"wp:attachment":[{"href":"https:\/\/gpl-love.com\/fr\/wp-json\/wp\/v2\/media?parent=112623"}],"wp:term":[{"taxonomy":"product_brand","embeddable":true,"href":"https:\/\/gpl-love.com\/fr\/wp-json\/wp\/v2\/product_brand?post=112623"},{"taxonomy":"product_cat","embeddable":true,"href":"https:\/\/gpl-love.com\/fr\/wp-json\/wp\/v2\/product_cat?post=112623"},{"taxonomy":"product_tag","embeddable":true,"href":"https:\/\/gpl-love.com\/fr\/wp-json\/wp\/v2\/product_tag?post=112623"}],"curies":[{"name":"wp","href":"https:\/\/api.w.org\/{rel}","templated":true}]}}