{"id":112621,"date":"2026-02-06T00:00:00","date_gmt":"2026-02-05T23:00:00","guid":{"rendered":"http:\/\/gpl-love.com\/fr\/produit\/shopme-multi-vendor-woocommerce-wordpress-theme\/"},"modified":"2026-04-10T18:39:36","modified_gmt":"2026-04-10T16:39:36","slug":"shopme-multi-vendor-woocommerce-wordpress-theme","status":"publish","type":"product","link":"https:\/\/gpl-love.com\/fr\/produit\/shopme-multi-vendor-woocommerce-wordpress-theme\/","title":{"rendered":"ShopMe Multi Vendor Woocommerce WordPress Theme 1.6.4"},"content":{"rendered":"<h3>ShopMe Multi Vendor Woocommerce WordPress Theme Traits<\/h3>\n<p>Con\u00e7u sp\u00e9cifiquement pour les entrepreneurs en ligne cherchant \u00e0 \u00e9tablir et \u00e0 superviser un march\u00e9 multi-fournisseur, le th\u00e8me WordPress WOOCOMMERCE WOOCOMMERCE SHOPME est une solution de commerce \u00e9lectronique incroyablement robuste et technologiquement avanc\u00e9. B\u00e9n\u00e9ficiant d&rsquo;une impressionnante gamme de fonctionnalit\u00e9s et de fonctionnalit\u00e9s, ce th\u00e8me offre une interface tr\u00e8s intuitive et conviviale grouillant d&rsquo;une vaste gamme d&rsquo;options de personnalisation pour permettre la cr\u00e9ation d&rsquo;une exp\u00e9rience d&rsquo;achat vraiment unique et captivante pour vos pr\u00e9cieux clients. De plus, la conception r\u00e9active de ce th\u00e8me garantit que votre site Web maintient non seulement son attrait esth\u00e9tique, mais fonctionne \u00e9galement impeccablement sur tous les appareils. En outre, l&rsquo;inclusion de fonctionnalit\u00e9s de pointe telles que plusieurs passerelles de paiement, des outils de gestion des fournisseurs efficaces et un formidable moteur de recherche rend le th\u00e8me WordPress WOOCOMMERCE WOOCOMMERCE WORDPRESS un choix exceptionnellement convaincant pour tous ceux qui cherchent \u00e0 construire un march\u00e9 en ligne prosp\u00e8re et florent.<\/p>\n<ul>\n<li>Un th\u00e8me de commerce \u00e9lectronique enti\u00e8rement personnalisable et multi-fournisseur pour WooCommerce et WordPress<\/li>\n<li>Livr\u00e9 avec un support int\u00e9gr\u00e9 pour plusieurs fournisseurs, permettant aux entreprises de cr\u00e9er et de g\u00e9rer leurs propres vitrines dans votre site Web de commerce \u00e9lectronique<\/li>\n<li>La conception de sites Web intuitive et conviviale garantit que les clients auront une exp\u00e9rience de magasinage en douceur, tandis que les fournisseurs auront un processus rationalis\u00e9 pour t\u00e9l\u00e9charger et vendre leurs produits<\/li>\n<li>Des fonctionnalit\u00e9s incluses telles que les listes de produits en vrac, les rapports et l&rsquo;analyse sp\u00e9cifiques aux fournisseurs, et les outils de gestion de l&rsquo;exp\u00e9dition rendent la gestion d&rsquo;un march\u00e9 multi-vendeur simple et efficace<\/li>\n<li>Des \u00e9l\u00e9ments de conception personnalisables, dont plus de 20 mises en page pr\u00e9-construites et une vari\u00e9t\u00e9 de sch\u00e9mas de couleurs et d&rsquo;options de police, donnez \u00e0 votre site Web un look unique et professionnel<\/li>\n<li>L&rsquo;int\u00e9gration avec des plugins populaires, tels que Yoast SEO et le formulaire de contact 7, am\u00e9liorez davantage la fonctionnalit\u00e9 et les capacit\u00e9s de votre site Web<\/li>\n<li>Les ressources d\u00e9di\u00e9es de support et de documentation vous assurent que vous pouvez facilement configurer et profiter du th\u00e8me WordPress WooCommerce de ShopMe.<\/li>\n<\/ul>\n","protected":false},"excerpt":{"rendered":"<p>ShopMe, un th\u00e8me WooCommerce WordPress, est r\u00e9put\u00e9 pour sa r\u00e9activit\u00e9 exceptionnelle et son interface conviviale, ce qui en fait un choix id\u00e9al pour ceux qui cherchent \u00e0 \u00e9tablir des march\u00e9s en ligne, des magasins multi-fournisseurs et des sites Web de commerce \u00e9lectronique. B\u00e9n\u00e9ficiant d&rsquo;une pl\u00e9thore d&rsquo;attributs remarquables tels qu&rsquo;un compositeur visuel, des widgets personnalisables, une int\u00e9gration transparente avec les plateformes de m\u00e9dias sociaux, un large \u00e9ventail d&rsquo;options de paiement flexibles, une optimisation de r\u00e9f\u00e9rencement de premier ordre et un syst\u00e8me de r\u00e9servation r\u00e9silient, Shopme garantit que les marchands ont tous Outils \u00e0 leur disposition pour \u00e9tablir rapidement et sans effort une boutique en ligne. De plus, ce th\u00e8me est compatible avec tous les appareils, garantissant une exp\u00e9rience de magasinage transparente et d\u00e9licieuse pour les clients.<\/p>\n","protected":false},"featured_media":145244,"comment_status":"open","ping_status":"open","template":"","meta":[],"product_brand":[2433],"product_cat":[1238,1851,1212],"product_tag":[1366],"class_list":{"0":"post-112621","1":"product","2":"type-product","3":"status-publish","4":"has-post-thumbnail","6":"product_brand-themeforest","7":"product_cat-commerce-electronique-themes","8":"product_cat-entreprise-commerce-electronique-themes","9":"product_cat-themes","10":"product_tag-themeforest","11":"member-discount","12":"discount-restricted","14":"first","15":"instock","16":"sale","17":"downloadable","18":"virtual","19":"sold-individually","20":"purchasable","21":"product-type-simple"},"_links":{"self":[{"href":"https:\/\/gpl-love.com\/fr\/wp-json\/wp\/v2\/product\/112621","targetHints":{"allow":["GET"]}}],"collection":[{"href":"https:\/\/gpl-love.com\/fr\/wp-json\/wp\/v2\/product"}],"about":[{"href":"https:\/\/gpl-love.com\/fr\/wp-json\/wp\/v2\/types\/product"}],"replies":[{"embeddable":true,"href":"https:\/\/gpl-love.com\/fr\/wp-json\/wp\/v2\/comments?post=112621"}],"wp:featuredmedia":[{"embeddable":true,"href":"https:\/\/gpl-love.com\/fr\/wp-json\/wp\/v2\/media\/145244"}],"wp:attachment":[{"href":"https:\/\/gpl-love.com\/fr\/wp-json\/wp\/v2\/media?parent=112621"}],"wp:term":[{"taxonomy":"product_brand","embeddable":true,"href":"https:\/\/gpl-love.com\/fr\/wp-json\/wp\/v2\/product_brand?post=112621"},{"taxonomy":"product_cat","embeddable":true,"href":"https:\/\/gpl-love.com\/fr\/wp-json\/wp\/v2\/product_cat?post=112621"},{"taxonomy":"product_tag","embeddable":true,"href":"https:\/\/gpl-love.com\/fr\/wp-json\/wp\/v2\/product_tag?post=112621"}],"curies":[{"name":"wp","href":"https:\/\/api.w.org\/{rel}","templated":true}]}}