{"id":112619,"date":"2022-03-19T00:00:00","date_gmt":"2022-03-18T23:00:00","guid":{"rendered":"http:\/\/gpl-love.com\/fr\/produit\/topdeal-multi-vendor-marketplace-wordpress-theme\/"},"modified":"2026-04-10T18:43:40","modified_gmt":"2026-04-10T16:43:40","slug":"topdeal-multi-vendor-marketplace-wordpress-theme","status":"publish","type":"product","link":"https:\/\/gpl-love.com\/fr\/produit\/topdeal-multi-vendor-marketplace-wordpress-theme\/","title":{"rendered":"TopDeal Multi Vendor Marketplace WordPress Theme 2.3.3"},"content":{"rendered":"<h3>TopDeal Multi Vendor Marketplace WordPress Theme Traits<\/h3>\n<p>Le th\u00e8me WordPress du march\u00e9 multi-fournisseur Topdeal, poss\u00e9dant une pl\u00e9thore de fonctionnalit\u00e9s et de personnalisations, sert d&rsquo;outil incroyablement puissant et polyvalent pour ceux qui visaient \u00e0 \u00e9tablir un march\u00e9 en ligne. Les utilisateurs peuvent g\u00e9rer sans effort plusieurs fournisseurs et produits, tout au long d&rsquo;une seule plate-forme, gr\u00e2ce \u00e0 la gamme compl\u00e8te d&rsquo;attributs de ce th\u00e8me. De plus, la r\u00e9activit\u00e9 compl\u00e8te du th\u00e8me garantit que votre march\u00e9 rayonnera l&rsquo;excellence sur quel l&rsquo;appareil il est accessible. Avec son interface conviviale et ses outils administratifs robustes, TopDeal se distingue comme un choix id\u00e9al pour les individus qui s&rsquo;efforcent de se lancer dans leur parcours personnel en ligne sur le march\u00e9. Peu importe si vous \u00eates un propri\u00e9taire d&rsquo;entreprise \u00e0 petite \u00e9chelle, un entrepreneur d\u00e9termin\u00e9 ou une personne qui s&rsquo;efforce simplement de favoriser une communaut\u00e9 en ligne florissante, le th\u00e8me WordPress du march\u00e9 multi-fournisseur Topdeal est sans \u00e9quivoque capable de vous aider \u00e0 atteindre vos aspirations.<\/p>\n<ul>\n<li>TH\u00c8ME DE MARCHEMENT MULTI-VENDEUR PLUS\u00c9RILE ET AVEC UN VERSATIVE pour WordPress<\/li>\n<li>Prend en charge plusieurs passerelles de paiement pour rendre les transactions sans couture pour les fournisseurs et les acheteurs<\/li>\n<li>Emball\u00e9 avec des fonctionnalit\u00e9s puissantes pour assurer une manipulation en douceur de votre march\u00e9, y compris la gestion des commandes, les commissions des fournisseurs et les revues de produits<\/li>\n<li>Enti\u00e8rement r\u00e9actif et optimis\u00e9 par le mobile, permettant aux acheteurs de magasiner facilement \u00e0 partir de leurs appareils mobiles<\/li>\n<li>Livr\u00e9 avec 10 dispositions de page d&rsquo;accueil pr\u00e9-con\u00e7ues qui peuvent \u00eatre facilement personnalis\u00e9es pour correspondre \u00e0 l&rsquo;esth\u00e9tique et \u00e0 la marque de votre march\u00e9<\/li>\n<li>Construit avec l&rsquo;optimisation SEO \u00e0 l&rsquo;esprit pour aider \u00e0 stimuler la visibilit\u00e9 de votre march\u00e9 et la pr\u00e9sence en ligne de votre march\u00e9<\/li>\n<li>Offre des fonctionnalit\u00e9s de recherche avanc\u00e9es et des filtres, permettant aux acheteurs de trouver facilement ce qu&rsquo;ils recherchent<\/li>\n<li>Fournit des analyses et des rapports d\u00e9taill\u00e9s, y compris les rapports de vente, les rapports de commission et les rapports de performance des fournisseurs, pour vous aider \u00e0 suivre les performances de votre march\u00e9<\/li>\n<li>S&rsquo;int\u00e8gre parfaitement aux plugins WordPress populaires comme WooCommerce et Yith pour \u00e9tendre les fonctionnalit\u00e9s de votre march\u00e9<\/li>\n<li>Offre un support client et une documentation exceptionnels pour vous aider \u00e0 tirer le meilleur parti du th\u00e8me.<\/li>\n<\/ul>\n","protected":false},"excerpt":{"rendered":"<p>Le th\u00e8me WordPress du march\u00e9 multi-fournisseur Topdeal est une solution de commerce \u00e9lectronique tr\u00e8s polyvalente et incroyablement robuste qui r\u00e9pond \u00e0 la cr\u00e9ation d&rsquo;un march\u00e9 multi-vendeurs. Il permet aux utilisateurs la possibilit\u00e9 d&rsquo;\u00e9tablir sans effort une boutique en ligne qui accueille plusieurs fournisseurs, ce qui le rend un choix incroyablement attrayant pour les aspirants entrepreneurs cherchant \u00e0 se lancer dans leurs propres entreprises en ligne lucratives. B\u00e9n\u00e9ficiant d&rsquo;une interface qui d\u00e9gage de la convivialit\u00e9 des utilisateurs, d&rsquo;une gamme d&rsquo;options de conception personnalisables et d&rsquo;un assortiment de fonctionnalit\u00e9s avanc\u00e9es telles que les avis de produits, les syst\u00e8mes de notation et les commissions des vendeurs, le th\u00e8me Topdeal Multi Vendor Marketplace se r\u00e9v\u00e8le \u00eatre la difficult\u00e9 d&rsquo;excellence lorsque Il s&rsquo;agit de la cr\u00e9ation de march\u00e9s professionnels en ligne conviviaux.<\/p>\n","protected":false},"featured_media":145596,"comment_status":"open","ping_status":"open","template":"","meta":[],"product_brand":[2433],"product_cat":[1238,1851,1212],"product_tag":[1366],"class_list":{"0":"post-112619","1":"product","2":"type-product","3":"status-publish","4":"has-post-thumbnail","6":"product_brand-themeforest","7":"product_cat-commerce-electronique-themes","8":"product_cat-entreprise-commerce-electronique-themes","9":"product_cat-themes","10":"product_tag-themeforest","11":"member-discount","12":"discount-restricted","14":"first","15":"instock","16":"sale","17":"downloadable","18":"virtual","19":"sold-individually","20":"purchasable","21":"product-type-simple"},"_links":{"self":[{"href":"https:\/\/gpl-love.com\/fr\/wp-json\/wp\/v2\/product\/112619","targetHints":{"allow":["GET"]}}],"collection":[{"href":"https:\/\/gpl-love.com\/fr\/wp-json\/wp\/v2\/product"}],"about":[{"href":"https:\/\/gpl-love.com\/fr\/wp-json\/wp\/v2\/types\/product"}],"replies":[{"embeddable":true,"href":"https:\/\/gpl-love.com\/fr\/wp-json\/wp\/v2\/comments?post=112619"}],"wp:featuredmedia":[{"embeddable":true,"href":"https:\/\/gpl-love.com\/fr\/wp-json\/wp\/v2\/media\/145596"}],"wp:attachment":[{"href":"https:\/\/gpl-love.com\/fr\/wp-json\/wp\/v2\/media?parent=112619"}],"wp:term":[{"taxonomy":"product_brand","embeddable":true,"href":"https:\/\/gpl-love.com\/fr\/wp-json\/wp\/v2\/product_brand?post=112619"},{"taxonomy":"product_cat","embeddable":true,"href":"https:\/\/gpl-love.com\/fr\/wp-json\/wp\/v2\/product_cat?post=112619"},{"taxonomy":"product_tag","embeddable":true,"href":"https:\/\/gpl-love.com\/fr\/wp-json\/wp\/v2\/product_tag?post=112619"}],"curies":[{"name":"wp","href":"https:\/\/api.w.org\/{rel}","templated":true}]}}