{"id":112615,"date":"2025-12-28T00:00:00","date_gmt":"2025-12-27T23:00:00","guid":{"rendered":"http:\/\/gpl-love.com\/fr\/produit\/mylisting-directory-and-listing-wordpress-theme\/"},"modified":"2026-03-20T23:26:25","modified_gmt":"2026-03-20T22:26:25","slug":"mylisting-directory-and-listing-wordpress-theme","status":"publish","type":"product","link":"https:\/\/gpl-love.com\/fr\/produit\/mylisting-directory-and-listing-wordpress-theme\/","title":{"rendered":"MyListing Directory et Listing WordPress Theme 2.13"},"content":{"rendered":"<h3>MyListing Directory et Listing WordPress Theme Traits<\/h3>\n<p>Le r\u00e9pertoire MyListing et le th\u00e8me WordPress r\u00e9pertoriant est un outil incroyablement robuste et polyvalent qui permet aux utilisateurs de cr\u00e9er sans effort des r\u00e9pertoires en ligne dynamiques ou de r\u00e9pertorier des sites Web. Avec sa conception de pointe et visuellement captivante, ce th\u00e8me offre aux utilisateurs la flexibilit\u00e9 et la libert\u00e9 de personnaliser tous les aspects de leur site Web, garantissant une pr\u00e9sence en ligne vraiment unique et align\u00e9e sur la marque. Notamment, MyListing est \u00e9quip\u00e9 d&rsquo;une vaste gamme de mod\u00e8les et de d\u00e9mos pr\u00e9fabriqu\u00e9s, permettant aux utilisateurs d&rsquo;importer et de personnaliser sans effort leur site Web pour r\u00e9pondre \u00e0 leurs pr\u00e9f\u00e9rences et exigences sp\u00e9cifiques. De plus, ce th\u00e8me poss\u00e8de une pl\u00e9thore de fonctionnalit\u00e9s, y compris des filtres de recherche avanc\u00e9s, des profils d&rsquo;utilisateurs, la gestion des annonces et l&rsquo;int\u00e9gration de paiement transparent, permettant aux utilisateurs de mon\u00e9tiser sans effort leur site Web et de g\u00e9n\u00e9rer des revenus. De plus, Myslisting est fier de fournir un soutien in\u00e9gal\u00e9 et une documentation compl\u00e8te, ce qui en fait le choix id\u00e9al pour les individus s&rsquo;aventurant dans le monde du WordPress ou de la construction d&rsquo;annuaire en ligne. Avec ses fonctionnalit\u00e9s in\u00e9gal\u00e9es, son interface conviviale et son support in\u00e9gal\u00e9, le r\u00e9pertoire MyListing et le th\u00e8me WordPress r\u00e9pertoriant est le choix ultime pour ceux qui cherchent \u00e0 \u00e9laborer un r\u00e9pertoire en ligne ou un site Web en ligne poli, professionnel et de mani\u00e8re transparente.<\/p>\n<ul>\n<li>MyListing est un r\u00e9pertoire polyvalent et le th\u00e8me WordPress r\u00e9pertoriant con\u00e7u pour cr\u00e9er une vari\u00e9t\u00e9 de sites Web.<\/li>\n<li>Ce th\u00e8me est livr\u00e9 avec plusieurs d\u00e9mos et mod\u00e8les pr\u00e9d\u00e9finis, vous permettant de cr\u00e9er rapidement et facilement un site Web d&rsquo;aspect professionnel.<\/li>\n<li>Avec les constructeurs de pages glisser-d\u00e9poser et les champs personnalisables, vous pouvez facilement adapter vos annonces en fonction des besoins de votre entreprise.<\/li>\n<li>Les options de filtrage avanc\u00e9 permettent aux visiteurs de trouver exactement ce qu&rsquo;ils recherchent, d&rsquo;am\u00e9liorer leur exp\u00e9rience et de les garder engag\u00e9s.<\/li>\n<li>L&rsquo;int\u00e9gration avec des plugins populaires comme WooCommerce et le formulaire de contact 7 facilitent l&rsquo;ajouter des fonctionnalit\u00e9s de commerce \u00e9lectronique ou de contact \u00e0 votre site Web.<\/li>\n<li>MyListing est enti\u00e8rement r\u00e9actif, garantissant que votre site Web a fi\u00e8re allure sur tous les appareils, des ordinateurs de bureau aux t\u00e9l\u00e9phones mobiles.<\/li>\n<li>Le th\u00e8me est r\u00e9guli\u00e8rement mis \u00e0 jour et bien soutenu par ses cr\u00e9ateurs, garantissant que vous avez toujours acc\u00e8s aux derni\u00e8res fonctionnalit\u00e9s et mises \u00e0 jour de s\u00e9curit\u00e9.<\/li>\n<li>Les clients louent la facilit\u00e9 d&rsquo;utilisation du th\u00e8me, la flexibilit\u00e9 et le support client.<\/li>\n<\/ul>\n","protected":false},"excerpt":{"rendered":"<p>MyListing est un th\u00e8me WordPress exceptionnellement robuste et dynamique con\u00e7u sp\u00e9cifiquement pour r\u00e9pondre aux besoins des personnes cherchant \u00e0 \u00e9tablir et \u00e0 maintenir leur propre r\u00e9pertoire en ligne. Ce th\u00e8me remarquable poss\u00e8de une interface de glisser-d\u00e9poser incroyablement conviviale qui permet aux utilisateurs sans effort de g\u00e9rer efficacement leurs listes, de traiter de mani\u00e8re transparente les paiements et de pr\u00e9senter leur contenu d&rsquo;une mani\u00e8re sans pr\u00e9c\u00e9dent captivante. De plus, MyListing est encore am\u00e9lior\u00e9 par ses capacit\u00e9s de recherche et de filtrage de pointe, permettant une pr\u00e9cision et une pr\u00e9cision in\u00e9gal\u00e9es. De plus, le th\u00e8me propose un \u00e9ventail de champs et d&rsquo;attributs personnalisables, ainsi qu&rsquo;un assortiment de d\u00e9mos pr\u00e9-construites m\u00e9ticuleusement con\u00e7ues, permettant aux utilisateurs de se lancer de mani\u00e8re transparente dans leur parcours de construction de r\u00e9pertoire avec une vitesse et une efficacit\u00e9 in\u00e9gal\u00e9es. Que ses aspirations se trouvent dans le domaine de la construction d&rsquo;un r\u00e9pertoire commercial florissant ou d&rsquo;un site de cotation immobili\u00e8re dynamique, ou m\u00eame de toute autre entreprise qui se situe entre les deux, MyListing englobe sans \u00e9quivoque tous les outils et fonctionnalit\u00e9s n\u00e9cessaires pour transformer ces r\u00eaves en une r\u00e9alit\u00e9 \u00e9tonnante.<\/p>\n","protected":false},"featured_media":144638,"comment_status":"open","ping_status":"open","template":"","meta":[],"product_brand":[2433],"product_cat":[1214,1212,1213],"product_tag":[1366],"class_list":{"0":"post-112615","1":"product","2":"type-product","3":"status-publish","4":"has-post-thumbnail","6":"product_brand-themeforest","7":"product_cat-polyvalent","8":"product_cat-themes","9":"product_cat-wordpress-themes","10":"product_tag-themeforest","11":"member-discount","12":"discount-restricted","14":"first","15":"instock","16":"sale","17":"downloadable","18":"virtual","19":"sold-individually","20":"purchasable","21":"product-type-simple"},"_links":{"self":[{"href":"https:\/\/gpl-love.com\/fr\/wp-json\/wp\/v2\/product\/112615","targetHints":{"allow":["GET"]}}],"collection":[{"href":"https:\/\/gpl-love.com\/fr\/wp-json\/wp\/v2\/product"}],"about":[{"href":"https:\/\/gpl-love.com\/fr\/wp-json\/wp\/v2\/types\/product"}],"replies":[{"embeddable":true,"href":"https:\/\/gpl-love.com\/fr\/wp-json\/wp\/v2\/comments?post=112615"}],"wp:featuredmedia":[{"embeddable":true,"href":"https:\/\/gpl-love.com\/fr\/wp-json\/wp\/v2\/media\/144638"}],"wp:attachment":[{"href":"https:\/\/gpl-love.com\/fr\/wp-json\/wp\/v2\/media?parent=112615"}],"wp:term":[{"taxonomy":"product_brand","embeddable":true,"href":"https:\/\/gpl-love.com\/fr\/wp-json\/wp\/v2\/product_brand?post=112615"},{"taxonomy":"product_cat","embeddable":true,"href":"https:\/\/gpl-love.com\/fr\/wp-json\/wp\/v2\/product_cat?post=112615"},{"taxonomy":"product_tag","embeddable":true,"href":"https:\/\/gpl-love.com\/fr\/wp-json\/wp\/v2\/product_tag?post=112615"}],"curies":[{"name":"wp","href":"https:\/\/api.w.org\/{rel}","templated":true}]}}