{"id":112613,"date":"2025-12-12T00:00:00","date_gmt":"2025-12-11T23:00:00","guid":{"rendered":"http:\/\/gpl-love.com\/fr\/produit\/upstore-responsive-multi-purpose-wordpress-theme\/"},"modified":"2026-03-28T23:31:01","modified_gmt":"2026-03-28T22:31:01","slug":"upstore-responsive-multi-purpose-wordpress-theme","status":"publish","type":"product","link":"https:\/\/gpl-love.com\/fr\/produit\/upstore-responsive-multi-purpose-wordpress-theme\/","title":{"rendered":"UpStore Responsive Multi-Purpose WordPress Theme 1.7.9"},"content":{"rendered":"<h3>UpStore Responsive Multi-Purpose WordPress Theme Traits<\/h3>\n<p>Le th\u00e8me WordPress polyvalent r\u00e9actif \u00e0 la hauteur offre une pl\u00e9thore d&rsquo;opportunit\u00e9s pour les utilisateurs qui cherchent \u00e0 cr\u00e9er divers sites Web, tels que les magasins de commerce \u00e9lectronique, les sites commerciaux, les blogs, etc. Ce qui distingue ce mod\u00e8le, c&rsquo;est sa polyvalence remarquable et sa nature dynamique. Notamment, le th\u00e8me poss\u00e8de une conception enti\u00e8rement r\u00e9active qui s&rsquo;adapte sans effort \u00e0 n&rsquo;importe quelle taille d&rsquo;\u00e9cran, ce qui le rend optimis\u00e9 pour les appareils de bureau et mobiles. En outre, les utilisateurs se voient accorder une vaste gamme d&rsquo;options personnalisables \u00e0 choisir, y compris une vaste s\u00e9lection de sch\u00e9mas de couleurs, de choix de polices et de param\u00e8tres de mise en page. Une telle flexibilit\u00e9 garantit que chaque site Web cr\u00e9\u00e9 en utilisant ce th\u00e8me d\u00e9gage une esth\u00e9tique unique et professionnelle.<\/p>\n<p>En plus de sa personnalisation, le th\u00e8me est \u00e9galement \u00e9quip\u00e9 d&rsquo;un assortiment de mod\u00e8les pr\u00e9d\u00e9finis et de dispositions de page, offrant aux utilisateurs une commodit\u00e9 suppl\u00e9mentaire pendant le processus de cr\u00e9ation du site Web. De plus, le th\u00e8me WordPress polyvalent r\u00e9actif Upstore s&rsquo;int\u00e8gre de mani\u00e8re transparente \u00e0 WooCommerce, une plate-forme de commerce \u00e9lectronique de premier plan, permettant ainsi aux utilisateurs de configurer et de g\u00e9rer sans effort une boutique en ligne. Cette compatibilit\u00e9 garantit une exp\u00e9rience d&rsquo;achat en ligne sans couture et efficace pour les clients.<\/p>\n<p>Enfin, mais surtout non le moindre, les attributs notables du th\u00e8me s&rsquo;\u00e9tendent au-del\u00e0 de l&rsquo;esth\u00e9tique et de la commodit\u00e9. B\u00e9n\u00e9ficiant de capacit\u00e9s de performance puissantes, ce th\u00e8me WordPress garantit un site Web qui semble non seulement moderne mais fonctionne \u00e9galement efficacement. Avec son interface conviviale, m\u00eame ceux qui ont une expertise technique minimale peuvent naviguer et utiliser facilement les fonctionnalit\u00e9s du th\u00e8me. En r\u00e9sum\u00e9, le th\u00e8me WordPress polyvalent r\u00e9actif \u00e0 la hauteur est ind\u00e9niable comme la quintessence d&rsquo;un choix de premier ordre pour ceux qui cherchent \u00e0 construire un site Web contemporain et percutant.<\/p>\n<ul>\n<li>Un th\u00e8me WordPress polyvalent et dynamique adapt\u00e9 \u00e0 plusieurs fins<\/li>\n<li>La conception r\u00e9active garantit une exp\u00e9rience de visualisation optimale sur tous les appareils<\/li>\n<li>Les options de personnalisation flexibles permettent un site Web unique et personnalis\u00e9<\/li>\n<li>Optimisation de SEO int\u00e9gr\u00e9e pour am\u00e9liorer le classement des moteurs de recherche<\/li>\n<li>Processus d&rsquo;installation rapide et facile pour les utilisateurs de toutes les capacit\u00e9s techniques<\/li>\n<li>Int\u00e9gr\u00e9 \u00e0 des plugins populaires tels que WooCommerce pour une fonctionnalit\u00e9 de commerce \u00e9lectronique transparent<\/li>\n<li>Documentation compl\u00e8te et soutien au d\u00e9pannage et \u00e0 l&rsquo;assistance<\/li>\n<li>Mises \u00e0 jour r\u00e9guli\u00e8res et am\u00e9liorations pour assurer la long\u00e9vit\u00e9 et la compatibilit\u00e9 avec les derni\u00e8res mises \u00e0 jour WordPress.<\/li>\n<li>Options de couleurs illimit\u00e9es, styles d&rsquo;en-t\u00eate et de pied de page multiples, diverses dispositions de portefeuille disponibles.<\/li>\n<li>Les int\u00e9grations avec des services tiers populaires comme MailChimp, Google Fonts.<\/li>\n<\/ul>\n","protected":false},"excerpt":{"rendered":"<p>Le th\u00e8me WordPress polyvalent r\u00e9actif r\u00e9actif s&rsquo;av\u00e8re \u00eatre une solution optimale pour les personnes cherchant \u00e0 \u00e9tablir un site Web esth\u00e9tique et sophistiqu\u00e9. Avec son design contemporain et adaptable, ce th\u00e8me s&rsquo;av\u00e8re s&rsquo;applicable dans une vaste gamme d&rsquo;industries et d&rsquo;objectifs, allant des plateformes de commerce \u00e9lectronique aux blogs personnellement organis\u00e9s. De plus, il arrive avec un assortiment de dispositions et de fonctionnalit\u00e9s pr\u00e9-faites, facilitant efficacement le processus de personnalisation et permettant l&rsquo;exposition \u00e9l\u00e9gante de votre contenu. De plus, le th\u00e8me poss\u00e8de une conception r\u00e9active, garantissant que votre site Web d\u00e9gagera de l&rsquo;\u00e9clat, quel que soit l&rsquo;appareil \u00e0 partir de laquelle il est accessible, assurant ainsi une exp\u00e9rience utilisateur transparente et gratifiante. Que vous soyez un n\u00e9ophyte ou un utilisateur exp\u00e9riment\u00e9 de WordPress, le th\u00e8me en haut est la s\u00e9lection ultime pour fa\u00e7onner une pr\u00e9sence virtuelle captivante.<\/p>\n","protected":false},"featured_media":145666,"comment_status":"open","ping_status":"open","template":"","meta":[],"product_brand":[2433],"product_cat":[1238,1851,1212],"product_tag":[1366],"class_list":{"0":"post-112613","1":"product","2":"type-product","3":"status-publish","4":"has-post-thumbnail","6":"product_brand-themeforest","7":"product_cat-commerce-electronique-themes","8":"product_cat-entreprise-commerce-electronique-themes","9":"product_cat-themes","10":"product_tag-themeforest","11":"member-discount","12":"discount-restricted","14":"first","15":"instock","16":"sale","17":"downloadable","18":"virtual","19":"sold-individually","20":"purchasable","21":"product-type-simple"},"_links":{"self":[{"href":"https:\/\/gpl-love.com\/fr\/wp-json\/wp\/v2\/product\/112613","targetHints":{"allow":["GET"]}}],"collection":[{"href":"https:\/\/gpl-love.com\/fr\/wp-json\/wp\/v2\/product"}],"about":[{"href":"https:\/\/gpl-love.com\/fr\/wp-json\/wp\/v2\/types\/product"}],"replies":[{"embeddable":true,"href":"https:\/\/gpl-love.com\/fr\/wp-json\/wp\/v2\/comments?post=112613"}],"wp:featuredmedia":[{"embeddable":true,"href":"https:\/\/gpl-love.com\/fr\/wp-json\/wp\/v2\/media\/145666"}],"wp:attachment":[{"href":"https:\/\/gpl-love.com\/fr\/wp-json\/wp\/v2\/media?parent=112613"}],"wp:term":[{"taxonomy":"product_brand","embeddable":true,"href":"https:\/\/gpl-love.com\/fr\/wp-json\/wp\/v2\/product_brand?post=112613"},{"taxonomy":"product_cat","embeddable":true,"href":"https:\/\/gpl-love.com\/fr\/wp-json\/wp\/v2\/product_cat?post=112613"},{"taxonomy":"product_tag","embeddable":true,"href":"https:\/\/gpl-love.com\/fr\/wp-json\/wp\/v2\/product_tag?post=112613"}],"curies":[{"name":"wp","href":"https:\/\/api.w.org\/{rel}","templated":true}]}}