{"id":112611,"date":"2025-11-27T00:00:00","date_gmt":"2025-11-26T23:00:00","guid":{"rendered":"http:\/\/gpl-love.com\/fr\/produit\/docly-documentation-and-knowledge-base-wordpress-theme\/"},"modified":"2026-03-20T23:01:08","modified_gmt":"2026-03-20T22:01:08","slug":"docly-documentation-and-knowledge-base-wordpress-theme","status":"publish","type":"product","link":"https:\/\/gpl-love.com\/fr\/produit\/docly-documentation-and-knowledge-base-wordpress-theme\/","title":{"rendered":"Docly Documentation And Knowledge Base WordPress Theme 2.2.0"},"content":{"rendered":"<h3>Docly Documentation And Knowledge Base WordPress Theme Traits<\/h3>\n<p>Le th\u00e8me WordPress de la documentation docly et de base de connaissances est un th\u00e8me exceptionnellement flexible et intuitif qui a \u00e9t\u00e9 sp\u00e9cifiquement con\u00e7u pour les sites Web qui n\u00e9cessitent un syst\u00e8me de gestion de la documentation et de la base de connaissances conviviale. B\u00e9n\u00e9ficiant d&rsquo;un design \u00e9l\u00e9gant et moderne, le docly est un choix id\u00e9al pour les entreprises, les \u00e9tablissements d&rsquo;enseignement et d&rsquo;autres organisations cherchant \u00e0 faciliter un acc\u00e8s facile \u00e0 l&rsquo;information pour leurs utilisateurs. Int\u00e9grant les derni\u00e8res technologies Web, ce th\u00e8me comprend une multitude de fonctionnalit\u00e9s impressionnantes, y compris un moteur de recherche robuste, des dispositions personnalisables et une prise en charge de plusieurs langues. Que vous aspirez \u00e0 cr\u00e9er un manuel complet de produits, un guide d&rsquo;utilisation complet ou un centre d&rsquo;aide en ligne global, docly sert de solution par excellence pour tous vos besoins de documentation. En outre, avec son processus de configuration sans effort et sa documentation \u00e9tendue, m\u00eame les personnes ayant une comp\u00e9tence technique limit\u00e9e peuvent rapidement \u00e9tablir et personnaliser leur site Web avec une facilit\u00e9 absolue.<\/p>\n<ul>\n<li>Design moderne et professionnel<\/li>\n<li>Options de disposition et de couleurs enti\u00e8rement personnalisables<\/li>\n<li>Builder de pages faciles \u00e0 utiliser pour cr\u00e9er des pages et des dispositions personnalis\u00e9es<\/li>\n<li>Capacit\u00e9s de recherche avanc\u00e9es pour trouver rapidement des informations<\/li>\n<li>Fonctionnalit\u00e9 de base de connaissances int\u00e9gr\u00e9e pour organiser et pr\u00e9senter du contenu<\/li>\n<li>Int\u00e9gration avec des syst\u00e8mes de CRM et de billetterie populaires pour des exp\u00e9riences de soutien sans couture<\/li>\n<li>Conception r\u00e9active pour une visualisation optimale sur tous les appareils<\/li>\n<li>Compatible avec une vari\u00e9t\u00e9 de plugins WordPress pour des fonctionnalit\u00e9s \u00e9tendues<\/li>\n<li>Documentation compl\u00e8te et ressources de soutien incluses<\/li>\n<li>Mises \u00e0 jour et am\u00e9liorations r\u00e9guli\u00e8res pour assurer une compatibilit\u00e9 et une s\u00e9curit\u00e9 continues.<\/li>\n<\/ul>\n","protected":false},"excerpt":{"rendered":"<p>Entrez dans l&rsquo;avenir de la conception de sites Web avec le th\u00e8me WordPress de la documentation et de la base de connaissances. Cr\u00e9\u00e9 avec des lignes \u00e9pur\u00e9es et un design r\u00e9actif, ce th\u00e8me est parfait pour les entreprises, les organisations et les individus qui appr\u00e9cient une interface de site Web intuitive et facile \u00e0 naviguer.<\/p>\n<p>Le th\u00e8me docly est un outil puissant pour construire une base de connaissances compl\u00e8te. Que vous cr\u00e9iez une base de donn\u00e9es de documentation d\u00e9taill\u00e9e du produit, une biblioth\u00e8que de guides pratiques ou une collection d&rsquo;articles de blog perspicaces, Doculy offre la flexibilit\u00e9 de r\u00e9pondre \u00e0 vos besoins. C&rsquo;est un th\u00e8me WordPress qui comprend l&rsquo;importance d&rsquo;une base de connaissances bien organis\u00e9e et facilement accessible, et elle est con\u00e7ue pour rendre le processus de cr\u00e9ation et de gestion de votre contenu aussi transparent que possible.<\/p>\n<p>Surtout, Docly est construit en tenant compte de l&rsquo;optimisation du r\u00e9f\u00e9rencement, de sorte que votre contenu sera facilement d\u00e9couvrable par les utilisateurs et les moteurs de recherche. Il prend \u00e9galement en charge une vari\u00e9t\u00e9 de plugins populaires, vous permettant d&rsquo;int\u00e9grer vos outils pr\u00e9f\u00e9r\u00e9s et de personnaliser votre site \u00e0 votre go\u00fbt.<\/p>\n<p>De plus, le doc<\/p>\n","protected":false},"featured_media":143559,"comment_status":"open","ping_status":"open","template":"","meta":[],"product_brand":[2433],"product_cat":[1242,1212,1213],"product_tag":[1366],"class_list":{"0":"post-112611","1":"product","2":"type-product","3":"status-publish","4":"has-post-thumbnail","6":"product_brand-themeforest","7":"product_cat-creatif","8":"product_cat-themes","9":"product_cat-wordpress-themes","10":"product_tag-themeforest","11":"member-discount","12":"discount-restricted","14":"first","15":"instock","16":"sale","17":"downloadable","18":"virtual","19":"sold-individually","20":"purchasable","21":"product-type-simple"},"_links":{"self":[{"href":"https:\/\/gpl-love.com\/fr\/wp-json\/wp\/v2\/product\/112611","targetHints":{"allow":["GET"]}}],"collection":[{"href":"https:\/\/gpl-love.com\/fr\/wp-json\/wp\/v2\/product"}],"about":[{"href":"https:\/\/gpl-love.com\/fr\/wp-json\/wp\/v2\/types\/product"}],"replies":[{"embeddable":true,"href":"https:\/\/gpl-love.com\/fr\/wp-json\/wp\/v2\/comments?post=112611"}],"wp:featuredmedia":[{"embeddable":true,"href":"https:\/\/gpl-love.com\/fr\/wp-json\/wp\/v2\/media\/143559"}],"wp:attachment":[{"href":"https:\/\/gpl-love.com\/fr\/wp-json\/wp\/v2\/media?parent=112611"}],"wp:term":[{"taxonomy":"product_brand","embeddable":true,"href":"https:\/\/gpl-love.com\/fr\/wp-json\/wp\/v2\/product_brand?post=112611"},{"taxonomy":"product_cat","embeddable":true,"href":"https:\/\/gpl-love.com\/fr\/wp-json\/wp\/v2\/product_cat?post=112611"},{"taxonomy":"product_tag","embeddable":true,"href":"https:\/\/gpl-love.com\/fr\/wp-json\/wp\/v2\/product_tag?post=112611"}],"curies":[{"name":"wp","href":"https:\/\/api.w.org\/{rel}","templated":true}]}}