{"id":112609,"date":"2022-03-06T00:00:00","date_gmt":"2022-03-05T23:00:00","guid":{"rendered":"http:\/\/gpl-love.com\/fr\/produit\/foodbook-online-food-ordering-system-for-wordpress\/"},"modified":"2026-03-20T23:06:15","modified_gmt":"2026-03-20T22:06:15","slug":"foodbook-online-food-ordering-system-for-wordpress","status":"publish","type":"product","link":"https:\/\/gpl-love.com\/fr\/produit\/foodbook-online-food-ordering-system-for-wordpress\/","title":{"rendered":"FoodBook Online Food Ordering System pour WordPress 4.2.2"},"content":{"rendered":"<h3>FoodBook Online Food Ordering System pour WordPress Traits<\/h3>\n<p>FoodBook est un syst\u00e8me de commande d&rsquo;aliments en ligne tr\u00e8s efficace et remarquablement convivial qui a \u00e9t\u00e9 m\u00e9ticuleusement con\u00e7u sp\u00e9cifiquement pour les sites Web WordPress. Ce plugin exceptionnel sert de facilitateur remarquable pour les propri\u00e9taires de restaurants, les permettant d&rsquo;offrir sans effort \u00e0 leurs clients inestimables une exp\u00e9rience de commande en ligne sans couture et vraiment sans tracas, ce qui le rend un jeu d&rsquo;enfant \u00e0 peser tranquille ordres et ex\u00e9cuter sans effort leurs paiements souhait\u00e9s. En raison du remarquable Foodbook, les propri\u00e9taires de restaurants peuvent configurer sans effort et efficacement des zones de livraison distinctes, \u00e9tablir de mani\u00e8re transparente divers types de commandes, int\u00e9grer de mani\u00e8re transparente une multitude de passerelles de paiement et g\u00e9rer astucieusement toutes leurs commandes pivots via une plate-forme impeccablement unifi\u00e9e. Ce syst\u00e8me ph\u00e9nom\u00e9nalement sophistiqu\u00e9 est extr\u00eamement personnalisable et peut \u00eatre impeccablement adapt\u00e9 pour s&rsquo;adapter id\u00e9alement aux besoins tr\u00e8s sp\u00e9cifiques et intrins\u00e8ques d&rsquo;un restaurant donn\u00e9. Il est \u00e9galement digne de noter que les clients re\u00e7oivent une interface merveilleusement intuitive et supr\u00eamement conviviale qui leur permet facilement de suivre sans effort les progr\u00e8s de leurs commandes et de recevoir instantan\u00e9ment des notifications en temps r\u00e9el tr\u00e8s pr\u00e9cieuses et merveilleusement opportunes concernant leurs statuts de commande respectifs . Toutes ces fonctionnalit\u00e9s et capacit\u00e9s extraordinaires se combinent pour \u00e9tablir fermement FoodBook comme l&rsquo;outil par excellence et sans faille pour tous les restaurants cherchant \u00e0 rationaliser sans effort son processus de commande en ligne et, \u00e0 son tour, \u00e0 amplifier et \u00e0 \u00e9lever sensiblement l&rsquo;exp\u00e9rience globale et les niveaux de satisfaction de leur client\u00e8le idiale.<\/p>\n<ul>\n<li>Syst\u00e8me de commande de nourriture en ligne facile et intuitif pour les sites Web WordPress<\/li>\n<li>Menus personnalisables avec des images, des descriptions et des prix<\/li>\n<li>Plusieurs options de paiement, y compris la carte de cr\u00e9dit, PayPal et Cash \u00e0 la livraison<\/li>\n<li>Option pour que les clients s&rsquo;inscrivent et cr\u00e9ent des profils pour un paiement plus rapide<\/li>\n<li>Syst\u00e8me de notification automatique pour les propri\u00e9taires de restaurants et les clients pour la confirmation de commande, la livraison et les commentaires<\/li>\n<li>Int\u00e9gration avec Google Maps pour le suivi pr\u00e9cis et le routage de livraison<\/li>\n<li>Syst\u00e8me complet de gestion des commandes avec des fonctionnalit\u00e9s telles que le suivi des commandes, l&rsquo;historique des commandes et les rapports de vente<\/li>\n<li>Conception r\u00e9active pour l&rsquo;exp\u00e9rience utilisateur transparent sur tous les appareils<\/li>\n<li>Prise en charge de plusieurs langues et devises<\/li>\n<li>S\u00e9curis\u00e9 et fiable avec les mises \u00e0 jour r\u00e9guli\u00e8res et le support client.<\/li>\n<\/ul>\n","protected":false},"excerpt":{"rendered":"<p>D\u00e9couvrez FoodBook, le syst\u00e8me de commande de repas en ligne pour WordPress, une solution compl\u00e8te et performante con\u00e7ue pour r\u00e9pondre aux besoins des restaurateurs souhaitant optimiser et acc\u00e9l\u00e9rer leur processus de commande en ligne. Ce syst\u00e8me innovant permet \u00e0 vos clients de consulter facilement votre menu et de passer commande en toute simplicit\u00e9 gr\u00e2ce \u00e0 une plateforme num\u00e9rique intuitive, am\u00e9liorant ainsi le confort et l&rsquo;efficacit\u00e9 de votre \u00e9tablissement et de votre client\u00e8le. FoodBook offre une personnalisation fluide et une int\u00e9gration ais\u00e9e \u00e0 votre site WordPress existant, renfor\u00e7ant ainsi sa position de compl\u00e9ment indispensable \u00e0 votre pr\u00e9sence en ligne. De plus, ce syst\u00e8me remarquable est dot\u00e9 de nombreuses fonctionnalit\u00e9s importantes, telles que la gestion des commandes, le suivi en temps r\u00e9el et le traitement s\u00e9curis\u00e9 des paiements, garantissant ainsi un processus de commande en ligne fluide et sans accroc. Offrez \u00e0 vos clients une exp\u00e9rience exceptionnelle gr\u00e2ce aux capacit\u00e9s et fonctionnalit\u00e9s in\u00e9gal\u00e9es de FoodBook, le syst\u00e8me de commande de repas en ligne pour WordPress.<\/p>\n","protected":false},"featured_media":143895,"comment_status":"open","ping_status":"open","template":"","meta":[],"product_brand":[2435],"product_cat":[1182,1223,1181],"product_tag":[1231],"class_list":{"0":"post-112609","1":"product","2":"type-product","3":"status-publish","4":"has-post-thumbnail","6":"product_brand-codecanyon","7":"product_cat-commerce-electronique-plugins","8":"product_cat-personnalisation-commerce-electronique-plugins","9":"product_cat-plugins","10":"product_tag-codecanyon","11":"member-discount","12":"discount-restricted","14":"first","15":"instock","16":"sale","17":"downloadable","18":"virtual","19":"sold-individually","20":"purchasable","21":"product-type-simple"},"_links":{"self":[{"href":"https:\/\/gpl-love.com\/fr\/wp-json\/wp\/v2\/product\/112609","targetHints":{"allow":["GET"]}}],"collection":[{"href":"https:\/\/gpl-love.com\/fr\/wp-json\/wp\/v2\/product"}],"about":[{"href":"https:\/\/gpl-love.com\/fr\/wp-json\/wp\/v2\/types\/product"}],"replies":[{"embeddable":true,"href":"https:\/\/gpl-love.com\/fr\/wp-json\/wp\/v2\/comments?post=112609"}],"wp:featuredmedia":[{"embeddable":true,"href":"https:\/\/gpl-love.com\/fr\/wp-json\/wp\/v2\/media\/143895"}],"wp:attachment":[{"href":"https:\/\/gpl-love.com\/fr\/wp-json\/wp\/v2\/media?parent=112609"}],"wp:term":[{"taxonomy":"product_brand","embeddable":true,"href":"https:\/\/gpl-love.com\/fr\/wp-json\/wp\/v2\/product_brand?post=112609"},{"taxonomy":"product_cat","embeddable":true,"href":"https:\/\/gpl-love.com\/fr\/wp-json\/wp\/v2\/product_cat?post=112609"},{"taxonomy":"product_tag","embeddable":true,"href":"https:\/\/gpl-love.com\/fr\/wp-json\/wp\/v2\/product_tag?post=112609"}],"curies":[{"name":"wp","href":"https:\/\/api.w.org\/{rel}","templated":true}]}}