{"id":112608,"date":"2026-04-10T00:00:00","date_gmt":"2026-04-09T22:00:00","guid":{"rendered":"http:\/\/gpl-love.com\/fr\/produit\/advanced-iframe-pro\/"},"modified":"2026-04-10T18:30:16","modified_gmt":"2026-04-10T16:30:16","slug":"advanced-iframe-pro","status":"publish","type":"product","link":"https:\/\/gpl-love.com\/fr\/produit\/advanced-iframe-pro\/","title":{"rendered":"Advanced iFrame Pro 2026.1"},"content":{"rendered":"<h3>Advanced iFrame Pro Traits<\/h3>\n<p>L&rsquo;outil Advanced Iframe Pro s&rsquo;av\u00e8re \u00eatre une ressource incroyablement puissante et influente, permettant aux utilisateurs d&rsquo;int\u00e9grer de mani\u00e8re transparente le contenu des sites Web externes dans leur propre site. Cet outil poss\u00e8de une gamme de fonctionnalit\u00e9s avanc\u00e9es qui permettent aux utilisateurs de personnaliser l&rsquo;apparence de l&rsquo;IFRAME, de g\u00e9rer sans effort sa taille et sa position, et m\u00eame d&rsquo;incorporer une conception r\u00e9active qui garantit des exp\u00e9riences de vision optimales entre diff\u00e9rentes tailles d&rsquo;\u00e9cran. De plus, le plugin montre sa polyvalence en s&rsquo;adaptant \u00e0 une vaste gamme de types de contenu, y compris des vid\u00e9os, des cartes, des HTML personnalis\u00e9s et des publications WordPress. Pour augmenter davantage l&rsquo;exp\u00e9rience utilisateur, cet outil permet aux utilisateurs de configurer le rechargement automatique de l&rsquo;IFRAME, d&rsquo;activer les capacit\u00e9s de d\u00e9filement et m\u00eame d&rsquo;introduire un \u00e9cran de splash captivant pour accueillir chaleureusement les visiteurs. Avec son interface conviviale et sa documentation compl\u00e8te, Advanced Iframe Pro s&rsquo;\u00e9tablit sans aucun doute comme un atout indispensable pour les personnes cherchant \u00e0 augmenter \u00e0 la fois les fonctionnalit\u00e9s et les \u00e9l\u00e9ments de conception de leur site Web.<\/p>\n<ul>\n<li>Incorporez toute page Web ou \u00e9l\u00e9ment HTML dans votre site Web en toute simplicit\u00e9<\/li>\n<li>Personnalisez la taille, la position et l&rsquo;apparence du contenu int\u00e9gr\u00e9<\/li>\n<li>Le support inter-domaine vous permet d&rsquo;incorporer en toute s\u00e9curit\u00e9 m\u00eame \u00e0 partir de diff\u00e9rents domaines<\/li>\n<li>Utilisez des options r\u00e9actives pour vous assurer que votre contenu int\u00e9gr\u00e9 est superbe sur n&rsquo;importe quel appareil<\/li>\n<li>La version pro comprend des fonctionnalit\u00e9s suppl\u00e9mentaires telles que le chargement paresseux, la hauteur automatique et plus<\/li>\n<li>Int\u00e9gration avec des constructeurs de pages populaires tels que Elementor, Divi et Visual Composer<\/li>\n<li>Documentation compl\u00e8te et \u00e9quipe de support d\u00e9di\u00e9e pour aider \u00e0 tout probl\u00e8me<\/li>\n<\/ul>\n","protected":false},"excerpt":{"rendered":"<p>L&rsquo;outil Advanced Iframe Pro est une ressource puissante pour les propri\u00e9taires de sites Web, offrant des capacit\u00e9s robustes qui permettent l&rsquo;incorporation transparente du contenu externe dans les sites Web. Cet outil extraordinaire est parfait pour int\u00e9grer des vid\u00e9os, des cartes et des flux de m\u00e9dias sociaux, tout en conservant la conception et la fonctionnalit\u00e9 de votre site Web.<\/p>\n<p>Les fonctionnalit\u00e9s d&rsquo;Advanced Iframe Pro ne se limitent pas \u00e0 la simple incorpation de contenu. Il propose \u00e9galement une conception r\u00e9active, des options personnalisables et un masquage IFRAME pour garantir que votre contenu int\u00e9gr\u00e9 est non seulement vivant visuellement, mais offre \u00e9galement des performances optimales sur tous les appareils.<\/p>\n<p>Dites au revoir \u00e0 des int\u00e9gres alambiqu\u00e9es et \u00e0 glitch et dites bonjour \u00e0 un site Web poli et raffin\u00e9 avec l&rsquo;aide des capacit\u00e9s extraordinaires d&rsquo;Iframe Pro avanc\u00e9e. Cet outil vous permet de cr\u00e9er un site Web qui est non seulement visuellement magnifique mais \u00e9galement fonctionnel, offrant une exp\u00e9rience utilisateur transparente. Advanced Iframe Pro est l&rsquo;outil essentiel pour les propri\u00e9taires de sites Web qui cherchent \u00e0 \u00e9lever leur pr\u00e9sence num\u00e9rique. C&rsquo;est le m\u00e9lange parfait de conception et de fonctionnalit\u00e9s, ce qui en fait une ressource indispensable pour le site Web moderne<\/p>\n","protected":false},"featured_media":143066,"comment_status":"open","ping_status":"open","template":"","meta":[],"product_brand":[2433],"product_cat":[1189,1181,1186],"product_tag":[1366],"class_list":{"0":"post-112608","1":"product","2":"type-product","3":"status-publish","4":"has-post-thumbnail","6":"product_brand-themeforest","7":"product_cat-personnalisation","8":"product_cat-plugins","9":"product_cat-wordpress-plugins","10":"product_tag-themeforest","11":"member-discount","12":"discount-restricted","14":"first","15":"instock","16":"sale","17":"downloadable","18":"virtual","19":"sold-individually","20":"purchasable","21":"product-type-simple"},"_links":{"self":[{"href":"https:\/\/gpl-love.com\/fr\/wp-json\/wp\/v2\/product\/112608","targetHints":{"allow":["GET"]}}],"collection":[{"href":"https:\/\/gpl-love.com\/fr\/wp-json\/wp\/v2\/product"}],"about":[{"href":"https:\/\/gpl-love.com\/fr\/wp-json\/wp\/v2\/types\/product"}],"replies":[{"embeddable":true,"href":"https:\/\/gpl-love.com\/fr\/wp-json\/wp\/v2\/comments?post=112608"}],"wp:featuredmedia":[{"embeddable":true,"href":"https:\/\/gpl-love.com\/fr\/wp-json\/wp\/v2\/media\/143066"}],"wp:attachment":[{"href":"https:\/\/gpl-love.com\/fr\/wp-json\/wp\/v2\/media?parent=112608"}],"wp:term":[{"taxonomy":"product_brand","embeddable":true,"href":"https:\/\/gpl-love.com\/fr\/wp-json\/wp\/v2\/product_brand?post=112608"},{"taxonomy":"product_cat","embeddable":true,"href":"https:\/\/gpl-love.com\/fr\/wp-json\/wp\/v2\/product_cat?post=112608"},{"taxonomy":"product_tag","embeddable":true,"href":"https:\/\/gpl-love.com\/fr\/wp-json\/wp\/v2\/product_tag?post=112608"}],"curies":[{"name":"wp","href":"https:\/\/api.w.org\/{rel}","templated":true}]}}