{"id":112606,"date":"2022-07-14T00:00:00","date_gmt":"2022-07-13T22:00:00","guid":{"rendered":"http:\/\/gpl-love.com\/fr\/produit\/woocommerce-ultimate-gift-card\/"},"modified":"2026-03-20T23:48:14","modified_gmt":"2026-03-20T22:48:14","slug":"woocommerce-ultimate-gift-card","status":"publish","type":"product","link":"https:\/\/gpl-love.com\/fr\/produit\/woocommerce-ultimate-gift-card\/","title":{"rendered":"WooCommerce Ultimate Gift Card 2.8.0"},"content":{"rendered":"<h3>WooCommerce Ultimate Gift Card Traits<\/h3>\n<p>La carte-cadeau WooCommerce Ultimate est une excellente solution pour les entreprises qui sont \u00e0 la recherche d&rsquo;un moyen de fournir des cartes-cadeaux \u00e0 leurs clients. Ce plugin donne aux clients la possibilit\u00e9 d&rsquo;acqu\u00e9rir et de d\u00e9p\u00eacher facilement les cartes-cadeaux \u00e0 leurs proches. Ces cartes-cadeaux peuvent \u00eatre personnalis\u00e9es, gr\u00e2ce \u00e0 la disponibilit\u00e9 de divers conceptions et valeurs, ce qui le rend un choix adaptable pour une occasion donn\u00e9e. De plus, ce plugin accorde la capacit\u00e9 de surveiller les transactions de cartes-cadeaux et le solde restant, garantissant ainsi un processus transparent et efficace pour le client et l&rsquo;entreprise. En tirant parti de la carte-cadeau WooCommerce Ultimate, les entreprises augmentent leurs chiffres de vente et s\u00e9duisent un nouvel afflux de clients, tout en fournissant une alternative de cadeaux pratique \u00e0 leur client\u00e8le existante.<\/p>\n<ul>\n<li>Plugin de carte-cadeau facile \u00e0 utiliser con\u00e7u pour WooCommerce<\/li>\n<li>Permet aux clients d&rsquo;acheter et d&rsquo;envoyer des cartes-cadeaux \u00e0 leurs amis et \u00e0 leur famille<\/li>\n<li>Conceptions et confessions de cartes-cadeaux personnalisables<\/li>\n<li>Dates d&rsquo;expiration configurables et valeurs minimales \/ maximales pour les cartes-cadeaux<\/li>\n<li>Int\u00e9gr\u00e9 aux passerelles de paiement populaires pour la caisse transparente<\/li>\n<li>Option pour utiliser le solde de la carte-cadeau comme mode de paiement \u00e0 la caisse<\/li>\n<li>Fournit des outils de reportage et de suivi pour l&rsquo;utilisation des cartes-cadeaux et les soldes<\/li>\n<li>Notifications par e-mail automatiques aux destinataires et acheteurs des cartes-cadeaux<\/li>\n<li>Compatible avec tous les th\u00e8mes et plugins WooCommerce<\/li>\n<li>\u00c9quipe de support d\u00e9di\u00e9e disponible pour l&rsquo;aide et le d\u00e9pannage.<\/li>\n<\/ul>\n","protected":false},"excerpt":{"rendered":"<p>La carte-cadeau WooCommerce Ultimate sert de rem\u00e8de impeccable pour les personnes qui se livrent \u00e0 des efforts d&rsquo;achat en ligne, \u00e0 la recherche d&rsquo;une rencontre profonde et sans pr\u00e9c\u00e9dent. Ce plugin exceptionnellement puissant fournit aux utilisateurs un moyen transparent de fabrication sans effort de fabriquer et de cr\u00e9er des cartes-cadeaux adapt\u00e9es \u00e0 leur Emporium virtuel WooCommerce, accordant aux clients la possibilit\u00e9 de se procurer et de d\u00e9p\u00eacher les cartes-cadeaux directement \u00e0 leurs connaissances ch\u00e8res via un courrier \u00e9lectronique. B\u00e9n\u00e9ficiant d&rsquo;une pl\u00e9thore de conceptions personnalisables, d&rsquo;attributs administratifs conviviaux et d&rsquo;une int\u00e9gration approfondie avec WooCommerce, le plugin de carte-cadeau ultime att\u00e9nue efficacement les charges associ\u00e9es aux dons tout en vous permettant simultan\u00e9ment d&rsquo;amplifier vos revenus et de cultiver une d\u00e9votion indemne des clients.<\/p>\n","protected":false},"featured_media":146053,"comment_status":"open","ping_status":"open","template":"","meta":[],"product_brand":[2435],"product_cat":[1200,1182,1181],"product_tag":[1231],"class_list":{"0":"post-112606","1":"product","2":"type-product","3":"status-publish","4":"has-post-thumbnail","6":"product_brand-codecanyon","7":"product_cat-commercialisation","8":"product_cat-commerce-electronique-plugins","9":"product_cat-plugins","10":"product_tag-codecanyon","11":"member-discount","12":"discount-restricted","14":"first","15":"instock","16":"sale","17":"downloadable","18":"virtual","19":"sold-individually","20":"purchasable","21":"product-type-simple"},"_links":{"self":[{"href":"https:\/\/gpl-love.com\/fr\/wp-json\/wp\/v2\/product\/112606","targetHints":{"allow":["GET"]}}],"collection":[{"href":"https:\/\/gpl-love.com\/fr\/wp-json\/wp\/v2\/product"}],"about":[{"href":"https:\/\/gpl-love.com\/fr\/wp-json\/wp\/v2\/types\/product"}],"replies":[{"embeddable":true,"href":"https:\/\/gpl-love.com\/fr\/wp-json\/wp\/v2\/comments?post=112606"}],"wp:featuredmedia":[{"embeddable":true,"href":"https:\/\/gpl-love.com\/fr\/wp-json\/wp\/v2\/media\/146053"}],"wp:attachment":[{"href":"https:\/\/gpl-love.com\/fr\/wp-json\/wp\/v2\/media?parent=112606"}],"wp:term":[{"taxonomy":"product_brand","embeddable":true,"href":"https:\/\/gpl-love.com\/fr\/wp-json\/wp\/v2\/product_brand?post=112606"},{"taxonomy":"product_cat","embeddable":true,"href":"https:\/\/gpl-love.com\/fr\/wp-json\/wp\/v2\/product_cat?post=112606"},{"taxonomy":"product_tag","embeddable":true,"href":"https:\/\/gpl-love.com\/fr\/wp-json\/wp\/v2\/product_tag?post=112606"}],"curies":[{"name":"wp","href":"https:\/\/api.w.org\/{rel}","templated":true}]}}