{"id":112604,"date":"2026-04-24T00:00:00","date_gmt":"2026-04-23T22:00:00","guid":{"rendered":"http:\/\/gpl-love.com\/fr\/produit\/real3d-flipbook-wordpress-plugin\/"},"modified":"2026-04-24T06:30:47","modified_gmt":"2026-04-24T04:30:47","slug":"real3d-flipbook-wordpress-plugin","status":"publish","type":"product","link":"https:\/\/gpl-love.com\/fr\/produit\/real3d-flipbook-wordpress-plugin\/","title":{"rendered":"Real3D FlipBook WordPress Plugin 4.20"},"content":{"rendered":"<h3>Real3D FlipBook WordPress Plugin Traits<\/h3>\n<p>Le plugin WordPress Real3D Flipbook est un outil exceptionnellement innovant et remarquablement puissant qui permet \u00e0 ses utilisateurs de g\u00e9n\u00e9rer sans effort des flipbooks interactifs et \u00e0 couper le souffle directement dans les limites de leur site Web WordPress. Gr\u00e2ce \u00e0 sa capacit\u00e9 remarquable \u00e0 pr\u00e9senter une pl\u00e9thore d&rsquo;images captivantes et de documents PDF informatifs, ce plugin ing\u00e9nieux offre une approche enti\u00e8rement dynamique pour pr\u00e9senter du contenu dans le domaine virtuel. Les FlipBook sont n\u00e9s par l&rsquo;utilisation du plugin FlipBook Real3D peuvent \u00eatre adapt\u00e9s \u00e0 ses pr\u00e9f\u00e9rences sp\u00e9cifiques, offrant une vaste gamme d&rsquo;options telles que l&rsquo;\u00e9paisseur de page personnalisable, les couvertures extr\u00eamement con\u00e7ues et les effets d&rsquo;animation impressionnants. En outre, ce plugin a \u00e9t\u00e9 m\u00e9ticuleusement con\u00e7u pour r\u00e9pondre aux utilisateurs de tous les calibres, garantissant que m\u00eame les propri\u00e9taires de sites Web les plus inexp\u00e9riment\u00e9s peuvent fabriquer sans effort des flipbooks de grade de qualit\u00e9 visuellement et de qualit\u00e9 professionnelle. Que ce soit la n\u00e9cessit\u00e9 de pr\u00e9senter des catalogues \u00e9labor\u00e9s, des portefeuilles complexes ou toute autre forme de contenu, le plugin WordPress Real3D Flipbook offre une solution incroyablement polyvalente et ind\u00e9niablement captivante pour satisfaire ses exigences.<\/p>\n<ul>\n<li>Repr\u00e9sentation de Flipbook 3D de haute qualit\u00e9 de vos PDF et images<\/li>\n<li>Page lisse et r\u00e9aliste tournant l&rsquo;animation<\/li>\n<li>Options de conception et de marque personnalisables<\/li>\n<li>Conception adapt\u00e9e aux mobiles et r\u00e9active pour une visualisation optimale sur tous les appareils<\/li>\n<li>Support pour tous les principaux navigateurs<\/li>\n<li>Facile \u00e0 installer et \u00e0 utiliser avec une interface intuitive et un guide \u00e9tape par \u00e9tape<\/li>\n<li>Int\u00e9gration avec WordPress pour une int\u00e9gration transparente avec votre site Web<\/li>\n<li>Fonctionnalit\u00e9s avanc\u00e9es telles que les signets, les fonctionnalit\u00e9s de recherche et les images d&rsquo;arri\u00e8re-plan personnalis\u00e9es<\/li>\n<li>Mises \u00e0 jour r\u00e9guli\u00e8res et soutien de l&rsquo;\u00e9quipe des d\u00e9veloppeurs<\/li>\n<li>Aucune connaissance du codage requise, adapt\u00e9e aux utilisateurs ayant diff\u00e9rents niveaux de comp\u00e9tence technique.<\/li>\n<\/ul>\n","protected":false},"excerpt":{"rendered":"<p>Le plugin WordPress Real3D Flipbook, \u00e9tant un plugin FlipBook interactif tr\u00e8s recherch\u00e9, offre une fonctionnalit\u00e9 exceptionnelle en pr\u00e9sentant sans effort des fichiers ou des images PDF sous la forme d&rsquo;un Flipbook 3D visuellement captivant sur votre site Web WordPress estim\u00e9. Avec sa page transparente, les animations de retournement des pages accompagn\u00e9es d&rsquo;un \u00e9ventail de param\u00e8tres personnalisables, vous avez la libert\u00e9 de cr\u00e9er une rencontre de lecture in\u00e9gal\u00e9e et captivante pour vos utilisateurs estim\u00e9s. De plus, il a \u00e9t\u00e9 m\u00e9ticuleusement con\u00e7u pour \u00eatre adapt\u00e9 aux mobiles, garantissant une compatibilit\u00e9 optimale sur divers appareils, et a \u00e9t\u00e9 optimis\u00e9 avec diligence pour la visibilit\u00e9 du moteur de recherche, facilitant ainsi la port\u00e9e maximale. En incorporant le plugin WordPress Real3D Flipbook, vous pouvez \u00e9lever la qualit\u00e9 de votre contenu, laissant une impression ind\u00e9l\u00e9bile sur votre public exigeant.<\/p>\n","protected":false},"featured_media":145089,"comment_status":"open","ping_status":"open","template":"","meta":[],"product_brand":[2435],"product_cat":[1189,1181,1186],"product_tag":[1231],"class_list":{"0":"post-112604","1":"product","2":"type-product","3":"status-publish","4":"has-post-thumbnail","6":"product_brand-codecanyon","7":"product_cat-personnalisation","8":"product_cat-plugins","9":"product_cat-wordpress-plugins","10":"product_tag-codecanyon","11":"member-discount","12":"discount-restricted","14":"first","15":"instock","16":"sale","17":"downloadable","18":"virtual","19":"sold-individually","20":"purchasable","21":"product-type-simple"},"_links":{"self":[{"href":"https:\/\/gpl-love.com\/fr\/wp-json\/wp\/v2\/product\/112604","targetHints":{"allow":["GET"]}}],"collection":[{"href":"https:\/\/gpl-love.com\/fr\/wp-json\/wp\/v2\/product"}],"about":[{"href":"https:\/\/gpl-love.com\/fr\/wp-json\/wp\/v2\/types\/product"}],"replies":[{"embeddable":true,"href":"https:\/\/gpl-love.com\/fr\/wp-json\/wp\/v2\/comments?post=112604"}],"wp:featuredmedia":[{"embeddable":true,"href":"https:\/\/gpl-love.com\/fr\/wp-json\/wp\/v2\/media\/145089"}],"wp:attachment":[{"href":"https:\/\/gpl-love.com\/fr\/wp-json\/wp\/v2\/media?parent=112604"}],"wp:term":[{"taxonomy":"product_brand","embeddable":true,"href":"https:\/\/gpl-love.com\/fr\/wp-json\/wp\/v2\/product_brand?post=112604"},{"taxonomy":"product_cat","embeddable":true,"href":"https:\/\/gpl-love.com\/fr\/wp-json\/wp\/v2\/product_cat?post=112604"},{"taxonomy":"product_tag","embeddable":true,"href":"https:\/\/gpl-love.com\/fr\/wp-json\/wp\/v2\/product_tag?post=112604"}],"curies":[{"name":"wp","href":"https:\/\/api.w.org\/{rel}","templated":true}]}}