{"id":112599,"date":"2022-03-23T00:00:00","date_gmt":"2022-03-22T23:00:00","guid":{"rendered":"http:\/\/gpl-love.com\/fr\/produit\/avas-multi-purpose-elementor-wordpress-theme\/"},"modified":"2026-03-20T22:55:46","modified_gmt":"2026-03-20T21:55:46","slug":"avas-multi-purpose-elementor-wordpress-theme","status":"publish","type":"product","link":"https:\/\/gpl-love.com\/fr\/produit\/avas-multi-purpose-elementor-wordpress-theme\/","title":{"rendered":"Avas Multi-Purpose Elementor WordPress Theme 6.3.5"},"content":{"rendered":"<h3>Avas Multi-Purpose Elementor WordPress Theme Traits<\/h3>\n<p>Le th\u00e8me WordPress \u00e9l\u00e9mentor AVAS multipulaire offre un large \u00e9ventail de capacit\u00e9s et est un formidable outil pour la conception et le d\u00e9veloppement de sites Web. Featuring a drag and drop interface that is user-friendly and an abundance of pre-built templates, Avas simplifies the process of website creation, catering to both novices and experts, enabling them to effortlessly produce visually striking and professional websites within a short span of temps. Que votre intention soit de construire un blog, une boutique en ligne ou un portefeuille, Avas poss\u00e8de tous les attributs n\u00e9cessaires pour accomplir la t\u00e2che \u00e0 accomplir. Il poss\u00e8de des en-t\u00eates et des pieds de page personnalisables, de nombreux styles de menu et des widgets personnalis\u00e9s, vous fournissant ainsi un \u00e9ventail complet d&rsquo;outils pour vous assurer que votre site Web se distingue des masses. De plus, AVAS garantit que votre site Web semblera visuellement attrayant et fonctionnera de mani\u00e8re optimale sur tous les appareils et plates-formes en raison de sa conception r\u00e9active et de son code optimis\u00e9. Ainsi, si vous cherchez un th\u00e8me WordPress \u00e0 la fois adaptable et influent, capable de vous aider dans la cr\u00e9ation d&rsquo;un site Web impressionnant, et d\u00e9pourvu de toute n\u00e9cessit\u00e9 pour le codage d&rsquo;expertise, le th\u00e8me WordPress \u00e9l\u00e9mentor Avas multiplesse est le choix optimal pour vous .<\/p>\n<ul>\n<li>Conception moderne et professionnelle, adapt\u00e9e \u00e0 un large \u00e9ventail de types de sites Web<\/li>\n<li>Enti\u00e8rement personnalisable avec Elementor Page Builder<\/li>\n<li>Livr\u00e9 avec plus de 50 mod\u00e8les pr\u00e9-con\u00e7us pour une configuration rapide et facile<\/li>\n<li>Int\u00e9gration transparente avec WooCommerce pour la construction de magasins en ligne<\/li>\n<li>Design r\u00e9actif et adapt\u00e9 \u00e0 mobile<\/li>\n<li>Optimisation de SEO int\u00e9gr\u00e9e pour un meilleur classement des moteurs de recherche<\/li>\n<li>Temps de chargement rapide pour une meilleure exp\u00e9rience utilisateur<\/li>\n<li>Mises \u00e0 jour r\u00e9guli\u00e8res et soutien fournis par le d\u00e9veloppeur<\/li>\n<li>Compatible avec tous les principaux navigateurs<\/li>\n<li>Tr\u00e8s bien \u00e9valu\u00e9 par les utilisateurs et les experts de l&rsquo;industrie.<\/li>\n<\/ul>\n","protected":false},"excerpt":{"rendered":"<p>Pr\u00e9sentation du th\u00e8me WordPress \u00e9l\u00e9mentor AVAS Multi-upose Elementor, un mod\u00e8le polyvalent et plein de fonctionnalit\u00e9s con\u00e7u pour r\u00e9pondre \u00e0 tous les besoins de votre site Web. Ce th\u00e8me est id\u00e9al pour toutes les entreprises, agences, startups ou pigistes, visant \u00e0 \u00e9tablir une forte pr\u00e9sence en ligne. Il est enti\u00e8rement r\u00e9actif et pr\u00eat pour la r\u00e9tine, garantissant que votre contenu semble net sur tous les appareils et tailles d&rsquo;\u00e9cran. Construit avec Elementor, l&rsquo;un des constructeurs de pages WordPress les plus populaires, il propose une interface glisser-d\u00e9poser qui fait de la personnalisation un jeu d&rsquo;enfant. De plus, il est livr\u00e9 avec plus de 60 d\u00e9mos pr\u00e9-con\u00e7ues qui peuvent \u00eatre import\u00e9es en un seul clic, ce qui vous permet de vous \u00e9viter de pr\u00e9cieux temps et efforts. Le th\u00e8me AVAS prend \u00e9galement en charge WooCommerce, ce qui le rend adapt\u00e9 aux magasins en ligne. Sa conception conviviale de r\u00e9f\u00e9rencement aide \u00e0 am\u00e9liorer la visibilit\u00e9 de votre site sur les moteurs de recherche, tandis que sa fonctionnalit\u00e9 pr\u00eate pour la traduction garantit que vous pouvez atteindre un public mondial. De plus, il offre un support client haut de gamme pour vous aider chaque fois que vous avez besoin d&rsquo;aide. Essayez le th\u00e8me WordPress \u00e9l\u00e9mentor AVAS multi-usage<\/p>\n","protected":false},"featured_media":143207,"comment_status":"open","ping_status":"open","template":"","meta":[],"product_brand":[2433],"product_cat":[1214,1212,1213],"product_tag":[1366],"class_list":{"0":"post-112599","1":"product","2":"type-product","3":"status-publish","4":"has-post-thumbnail","6":"product_brand-themeforest","7":"product_cat-polyvalent","8":"product_cat-themes","9":"product_cat-wordpress-themes","10":"product_tag-themeforest","11":"member-discount","12":"discount-restricted","14":"first","15":"instock","16":"sale","17":"downloadable","18":"virtual","19":"sold-individually","20":"purchasable","21":"product-type-simple"},"_links":{"self":[{"href":"https:\/\/gpl-love.com\/fr\/wp-json\/wp\/v2\/product\/112599","targetHints":{"allow":["GET"]}}],"collection":[{"href":"https:\/\/gpl-love.com\/fr\/wp-json\/wp\/v2\/product"}],"about":[{"href":"https:\/\/gpl-love.com\/fr\/wp-json\/wp\/v2\/types\/product"}],"replies":[{"embeddable":true,"href":"https:\/\/gpl-love.com\/fr\/wp-json\/wp\/v2\/comments?post=112599"}],"wp:featuredmedia":[{"embeddable":true,"href":"https:\/\/gpl-love.com\/fr\/wp-json\/wp\/v2\/media\/143207"}],"wp:attachment":[{"href":"https:\/\/gpl-love.com\/fr\/wp-json\/wp\/v2\/media?parent=112599"}],"wp:term":[{"taxonomy":"product_brand","embeddable":true,"href":"https:\/\/gpl-love.com\/fr\/wp-json\/wp\/v2\/product_brand?post=112599"},{"taxonomy":"product_cat","embeddable":true,"href":"https:\/\/gpl-love.com\/fr\/wp-json\/wp\/v2\/product_cat?post=112599"},{"taxonomy":"product_tag","embeddable":true,"href":"https:\/\/gpl-love.com\/fr\/wp-json\/wp\/v2\/product_tag?post=112599"}],"curies":[{"name":"wp","href":"https:\/\/api.w.org\/{rel}","templated":true}]}}