{"id":112589,"date":"2025-04-28T00:00:00","date_gmt":"2025-04-27T22:00:00","guid":{"rendered":"http:\/\/gpl-love.com\/fr\/produit\/pie-register-premium\/"},"modified":"2026-04-10T18:36:30","modified_gmt":"2026-04-10T16:36:30","slug":"pie-register-premium","status":"publish","type":"product","link":"https:\/\/gpl-love.com\/fr\/produit\/pie-register-premium\/","title":{"rendered":"Pie Register Premium 3.8.3.8"},"content":{"rendered":"<h3>Pie Register Premium Traits<\/h3>\n<p>Pie Register Premium, un plugin d&rsquo;enregistrement des utilisateurs tr\u00e8s robuste et adaptable, permet aux propri\u00e9taires de sites Web la possibilit\u00e9 de g\u00e9n\u00e9rer sans effort des formulaires d&rsquo;enregistrement personnalis\u00e9s et de superviser efficacement les comptes d&rsquo;utilisateurs. B\u00e9n\u00e9ficiant d&rsquo;une interface conviviale aux c\u00f4t\u00e9s d&rsquo;une vaste gamme de param\u00e8tres, ce plugin est une solution id\u00e9ale pour les entreprises ou les organisations \u00e0 la recherche d&rsquo;une approche s\u00e9curis\u00e9e et personnalisable pour g\u00e9rer les donn\u00e9es des utilisateurs. Les fonctionnalit\u00e9s notables englobent la possibilit\u00e9 d&rsquo;adapter les champs en fonction des exigences sp\u00e9cifiques, de personnaliser les notifications par e-mail, d&rsquo;int\u00e9grer de mani\u00e8re transparente les syst\u00e8mes de paiement et bien plus encore. Que votre objectif implique d&rsquo;\u00e9tablir un formulaire d&rsquo;enregistrement simple ou de construire un syst\u00e8me d&rsquo;adh\u00e9sion complexe, Pie Register Premium fournit tous les outils essentiels pour une initiation transparente. De plus, avec des mises \u00e0 jour r\u00e9guli\u00e8res et un soutien complet, vous pouvez \u00eatre assur\u00e9 en toute confiance que vos n\u00e9cessit\u00e9s d&rsquo;enregistrement des utilisateurs seront satisfaites par un produit superlatif.<\/p>\n<ul>\n<li>Syst\u00e8me d&rsquo;inscription et de connexion robuste pour les sites Web WordPress<\/li>\n<li>Formulaires d&rsquo;inscription personnalisables avec plus de 25 champs de formulaires<\/li>\n<li>Plusieurs mod\u00e8les de formulaire d&rsquo;enregistrement au choix<\/li>\n<li>Capacit\u00e9 \u00e0 cr\u00e9er des champs personnalis\u00e9s illimit\u00e9s<\/li>\n<li>Int\u00e9gration avec des passerelles de paiement comme PayPal et Stripe pour l&rsquo;inscription payante<\/li>\n<li>Notifications par e-mail et r\u00e9percusseurs d&rsquo;autorescestres pour les transactions d&rsquo;enregistrement et de paiement<\/li>\n<li>Option pour cr\u00e9er des r\u00f4les utilisateur et d\u00e9finir les niveaux d&rsquo;acc\u00e8s en fonction des r\u00f4les<\/li>\n<li>Fonctionnalit\u00e9s de s\u00e9curit\u00e9 avanc\u00e9es comme CAPTCHA et Blocking IP pour emp\u00eacher le spam et les robots<\/li>\n<li>GDPR conforme \u00e0 l&rsquo;option pour que les utilisateurs exportent leurs donn\u00e9es<\/li>\n<li>Repr\u00e9sentation et analyse compl\u00e8tes pour l&rsquo;enregistrement des utilisateurs et les donn\u00e9es de paiement.<\/li>\n<\/ul>\n","protected":false},"excerpt":{"rendered":"<p>Pie Register Premium est un plugin d&rsquo;enregistrement des utilisateurs tr\u00e8s sophistiqu\u00e9 et complet qui est sp\u00e9cialement con\u00e7u pour les sites Web WordPress. Ce plugin exceptionnel vous permet de cr\u00e9er sans effort des formulaires d&rsquo;enregistrement personnalis\u00e9s qui poss\u00e8dent une vaste gamme de domaines divers, vous permettant de recueillir efficacement des informations cruciales de vos pr\u00e9cieux utilisateurs. De plus, cet outil remarquable offre \u00e9galement une int\u00e9gration transparente avec diverses passerelles de paiement, facilitant les transactions mon\u00e9taires lisses. De plus, Pie Register Premium offre \u00e9galement des fonctionnalit\u00e9s de redirection de connexion pratiques et des m\u00e9canismes de gestion des profils utilisateur rationalis\u00e9s. Non seulement cela, mais ce plugin exceptionnel int\u00e8gre \u00e9galement des mesures de s\u00e9curit\u00e9 de pointe, y compris un compteur de r\u00e9sistance de mot de passe robuste et une protection contre le captcha imp\u00e9n\u00e9trable. En substance, Pie Register Premium est une solution globale et in\u00e9gal\u00e9e qui facilite avec approfondance la gestion transparente des enregistrements et profils d&rsquo;utilisateurs sur votre site Web estim\u00e9.<\/p>\n","protected":false},"featured_media":144978,"comment_status":"open","ping_status":"open","template":"","meta":[],"product_brand":[2624],"product_cat":[1191,1181,1186],"product_tag":[1794],"class_list":{"0":"post-112589","1":"product","2":"type-product","3":"status-publish","4":"has-post-thumbnail","6":"product_brand-gentech-solutions","7":"product_cat-formes","8":"product_cat-plugins","9":"product_cat-wordpress-plugins","10":"product_tag-gentech-solutions","11":"member-discount","12":"discount-restricted","14":"first","15":"instock","16":"sale","17":"downloadable","18":"virtual","19":"sold-individually","20":"purchasable","21":"product-type-simple"},"_links":{"self":[{"href":"https:\/\/gpl-love.com\/fr\/wp-json\/wp\/v2\/product\/112589","targetHints":{"allow":["GET"]}}],"collection":[{"href":"https:\/\/gpl-love.com\/fr\/wp-json\/wp\/v2\/product"}],"about":[{"href":"https:\/\/gpl-love.com\/fr\/wp-json\/wp\/v2\/types\/product"}],"replies":[{"embeddable":true,"href":"https:\/\/gpl-love.com\/fr\/wp-json\/wp\/v2\/comments?post=112589"}],"wp:featuredmedia":[{"embeddable":true,"href":"https:\/\/gpl-love.com\/fr\/wp-json\/wp\/v2\/media\/144978"}],"wp:attachment":[{"href":"https:\/\/gpl-love.com\/fr\/wp-json\/wp\/v2\/media?parent=112589"}],"wp:term":[{"taxonomy":"product_brand","embeddable":true,"href":"https:\/\/gpl-love.com\/fr\/wp-json\/wp\/v2\/product_brand?post=112589"},{"taxonomy":"product_cat","embeddable":true,"href":"https:\/\/gpl-love.com\/fr\/wp-json\/wp\/v2\/product_cat?post=112589"},{"taxonomy":"product_tag","embeddable":true,"href":"https:\/\/gpl-love.com\/fr\/wp-json\/wp\/v2\/product_tag?post=112589"}],"curies":[{"name":"wp","href":"https:\/\/api.w.org\/{rel}","templated":true}]}}