{"id":112587,"date":"2025-10-28T00:00:00","date_gmt":"2025-10-27T23:00:00","guid":{"rendered":"http:\/\/gpl-love.com\/fr\/produit\/martfury-woocommerce-marketplace-wordpress-theme\/"},"modified":"2026-04-07T00:31:15","modified_gmt":"2026-04-06T22:31:15","slug":"martfury-woocommerce-marketplace-wordpress-theme","status":"publish","type":"product","link":"https:\/\/gpl-love.com\/fr\/produit\/martfury-woocommerce-marketplace-wordpress-theme\/","title":{"rendered":"Martfury WooCommerce Marketplace WordPress Theme 3.3.8"},"content":{"rendered":"<h3>Martfury WooCommerce Marketplace WordPress Theme Traits<\/h3>\n<p>Martfury est un th\u00e8me WordPress sp\u00e9cialement d\u00e9velopp\u00e9 pour le march\u00e9 WooCommerce. Son objectif principal est de faciliter la cr\u00e9ation d&rsquo;une plate-forme en ligne o\u00f9 les fournisseurs peuvent commercialiser efficacement et vendre leur assortiment de produits. B\u00e9n\u00e9ficiant d&rsquo;une vaste gamme de fonctionnalit\u00e9s et d&rsquo;options de personnalisation, ce th\u00e8me offre une commodit\u00e9 et une flexibilit\u00e9 in\u00e9gal\u00e9es dans la cr\u00e9ation d&rsquo;un site Web dynamique et distinctif de march\u00e9. Avec ce th\u00e8me, la gestion des vendeurs, des produits, des commandes et des paiements devient une entreprise transparente et sans effort. En outre, l&rsquo;incorporation de variations de produits, les dispositions d&rsquo;exp\u00e9dition et diverses passerelles de paiement am\u00e9liore consid\u00e9rablement l&rsquo;exp\u00e9rience utilisateur globale. De plus, la r\u00e9activit\u00e9 compl\u00e8te du th\u00e8me garantit un affichage et une fonctionnalit\u00e9 optimaux sur tous les appareils, garantissant une interface visuellement captivante et conviviale. Notamment, Martfury pr\u00e9sente \u00e9galement un puissant syst\u00e8me de recherche et de filtre, facilitant la capacit\u00e9 des clients \u00e0 localiser rapidement les produits souhait\u00e9s. Par cons\u00e9quent, l&rsquo;utilisation de Martfury permet aux entrepreneurs d&rsquo;\u00e9tablir un march\u00e9 en ligne florissant qui amalgame parfaitement la fonctionnalit\u00e9 et l&rsquo;attrait esth\u00e9tique.<\/p>\n<ul>\n<li>Un th\u00e8me WordPress personnalis\u00e9 sp\u00e9cialement con\u00e7u pour cr\u00e9er un march\u00e9 en ligne \u00e0 l&rsquo;aide de capacit\u00e9s WooCommerce<\/li>\n<li>Conception tr\u00e8s r\u00e9active qui peut s&rsquo;adapter \u00e0 n&rsquo;importe quelle taille d&rsquo;\u00e9cran, offrant une exp\u00e9rience utilisateur exceptionnelle aux clients et aux vendeurs<\/li>\n<li>Des fonctionnalit\u00e9s et des outils int\u00e9gr\u00e9s puissants qui simplifient le processus de gestion d&rsquo;un march\u00e9 en ligne, y compris la gestion des produits, le suivi des commandes et le traitement des paiements<\/li>\n<li>Plusieurs dispositions de d\u00e9monstration au choix, donnant aux utilisateurs la flexibilit\u00e9 pour s\u00e9lectionner la conception parfaite pour leur march\u00e9<\/li>\n<li>Int\u00e9gration avec des plugins et des services populaires qui am\u00e9liorent les fonctionnalit\u00e9s, telles que MailChimp, Yoast SEO et Google Analytics<\/li>\n<li>Documentation approfondie et support rapide des d\u00e9veloppeurs, garantissant une exp\u00e9rience transparente pour les utilisateurs de l&rsquo;installation \u00e0 la personnalisation.<\/li>\n<\/ul>\n","protected":false},"excerpt":{"rendered":"<p>Le th\u00e8me WordPress du march\u00e9 WooCommerce de Martfury, m\u00e9ticuleusement con\u00e7u pour faciliter la cr\u00e9ation d&rsquo;un march\u00e9 en ligne adaptable de pointe et adaptable, est la panac\u00e9e ultime pour tout propri\u00e9taire d&rsquo;entreprise entreprenant qui aspire \u00e0 colporter sans effort leurs marchandises sur le royaume virtuel. B\u00e9n\u00e9ficiant d&rsquo;une interface excessivement conviviale et d&rsquo;un \u00e9ventail d&rsquo;options personnalisables, ce th\u00e8me r\u00e8gne en ma\u00eetre pour les personnes cherchant \u00e0 pr\u00e9senter leurs produits avec le plus grand panache, dominant simultan\u00e9ment leur client\u00e8le estim\u00e9e avec une exp\u00e9rience d&rsquo;achat in\u00e9gal\u00e9e qui est sans obstacle. De la fourniture de fonctionnalit\u00e9s de recherche et de filtrage d&rsquo;avant-garde \u00e0 la pl\u00e9thore d&rsquo;alternatives de paiement disponibles, Martfury englobe une gamme exhaustive d&rsquo;attributs indispensables qui sont essentiels pour transformer votre entreprise num\u00e9rique en une entreprise lucrative.<\/p>\n","protected":false},"featured_media":144459,"comment_status":"open","ping_status":"open","template":"","meta":[],"product_brand":[2433],"product_cat":[1238,1851,1212],"product_tag":[1366],"class_list":{"0":"post-112587","1":"product","2":"type-product","3":"status-publish","4":"has-post-thumbnail","6":"product_brand-themeforest","7":"product_cat-commerce-electronique-themes","8":"product_cat-entreprise-commerce-electronique-themes","9":"product_cat-themes","10":"product_tag-themeforest","11":"member-discount","12":"discount-restricted","14":"first","15":"instock","16":"sale","17":"downloadable","18":"virtual","19":"sold-individually","20":"purchasable","21":"product-type-simple"},"_links":{"self":[{"href":"https:\/\/gpl-love.com\/fr\/wp-json\/wp\/v2\/product\/112587","targetHints":{"allow":["GET"]}}],"collection":[{"href":"https:\/\/gpl-love.com\/fr\/wp-json\/wp\/v2\/product"}],"about":[{"href":"https:\/\/gpl-love.com\/fr\/wp-json\/wp\/v2\/types\/product"}],"replies":[{"embeddable":true,"href":"https:\/\/gpl-love.com\/fr\/wp-json\/wp\/v2\/comments?post=112587"}],"wp:featuredmedia":[{"embeddable":true,"href":"https:\/\/gpl-love.com\/fr\/wp-json\/wp\/v2\/media\/144459"}],"wp:attachment":[{"href":"https:\/\/gpl-love.com\/fr\/wp-json\/wp\/v2\/media?parent=112587"}],"wp:term":[{"taxonomy":"product_brand","embeddable":true,"href":"https:\/\/gpl-love.com\/fr\/wp-json\/wp\/v2\/product_brand?post=112587"},{"taxonomy":"product_cat","embeddable":true,"href":"https:\/\/gpl-love.com\/fr\/wp-json\/wp\/v2\/product_cat?post=112587"},{"taxonomy":"product_tag","embeddable":true,"href":"https:\/\/gpl-love.com\/fr\/wp-json\/wp\/v2\/product_tag?post=112587"}],"curies":[{"name":"wp","href":"https:\/\/api.w.org\/{rel}","templated":true}]}}