{"id":112585,"date":"2025-05-11T00:00:00","date_gmt":"2025-05-10T22:00:00","guid":{"rendered":"http:\/\/gpl-love.com\/fr\/produit\/doctreat-doctors-directory-wordpress-theme\/"},"modified":"2026-03-20T23:01:09","modified_gmt":"2026-03-20T22:01:09","slug":"doctreat-doctors-directory-wordpress-theme","status":"publish","type":"product","link":"https:\/\/gpl-love.com\/fr\/produit\/doctreat-doctors-directory-wordpress-theme\/","title":{"rendered":"Doctreat Doctors Directory WordPress Theme 1.6.7"},"content":{"rendered":"<h3>Doctreat Doctors Directory WordPress Theme Traits<\/h3>\n<p>Le th\u00e8me WordPress du r\u00e9pertoire des m\u00e9decins Doctreat est une solution globale et approfondie sp\u00e9cialement con\u00e7ue dans le but de cr\u00e9er un r\u00e9pertoire \u00e0 la fois professionnel et convivial, sp\u00e9cifiquement pour les m\u00e9decins et les m\u00e9decins. Ce th\u00e8me particulier comprend toutes les fonctionnalit\u00e9s n\u00e9cessaires et essentielles n\u00e9cessaires afin de construire avec succ\u00e8s un r\u00e9pertoire fonctionnel, qui comprend des options de recherche tr\u00e8s avanc\u00e9es, ainsi qu&rsquo;une fonctionnalit\u00e9 de r\u00e9servation de rendez-vous tr\u00e8s efficace et efficace. De plus, ce th\u00e8me int\u00e8gre \u00e9galement des pages de profil de m\u00e9decin individuelles qui sont \u00e9quip\u00e9es d&rsquo;un contenu tr\u00e8s d\u00e9taill\u00e9 et informatif concernant leur domaine de sp\u00e9cialit\u00e9, ainsi que leur exp\u00e9rience et leurs qualifications approfondies. De plus, la conception de ce th\u00e8me est r\u00e9active, permettant ainsi la navigation et l&rsquo;utilisation sans effort sur tout type d&rsquo;appareil. En utilisant le th\u00e8me du doctat, vous aurez la capacit\u00e9 d&rsquo;\u00e9tablir et de construire un r\u00e9pertoire \u00e0 la fois efficace et tr\u00e8s efficace pour connecter les patients avec le niveau de soins le plus et le plus exceptionnel des meilleurs professionnels de la sant\u00e9 disponibles.<\/p>\n<ul>\n<li>Th\u00e8me WordPress hautement personnalisable con\u00e7u sp\u00e9cifiquement pour cr\u00e9er un site Web d&rsquo;annuaire de m\u00e9decins<\/li>\n<li>Livr\u00e9 avec des mod\u00e8les et des dispositions pr\u00e9-con\u00e7us pour vous aider \u00e0 d\u00e9marrer rapidement<\/li>\n<li>Comprend une fonctionnalit\u00e9 de recherche avanc\u00e9e pour aider les visiteurs \u00e0 trouver rapidement le m\u00e9decin dont ils ont besoin en fonction de l&#8217;emplacement, de la sp\u00e9cialit\u00e9 ou d&rsquo;autres crit\u00e8res<\/li>\n<li>Le syst\u00e8me de r\u00e9servation de rendez-vous int\u00e9gr\u00e9 permet aux patients de prendre des rendez-vous avec les m\u00e9decins directement via le site Web<\/li>\n<li>L&rsquo;int\u00e9gration avec les principaux plugins de r\u00e9servation de rendez-vous permet une plus grande flexibilit\u00e9 pour la planification de rendez-vous<\/li>\n<li>Afficher les profils de m\u00e9decin avec des informations d\u00e9taill\u00e9es sur leur \u00e9ducation, leur exp\u00e9rience, leurs sp\u00e9cialit\u00e9s et plus encore<\/li>\n<li>Les examens et les notes des patients aident les visiteurs \u00e0 prendre des d\u00e9cisions \u00e9clair\u00e9es sur le m\u00e9decin \u00e0 choisir<\/li>\n<li>La fonctionnalit\u00e9 de blog int\u00e9gr\u00e9e vous permet de tenir vos visiteurs \u00e0 jour avec les derni\u00e8res nouvelles et tendances dans le domaine m\u00e9dical<\/li>\n<li>La conception r\u00e9active garantit que le site Web a fi\u00e8re allure sur tous les appareils et tailles d&rsquo;\u00e9cran<\/li>\n<li>Des mises \u00e0 jour r\u00e9guli\u00e8res et un excellent support client garantissent une exp\u00e9rience fluide et sans tracas<\/li>\n<\/ul>\n","protected":false},"excerpt":{"rendered":"<p>D\u00e9couvrez le th\u00e8me WordPress Power of DocTreat Doctors WordPress, une solution compl\u00e8te pour les professionnels de la sant\u00e9 qui cherchent \u00e0 cr\u00e9er une pr\u00e9sence en ligne. Ce th\u00e8me convivial est parfait pour les m\u00e9decins, les cliniques, les h\u00f4pitaux et les prestataires de soins de sant\u00e9, offrant un r\u00e9pertoire \u00e9tendu pour stimuler la visibilit\u00e9. Avec sa conception intuitive, vous pouvez g\u00e9rer sans effort les rendez-vous et les horaires, assurant des op\u00e9rations en douceur. Sa fonctionnalit\u00e9 de recherche robuste permet aux patients potentiels de trouver et de se connecter facilement avec vous. De plus, il est livr\u00e9 avec une fonctionnalit\u00e9 de blog int\u00e9gr\u00e9e, vous offrant une plate-forme pour partager des informations, des nouvelles et des mises \u00e0 jour. Doctreat n&rsquo;est pas seulement un th\u00e8me; C&rsquo;est un outil puissant pour vous aider \u00e0 atteindre vos patients plus efficacement. D\u00e9couvrez les avantages de ce th\u00e8me WordPress riche en fonctionnalit\u00e9s et amenez votre pratique m\u00e9dicale \u00e0 de nouveaux sommets.<\/p>\n","protected":false},"featured_media":143560,"comment_status":"open","ping_status":"open","template":"","meta":[],"product_brand":[2433],"product_cat":[1242,1212,1213],"product_tag":[1366],"class_list":{"0":"post-112585","1":"product","2":"type-product","3":"status-publish","4":"has-post-thumbnail","6":"product_brand-themeforest","7":"product_cat-creatif","8":"product_cat-themes","9":"product_cat-wordpress-themes","10":"product_tag-themeforest","11":"member-discount","12":"discount-restricted","14":"first","15":"instock","16":"sale","17":"downloadable","18":"virtual","19":"sold-individually","20":"purchasable","21":"product-type-simple"},"_links":{"self":[{"href":"https:\/\/gpl-love.com\/fr\/wp-json\/wp\/v2\/product\/112585","targetHints":{"allow":["GET"]}}],"collection":[{"href":"https:\/\/gpl-love.com\/fr\/wp-json\/wp\/v2\/product"}],"about":[{"href":"https:\/\/gpl-love.com\/fr\/wp-json\/wp\/v2\/types\/product"}],"replies":[{"embeddable":true,"href":"https:\/\/gpl-love.com\/fr\/wp-json\/wp\/v2\/comments?post=112585"}],"wp:featuredmedia":[{"embeddable":true,"href":"https:\/\/gpl-love.com\/fr\/wp-json\/wp\/v2\/media\/143560"}],"wp:attachment":[{"href":"https:\/\/gpl-love.com\/fr\/wp-json\/wp\/v2\/media?parent=112585"}],"wp:term":[{"taxonomy":"product_brand","embeddable":true,"href":"https:\/\/gpl-love.com\/fr\/wp-json\/wp\/v2\/product_brand?post=112585"},{"taxonomy":"product_cat","embeddable":true,"href":"https:\/\/gpl-love.com\/fr\/wp-json\/wp\/v2\/product_cat?post=112585"},{"taxonomy":"product_tag","embeddable":true,"href":"https:\/\/gpl-love.com\/fr\/wp-json\/wp\/v2\/product_tag?post=112585"}],"curies":[{"name":"wp","href":"https:\/\/api.w.org\/{rel}","templated":true}]}}