{"id":112583,"date":"2026-03-25T00:00:00","date_gmt":"2026-03-24T23:00:00","guid":{"rendered":"http:\/\/gpl-love.com\/fr\/produit\/woocommerce-bulk-variations-wordpress-plugin\/"},"modified":"2026-04-10T18:46:16","modified_gmt":"2026-04-10T16:46:16","slug":"woocommerce-bulk-variations-wordpress-plugin","status":"publish","type":"product","link":"https:\/\/gpl-love.com\/fr\/produit\/woocommerce-bulk-variations-wordpress-plugin\/","title":{"rendered":"WooCommerce Bulk Variations WordPress Plugin 2.4.8"},"content":{"rendered":"<h3>WooCommerce Bulk Variations WordPress Plugin Traits<\/h3>\n<p>Le plugin WordPress Variations Bulk WooCommerce est un outil exceptionnellement puissant et efficace qui rationalise et simplifie efficacement le processus complexe et complexe de cr\u00e9ation de variations de produits pour votre boutique en ligne estim\u00e9e. Ce plugin remarquable vous offre la capacit\u00e9 inestimable de g\u00e9n\u00e9rer et de g\u00e9rer efficacement des volumes substantiels de produits variables, le tout en quelques clics. Avec sa remarquable caract\u00e9ristique d&rsquo;\u00e9dition en vrac, vous avez la capacit\u00e9 rare de mettre \u00e0 jour rapidement et commod\u00e9ment toutes les variations en un seul coup, \u00e9conomisant ainsi consid\u00e9rablement une grande quantit\u00e9 de votre temps inestimable et de votre effort minutieux. De plus, ce plugin transformateur vous accorde \u00e9galement une gamme d&rsquo;options avanc\u00e9es qui vous permettent de cr\u00e9er et d&rsquo;adapter les attributs personnalis\u00e9s et les variations, vous accordant ainsi une autonomie compl\u00e8te et un contr\u00f4le supr\u00eame sur votre catalogue de produits m\u00e9ticuleusement organis\u00e9. De plus, le plug-in WooCommerce Bulk Variations WordPress poss\u00e8de une interface exceptionnellement conviviale qui s&rsquo;int\u00e8gre de mani\u00e8re transparente \u00e0 votre flux de travail existant, tout en vous fournissant simultan\u00e9ment une gamme non pr\u00e9c\u00e9dente et compl\u00e8te de fonctionnalit\u00e9s robustes, ce qui le rend finalement un outil indispensable et pivot pour chaque r\u00e9v\u00e9lation et en fin de compte Le propri\u00e9taire de la boutique en ligne qui aspire \u00e0 acc\u00e9l\u00e9rer et \u00e0 rationaliser son processus de gestion des produits autrement lourde et laborieux.<\/p>\n<ul>\n<li>G\u00e9rer et mettre \u00e0 jour facilement plusieurs variations de produits \u00e0 la fois.<\/li>\n<li>\u00c9conomisez du temps par des donn\u00e9es de variation d&rsquo;\u00e9dition en vrac telles que les prix, les SKU et les niveaux de stock.<\/li>\n<li>Cr\u00e9ez de nouvelles variations en vrac et attribuez rapidement et facilement.<\/li>\n<li>Prise en charge de tous les types de produits WooCommerce, y compris les produits variables, d&rsquo;abonnement variable, de punier et de produits composites.<\/li>\n<li>Options personnalisables pour l&rsquo;\u00e9dition par lots et le t\u00e9l\u00e9chargement des fichiers CSV pour les mises \u00e0 jour rapides.<\/li>\n<li>Interface simple et conviviale qui s&rsquo;int\u00e8gre de mani\u00e8re transparente \u00e0 WooCommerce.<\/li>\n<li>Augmentez la productivit\u00e9 et rationalisez votre processus de gestion des produits.<\/li>\n<li>Convient pour les magasins en ligne avec de grands catalogues de produits et des variations complexes.<\/li>\n<li>Les fonctionnalit\u00e9s avanc\u00e9es incluent la prise en charge des images de produits variables et les champs de description de la variation.<\/li>\n<\/ul>\n","protected":false},"excerpt":{"rendered":"<p>Le plugin WordPress WooCommerce Variations WordPress offre une solution pratique et efficace pour g\u00e9rer les variations de produits en vrac, permettant aux utilisateurs de faire des ajustements rapides et transparents. Gr\u00e2ce \u00e0 son interface conviviale, on peut sans effort ajouter ou modifier de nombreuses variations simultan\u00e9ment, \u00e9vitant la n\u00e9cessit\u00e9 de modifications individualis\u00e9es. En tant que tel, ce plugin sert \u00e0 rationaliser l&rsquo;ensemble du processus tout en optimisant consid\u00e9rablement la gestion du temps pour tout propri\u00e9taire d&rsquo;un magasin WooCommerce.<\/p>\n","protected":false},"featured_media":145824,"comment_status":"open","ping_status":"open","template":"","meta":[],"product_brand":[2518],"product_cat":[1182,1223,1181],"product_tag":[1619],"class_list":{"0":"post-112583","1":"product","2":"type-product","3":"status-publish","4":"has-post-thumbnail","6":"product_brand-barn2","7":"product_cat-commerce-electronique-plugins","8":"product_cat-personnalisation-commerce-electronique-plugins","9":"product_cat-plugins","10":"product_tag-barn2","11":"member-discount","12":"discount-restricted","14":"first","15":"instock","16":"sale","17":"downloadable","18":"virtual","19":"sold-individually","20":"purchasable","21":"product-type-simple"},"_links":{"self":[{"href":"https:\/\/gpl-love.com\/fr\/wp-json\/wp\/v2\/product\/112583","targetHints":{"allow":["GET"]}}],"collection":[{"href":"https:\/\/gpl-love.com\/fr\/wp-json\/wp\/v2\/product"}],"about":[{"href":"https:\/\/gpl-love.com\/fr\/wp-json\/wp\/v2\/types\/product"}],"replies":[{"embeddable":true,"href":"https:\/\/gpl-love.com\/fr\/wp-json\/wp\/v2\/comments?post=112583"}],"wp:featuredmedia":[{"embeddable":true,"href":"https:\/\/gpl-love.com\/fr\/wp-json\/wp\/v2\/media\/145824"}],"wp:attachment":[{"href":"https:\/\/gpl-love.com\/fr\/wp-json\/wp\/v2\/media?parent=112583"}],"wp:term":[{"taxonomy":"product_brand","embeddable":true,"href":"https:\/\/gpl-love.com\/fr\/wp-json\/wp\/v2\/product_brand?post=112583"},{"taxonomy":"product_cat","embeddable":true,"href":"https:\/\/gpl-love.com\/fr\/wp-json\/wp\/v2\/product_cat?post=112583"},{"taxonomy":"product_tag","embeddable":true,"href":"https:\/\/gpl-love.com\/fr\/wp-json\/wp\/v2\/product_tag?post=112583"}],"curies":[{"name":"wp","href":"https:\/\/api.w.org\/{rel}","templated":true}]}}