{"id":112581,"date":"2022-01-15T00:00:00","date_gmt":"2022-01-14T23:00:00","guid":{"rendered":"http:\/\/gpl-love.com\/fr\/produit\/yootheme-pro-wordpress-theme-and-page-builder\/"},"modified":"2026-03-20T23:54:19","modified_gmt":"2026-03-20T22:54:19","slug":"yootheme-pro-wordpress-theme-and-page-builder","status":"publish","type":"product","link":"https:\/\/gpl-love.com\/fr\/produit\/yootheme-pro-wordpress-theme-and-page-builder\/","title":{"rendered":"Yootheme Pro WordPress Th\u00e8me et Page Builder 2.7.15"},"content":{"rendered":"<h3>Yootheme Pro WordPress Th\u00e8me et Page Builder Traits<\/h3>\n<p>Le th\u00e8me et le g\u00e9n\u00e9rateur de pages Yootheme Pro WordPress est un outil exceptionnellement robuste qui facilite la cr\u00e9ation sans effort de sites Web personnalis\u00e9s. Il poss\u00e8de une vaste gamme de mod\u00e8les et de widgets pr\u00e9-con\u00e7us, accordant aux utilisateurs la libert\u00e9 de s\u00e9lectionner leurs options pr\u00e9f\u00e9r\u00e9es. L&rsquo;interface intuitive de glisser-d\u00e9poser permet aux individus de cr\u00e9er et de personnaliser sans effort les pages en fonction de leur vision unique. En outre, ce th\u00e8me pr\u00e9sente une r\u00e9activit\u00e9 et une compatibilit\u00e9 remarquables sur divers appareils, garantissant un attrait visuel optimal, quelle que soit la taille de l&rsquo;\u00e9cran. Notamment, Yootherme Pro propose une gamme impressionnante d&rsquo;int\u00e9grations et de fonctionnalit\u00e9s, notamment WooCommerce, les polices personnalis\u00e9es et l&rsquo;optimisation SEO. Par cons\u00e9quent, il sert de solution globale pour tout site Web ou entreprise commerciale. L&rsquo;adoption de Yootheme Pro \u00e9quivaut \u00e0 adopter la simplicit\u00e9 et l&rsquo;accessibilit\u00e9 dans la poursuite de l&rsquo;\u00e9laboration d&rsquo;une pr\u00e9sence en ligne professionnelle et visuellement captivante.<\/p>\n<ul>\n<li>Th\u00e8me WordPress personnalisable avec g\u00e9n\u00e9rateur de page glisser-d\u00e9poser<\/li>\n<li>Prise en charge int\u00e9gr\u00e9e pour WooCommerce pour une int\u00e9gration de commerce \u00e9lectronique facile<\/li>\n<li>Livr\u00e9 avec une vari\u00e9t\u00e9 de dispositions et de styles pr\u00e9d\u00e9finis au choix<\/li>\n<li>Importez et exportez facilement vos conceptions au format JSON<\/li>\n<li>Conception r\u00e9active int\u00e9gr\u00e9e pour la compatibilit\u00e9 mobile et des tablettes<\/li>\n<li>Interface intuitive et conviviale pour une conception et une personnalisation faciles<\/li>\n<li>S&rsquo;int\u00e8gre aux plugins WordPress populaires comme le formulaire de contact 7 et les formulaires de gravit\u00e9<\/li>\n<li>Comprend une biblioth\u00e8que d&rsquo;\u00e9l\u00e9ments pr\u00e9d\u00e9finis tels que les curseurs, les galeries et les ic\u00f4nes<\/li>\n<li>Optimis\u00e9 pour les temps de chargement rapide et les performances de r\u00e9f\u00e9rencement<\/li>\n<li>R\u00e9guli\u00e8rement mis \u00e0 jour avec de nouvelles fonctionnalit\u00e9s et des corrections de bogues par l&rsquo;\u00e9quipe Yootheme<\/li>\n<\/ul>\n","protected":false},"excerpt":{"rendered":"<p>Le th\u00e8me et le constructeur de pages Yootheme Pro WordPress, r\u00e9put\u00e9 parmi les d\u00e9veloppeurs Web, est un instrument extr\u00eamement robuste et formidable con\u00e7u pour fabriquer des sites Web WordPress visuellement captivants et exceptionnellement polis. Son vaste assemblage de dispositions pr\u00e9-con\u00e7ues, de widgets et d&rsquo;un \u00e9ventail de possibilit\u00e9s de personnalisation permettent aux utilisateurs de concevoir sans effort un site Web qui d\u00e9gage une distinction et se distingue des masses omnipr\u00e9sentes. De plus, le constructeur innovant de pages de glisser-d\u00e9poser \u00e9radique la n\u00e9cessit\u00e9 de toute comp\u00e9tence en codage, permettant aux individus d&rsquo;ing\u00e9menter sans effort des dispositions de pages personnalis\u00e9es adapt\u00e9es \u00e0 leurs pr\u00e9f\u00e9rences. La polyvalence retentissante et l&rsquo;adaptabilit\u00e9 inh\u00e9rente de Yootheme Pro en rendent un choix in\u00e9gal\u00e9 pour un \u00e9ventail diversifi\u00e9 d&rsquo;individus, notamment des blogueurs estim\u00e9s, des entreprises prosp\u00e8res et des cr\u00e9atifs imaginatifs.<\/p>\n","protected":false},"featured_media":146455,"comment_status":"open","ping_status":"open","template":"","meta":[],"product_brand":[2692],"product_cat":[1242,1212,1213],"product_tag":[1788],"class_list":{"0":"post-112581","1":"product","2":"type-product","3":"status-publish","4":"has-post-thumbnail","6":"product_brand-yootheme","7":"product_cat-creatif","8":"product_cat-themes","9":"product_cat-wordpress-themes","10":"product_tag-yootheme","11":"member-discount","12":"discount-restricted","14":"first","15":"instock","16":"sale","17":"downloadable","18":"virtual","19":"sold-individually","20":"purchasable","21":"product-type-simple"},"_links":{"self":[{"href":"https:\/\/gpl-love.com\/fr\/wp-json\/wp\/v2\/product\/112581","targetHints":{"allow":["GET"]}}],"collection":[{"href":"https:\/\/gpl-love.com\/fr\/wp-json\/wp\/v2\/product"}],"about":[{"href":"https:\/\/gpl-love.com\/fr\/wp-json\/wp\/v2\/types\/product"}],"replies":[{"embeddable":true,"href":"https:\/\/gpl-love.com\/fr\/wp-json\/wp\/v2\/comments?post=112581"}],"wp:featuredmedia":[{"embeddable":true,"href":"https:\/\/gpl-love.com\/fr\/wp-json\/wp\/v2\/media\/146455"}],"wp:attachment":[{"href":"https:\/\/gpl-love.com\/fr\/wp-json\/wp\/v2\/media?parent=112581"}],"wp:term":[{"taxonomy":"product_brand","embeddable":true,"href":"https:\/\/gpl-love.com\/fr\/wp-json\/wp\/v2\/product_brand?post=112581"},{"taxonomy":"product_cat","embeddable":true,"href":"https:\/\/gpl-love.com\/fr\/wp-json\/wp\/v2\/product_cat?post=112581"},{"taxonomy":"product_tag","embeddable":true,"href":"https:\/\/gpl-love.com\/fr\/wp-json\/wp\/v2\/product_tag?post=112581"}],"curies":[{"name":"wp","href":"https:\/\/api.w.org\/{rel}","templated":true}]}}