{"id":112579,"date":"2021-11-30T00:00:00","date_gmt":"2021-11-29T23:00:00","guid":{"rendered":"http:\/\/gpl-love.com\/fr\/produit\/widgetkit-wordpress-gallery-and-slider-plugin\/"},"modified":"2026-03-20T23:43:50","modified_gmt":"2026-03-20T22:43:50","slug":"widgetkit-wordpress-gallery-and-slider-plugin","status":"publish","type":"product","link":"https:\/\/gpl-love.com\/fr\/produit\/widgetkit-wordpress-gallery-and-slider-plugin\/","title":{"rendered":"Widgetkit WordPress Gallery et Slider Plugin 3.1.6"},"content":{"rendered":"<h3>Widgetkit WordPress Gallery et Slider Plugin Traits<\/h3>\n<p>La galerie WidgetKit WordPress et le plugin Slider est un outil incroyablement robuste et dynamique qui a \u00e9t\u00e9 m\u00e9ticuleusement con\u00e7u dans le seul but d&rsquo;\u00e9lever l&rsquo;esth\u00e9tique visuelle globale de votre site Web. En int\u00e9grant de mani\u00e8re transparente ce plugin incroyablement polyvalent dans votre site, vous aurez acc\u00e8s \u00e0 un \u00e9ventail de fonctionnalit\u00e9s et de fonctionnalit\u00e9s impressionnantes qui captiveront et fassineront sans aucun doute votre public. Ce plugin remarquable vous permet de cr\u00e9er et de personnaliser sans effort des galeries d&rsquo;images \u00e9poustouflantes, de diaporamas fascinants et de carrousels dynamiques, qui contribueront sans aucun doute \u00e0 une exp\u00e9rience utilisateur in\u00e9gal\u00e9e. Avec son interface utilisateur intuitive et un vaste assortiment d&rsquo;options de conception visuellement \u00e9poustouflantes \u00e0 votre disposition, WidgetKit vous permet de pr\u00e9senter astucieusement et de mani\u00e8re cr\u00e9ative vos photos \u00e0 couper le souffle et vos vid\u00e9os impressionnantes d&rsquo;une mani\u00e8re \u00e0 la fois visuellement captivante et incroyablement engageante. Que vous soyez un photographe en herbe qui cherche \u00e0 pr\u00e9senter votre portefeuille, un passionn\u00e9 de commerce \u00e9lectronique d\u00e9sireux de montrer votre gamme de produits, ou simplement une personne cherchant \u00e0 injecter un \u00e9l\u00e9ment visuellement frappant sur votre site Web, WidgetKit r\u00e9pond et d\u00e9passe toutes vos attentes. Donc, si vous \u00eates un utilisateur WordPress aspirant \u00e0 agrandir votre pr\u00e9sence en ligne et \u00e0 faire une marque ind\u00e9l\u00e9bile dans le domaine num\u00e9rique, WidgetKit est, sans la moindre doute, la solution ultime qui vous propulsera vers un succ\u00e8s in\u00e9gal\u00e9.<\/p>\n<ul>\n<li>Galeries et curseurs r\u00e9actifs et adapt\u00e9s aux mobiles pour votre site WordPress<\/li>\n<li>Plusieurs options de disposition, y compris la grille et la mosa\u00efque<\/li>\n<li>Possibilit\u00e9 de personnaliser et de contr\u00f4ler l&rsquo;affichage de vos images et vid\u00e9os<\/li>\n<li>Int\u00e9gration avec des plateformes de m\u00e9dias sociaux populaires telles que Instagram et Flickr<\/li>\n<li>Lightbox int\u00e9gr\u00e9 pour une exp\u00e9rience de visualisation am\u00e9lior\u00e9e<\/li>\n<li>Interface de glisser-d\u00e9poser simple pour une utilisation et une personnalisation faciles<\/li>\n<li>Galeries et curseurs conviviaux pour aider \u00e0 aider les efforts de marketing et d&rsquo;optimisation des moteurs de recherche<\/li>\n<li>Mises \u00e0 jour et soutien r\u00e9guliers fournis par l&rsquo;\u00e9quipe des d\u00e9veloppeurs.<\/li>\n<\/ul>\n","protected":false},"excerpt":{"rendered":"<p>WidgetKit, un plugin WordPress robuste, poss\u00e8de la capacit\u00e9 de faciliter la cr\u00e9ation de galeries et de curseurs captivants pour votre site Web. \u00c9quip\u00e9 d&rsquo;une pl\u00e9thore de fonctionnalit\u00e9s personnalisables et d&rsquo;une interface intuitive, WidgetKit simplifie le processus de fabrication de contenu visuellement attrayant et captivant pour les individus \u00e0 tous les niveaux de comp\u00e9tence, qu&rsquo;il s&rsquo;agisse de novices ou d&rsquo;experts dans le domaine. Que votre intention soit de montrer vos entreprises les plus r\u00e9centes, de pr\u00e9senter un vaste portefeuille ou de publier votre marchandise, WidgetKit sert de solution id\u00e9ale pour \u00e9lever votre pr\u00e9sence en ligne et vous distinguer de la comp\u00e9tition. Ne perdez pas de temps et lancez un essai de widgetkit aujourd&rsquo;hui pour assister \u00e0 la transformation de votre site WordPress en un \u00e9chelon suivant!<\/p>\n","protected":false},"featured_media":145766,"comment_status":"open","ping_status":"open","template":"","meta":[],"product_brand":[2692],"product_cat":[1189,1181,1186],"product_tag":[1788],"class_list":{"0":"post-112579","1":"product","2":"type-product","3":"status-publish","4":"has-post-thumbnail","6":"product_brand-yootheme","7":"product_cat-personnalisation","8":"product_cat-plugins","9":"product_cat-wordpress-plugins","10":"product_tag-yootheme","11":"member-discount","12":"discount-restricted","14":"first","15":"instock","16":"sale","17":"downloadable","18":"virtual","19":"sold-individually","20":"purchasable","21":"product-type-simple"},"_links":{"self":[{"href":"https:\/\/gpl-love.com\/fr\/wp-json\/wp\/v2\/product\/112579","targetHints":{"allow":["GET"]}}],"collection":[{"href":"https:\/\/gpl-love.com\/fr\/wp-json\/wp\/v2\/product"}],"about":[{"href":"https:\/\/gpl-love.com\/fr\/wp-json\/wp\/v2\/types\/product"}],"replies":[{"embeddable":true,"href":"https:\/\/gpl-love.com\/fr\/wp-json\/wp\/v2\/comments?post=112579"}],"wp:featuredmedia":[{"embeddable":true,"href":"https:\/\/gpl-love.com\/fr\/wp-json\/wp\/v2\/media\/145766"}],"wp:attachment":[{"href":"https:\/\/gpl-love.com\/fr\/wp-json\/wp\/v2\/media?parent=112579"}],"wp:term":[{"taxonomy":"product_brand","embeddable":true,"href":"https:\/\/gpl-love.com\/fr\/wp-json\/wp\/v2\/product_brand?post=112579"},{"taxonomy":"product_cat","embeddable":true,"href":"https:\/\/gpl-love.com\/fr\/wp-json\/wp\/v2\/product_cat?post=112579"},{"taxonomy":"product_tag","embeddable":true,"href":"https:\/\/gpl-love.com\/fr\/wp-json\/wp\/v2\/product_tag?post=112579"}],"curies":[{"name":"wp","href":"https:\/\/api.w.org\/{rel}","templated":true}]}}