{"id":112575,"date":"2026-03-02T00:00:00","date_gmt":"2026-03-01T23:00:00","guid":{"rendered":"http:\/\/gpl-love.com\/fr\/produit\/wpshapere-wordpress-admin-theme\/"},"modified":"2026-03-20T23:52:10","modified_gmt":"2026-03-20T22:52:10","slug":"wpshapere-wordpress-admin-theme","status":"publish","type":"product","link":"https:\/\/gpl-love.com\/fr\/produit\/wpshapere-wordpress-admin-theme\/","title":{"rendered":"WPShapere WordPress Admin Theme 8.0.3"},"content":{"rendered":"<h3>WPShapere WordPress Admin Theme Traits<\/h3>\n<p>Le th\u00e8me d&rsquo;administration WPShapere WordPress est un outil incroyablement robuste et hautement personnalisable qui a \u00e9t\u00e9 sp\u00e9cialement con\u00e7u pour am\u00e9liorer consid\u00e9rablement l&rsquo;apparence globale et la fonctionnalit\u00e9 de votre panneau d&rsquo;administration WordPress. Ce th\u00e8me remarquable poss\u00e8de une interface incroyablement conviviale, vous permettant de modifier et d&rsquo;adapter et d&rsquo;adapter rapidement le style et la disposition de votre tableau de bord WordPress pour r\u00e9pondre efficacement \u00e0 tous vos besoins et pr\u00e9f\u00e9rences uniques. Des logos et ic\u00f4nes personnalis\u00e9s aux sch\u00e9mas et typographies enti\u00e8rement personnalis\u00e9s, WPShapere vous accorde une autorit\u00e9 absolue et un contr\u00f4le sur tous les \u00e9l\u00e9ments de conception cruciaux qui composent votre site Web WordPress. Avec une vaste gamme de fonctionnalit\u00e9s et d&rsquo;outils avanc\u00e9s et de pointe \u00e0 votre disposition, comme la capacit\u00e9 ing\u00e9nieuse de restreindre m\u00e9ticuleusement l&rsquo;acc\u00e8s \u00e0 des parties sp\u00e9cifiques du panneau d&rsquo;administration, WPShapere repr\u00e9sente sans aucun doute une ressource essentielle et indispensable pour quiconque cherche \u00e0 optimiser et \u00e0 rationaliser sa ligne WordPress Workflow, tout en \u00e9levant simultan\u00e9ment l&rsquo;exp\u00e9rience utilisateur globale de leur site Web.<\/p>\n<ul>\n<li>Th\u00e8me admin WordPress personnalisable<\/li>\n<li>Facile \u00e0 installer et \u00e0 utiliser<\/li>\n<li>Fournit des options pour changer les couleurs, les polices et les dispositions<\/li>\n<li>Permet aux utilisateurs de masquer les \u00e9l\u00e9ments de menu ind\u00e9sirables<\/li>\n<li>Compatible avec tous les principaux plugins WordPress<\/li>\n<li>Conception r\u00e9active pour les appareils mobiles<\/li>\n<li>Support multi-sites pour les d\u00e9veloppeurs<\/li>\n<li>Mises \u00e0 jour r\u00e9guli\u00e8res et correctifs de bogues<\/li>\n<li>\u00c9quipe sympathique de support client<\/li>\n<li>Am\u00e9liore l&rsquo;exp\u00e9rience utilisateur et la productivit\u00e9 des administrateurs WordPress<\/li>\n<\/ul>\n","protected":false},"excerpt":{"rendered":"<p>WPShapere est un th\u00e8me admin WordPress exceptionnel qui poss\u00e8de un design extr\u00eamement \u00e9l\u00e9gant et contemporain. Vous offrant l&rsquo;occasion inestimable d&rsquo;adapter votre tableau de bord WordPress \u00e0 vos sp\u00e9cifications exactes, ce th\u00e8me facilite de mani\u00e8re transparente la gestion efficace du contenu, de l&rsquo;apparence et des fonctionnalit\u00e9s de votre site Web. Impr\u00e9gn\u00e9 d&rsquo;une vaste gamme de fonctionnalit\u00e9s extraordinaires, ce th\u00e8me vous permet de personnaliser et d&rsquo;\u00e9lever votre zone d&rsquo;administration WordPress de mauvaise mani\u00e8re, englobant, mais sans s&rsquo;y limiter &#8211; Ic\u00f4nes de capture, personnalisation des menus et assortiment d&rsquo;autres attributs remarquables. WPShapere repr\u00e9sente sans \u00e9quivoque la solution ultime pour les individus \u00e0 la recherche d&rsquo;une exp\u00e9rience WordPress immacul\u00e9e et conviviale.<\/p>\n","protected":false},"featured_media":146308,"comment_status":"open","ping_status":"open","template":"","meta":[],"product_brand":[2435],"product_cat":[1242,1212,1213],"product_tag":[1231],"class_list":{"0":"post-112575","1":"product","2":"type-product","3":"status-publish","4":"has-post-thumbnail","6":"product_brand-codecanyon","7":"product_cat-creatif","8":"product_cat-themes","9":"product_cat-wordpress-themes","10":"product_tag-codecanyon","11":"member-discount","12":"discount-restricted","14":"first","15":"instock","16":"sale","17":"downloadable","18":"virtual","19":"sold-individually","20":"purchasable","21":"product-type-simple"},"_links":{"self":[{"href":"https:\/\/gpl-love.com\/fr\/wp-json\/wp\/v2\/product\/112575","targetHints":{"allow":["GET"]}}],"collection":[{"href":"https:\/\/gpl-love.com\/fr\/wp-json\/wp\/v2\/product"}],"about":[{"href":"https:\/\/gpl-love.com\/fr\/wp-json\/wp\/v2\/types\/product"}],"replies":[{"embeddable":true,"href":"https:\/\/gpl-love.com\/fr\/wp-json\/wp\/v2\/comments?post=112575"}],"wp:featuredmedia":[{"embeddable":true,"href":"https:\/\/gpl-love.com\/fr\/wp-json\/wp\/v2\/media\/146308"}],"wp:attachment":[{"href":"https:\/\/gpl-love.com\/fr\/wp-json\/wp\/v2\/media?parent=112575"}],"wp:term":[{"taxonomy":"product_brand","embeddable":true,"href":"https:\/\/gpl-love.com\/fr\/wp-json\/wp\/v2\/product_brand?post=112575"},{"taxonomy":"product_cat","embeddable":true,"href":"https:\/\/gpl-love.com\/fr\/wp-json\/wp\/v2\/product_cat?post=112575"},{"taxonomy":"product_tag","embeddable":true,"href":"https:\/\/gpl-love.com\/fr\/wp-json\/wp\/v2\/product_tag?post=112575"}],"curies":[{"name":"wp","href":"https:\/\/api.w.org\/{rel}","templated":true}]}}