{"id":112572,"date":"2022-01-26T00:00:00","date_gmt":"2022-01-25T23:00:00","guid":{"rendered":"http:\/\/gpl-love.com\/fr\/produit\/woocommerce-multilevel-referral-affiliate-plugin\/"},"modified":"2026-04-10T18:47:25","modified_gmt":"2026-04-10T16:47:25","slug":"woocommerce-multilevel-referral-affiliate-plugin","status":"publish","type":"product","link":"https:\/\/gpl-love.com\/fr\/produit\/woocommerce-multilevel-referral-affiliate-plugin\/","title":{"rendered":"WooCommerce Multilevel Referral Affiliate Plugin 2.2"},"content":{"rendered":"<h3>WooCommerce Multilevel Referral Affiliate Plugin Traits<\/h3>\n<p>Le plugin d&rsquo;affiliation de r\u00e9f\u00e9rence \u00e0 plusieurs niveaux de WooCommerce, un outil incroyablement puissant, a \u00e9t\u00e9 m\u00e9ticuleusement con\u00e7u pour aider \u00e0 l&rsquo;augmentation des revenus de votre magasin de commerce \u00e9lectronique gr\u00e2ce \u00e0 l&rsquo;amplification de vos efforts de marketing de r\u00e9f\u00e9rence. Ce plugin exceptionnel vous offre la capacit\u00e9 d&rsquo;\u00e9tablir un programme de r\u00e9f\u00e9rence qui r\u00e9compense g\u00e9n\u00e9reusement vos clients estim\u00e9s pour leurs efforts inestimables pour r\u00e9f\u00e9rer de nouveaux acheteurs \u00e0 votre magasin estim\u00e9. Une caract\u00e9ristique passionnante de ce programme est sa nature \u00e0 plusieurs niveaux, dans laquelle les clients ne sont pas seulement r\u00e9mun\u00e9r\u00e9s pour leurs r\u00e9f\u00e9rences directes, mais aussi pour les r\u00e9f\u00e9rences faites par les individus qu&rsquo;ils ont pr\u00e9c\u00e9demment r\u00e9f\u00e9r\u00e9s. De plus, ce plugin offre une multitude d&rsquo;options de personnalisation robustes, vous permettant ainsi de configurer de mani\u00e8re transparente les taux de commission, les niveaux de r\u00e9f\u00e9rence et divers autres param\u00e8tres qui s&rsquo;alignent harmonieusement sur les exigences et les exigences uniques de votre entreprise estim\u00e9e. Impr\u00e9gn\u00e9 des capacit\u00e9s remarquables du plugin d&rsquo;affiliation de r\u00e9f\u00e9rence \u00e0 plusieurs niveaux de WooCommerce, vous transmulerez sans effort votre client\u00e8le actuelle en d\u00e9fenseurs r\u00e9solus, catapultant ainsi les ventes et la rentabilit\u00e9 de votre magasin \u00e0 des sommets sans pr\u00e9c\u00e9dent.<\/p>\n<ul>\n<li>Permet aux utilisateurs de cr\u00e9er un programme de r\u00e9f\u00e9rence sur leur magasin WooCommerce<\/li>\n<li>Le syst\u00e8me \u00e0 plusieurs niveaux permet une incitation plus profonde<\/li>\n<li>Les r\u00e9f\u00e9rents peuvent gagner des commissions pour chaque r\u00e9f\u00e9rence r\u00e9ussie qu&rsquo;ils g\u00e9n\u00e8rent<\/li>\n<li>Les commissions peuvent \u00eatre fix\u00e9es \u00e0 un taux fixe ou en pourcentage de la vente<\/li>\n<li>Suivi d\u00e9taill\u00e9 des r\u00e9f\u00e9rences et commissions gagn\u00e9es<\/li>\n<li>Les r\u00e9f\u00e9rences peuvent g\u00e9n\u00e9rer un lien de r\u00e9f\u00e9rence ou un code de coupon unique \u00e0 partager avec les clients potentiels<\/li>\n<li>Notifications par e-mail automatiques aux r\u00e9f\u00e9rences et aux clients r\u00e9f\u00e9r\u00e9s<\/li>\n<li>Int\u00e9gration avec des passerelles de paiement populaires pour les paiements de commission en douceur<\/li>\n<li>Repr\u00e9sentations et analyses compl\u00e8tes pour surveiller le succ\u00e8s du programme de r\u00e9f\u00e9rence.<\/li>\n<\/ul>\n","protected":false},"excerpt":{"rendered":"<p>Le plugin d&rsquo;affiliation de r\u00e9f\u00e9rence \u00e0 plusieurs niveaux WooCommerce, un outil tr\u00e8s puissant et formidable, pr\u00e9sente aux utilisateurs la capacit\u00e9 exceptionnelle d&rsquo;\u00e9tablir un programme de r\u00e9f\u00e9rence formidable et dynamique pour leur magasin WooCommerce. Ce plugin r\u00e9volutionnaire accorde aux propri\u00e9taires de magasins la capacit\u00e9 sans effort \u00e0 initier un programme d&rsquo;affiliation \u00e0 plusieurs niveaux qui compense g\u00e9n\u00e9reusement les r\u00e9f\u00e9rences et les r\u00e9f\u00e9rences. Augment\u00e9 par un tableau de bord tout entermin\u00e9 et complexe, ce plugin offre aux utilisateurs l&rsquo;occasion inestimable de surveiller m\u00e9ticuleusement l&rsquo;activit\u00e9 de r\u00e9f\u00e9rence, de g\u00e9rer avec plein essai les commissions et de superviser astucieusement les performances. Dans l&rsquo;ensemble, le plugin d&rsquo;affili\u00e9 de r\u00e9f\u00e9rence \u00e0 plusieurs niveaux de WooCommerce appara\u00eet comme une solution extr\u00eamement arrangeante, centr\u00e9e sur l&rsquo;utilisateur et efficace pour augmenter les ventes et favoriser la fid\u00e9lit\u00e9 in\u00e9branlable de la client\u00e8le.<\/p>\n","protected":false},"featured_media":145929,"comment_status":"open","ping_status":"open","template":"","meta":[],"product_brand":[2435],"product_cat":[1182,1200,1181],"product_tag":[1231],"class_list":{"0":"post-112572","1":"product","2":"type-product","3":"status-publish","4":"has-post-thumbnail","6":"product_brand-codecanyon","7":"product_cat-commerce-electronique-plugins","8":"product_cat-commercialisation","9":"product_cat-plugins","10":"product_tag-codecanyon","11":"member-discount","12":"discount-restricted","14":"first","15":"instock","16":"sale","17":"downloadable","18":"virtual","19":"sold-individually","20":"purchasable","21":"product-type-simple"},"_links":{"self":[{"href":"https:\/\/gpl-love.com\/fr\/wp-json\/wp\/v2\/product\/112572","targetHints":{"allow":["GET"]}}],"collection":[{"href":"https:\/\/gpl-love.com\/fr\/wp-json\/wp\/v2\/product"}],"about":[{"href":"https:\/\/gpl-love.com\/fr\/wp-json\/wp\/v2\/types\/product"}],"replies":[{"embeddable":true,"href":"https:\/\/gpl-love.com\/fr\/wp-json\/wp\/v2\/comments?post=112572"}],"wp:featuredmedia":[{"embeddable":true,"href":"https:\/\/gpl-love.com\/fr\/wp-json\/wp\/v2\/media\/145929"}],"wp:attachment":[{"href":"https:\/\/gpl-love.com\/fr\/wp-json\/wp\/v2\/media?parent=112572"}],"wp:term":[{"taxonomy":"product_brand","embeddable":true,"href":"https:\/\/gpl-love.com\/fr\/wp-json\/wp\/v2\/product_brand?post=112572"},{"taxonomy":"product_cat","embeddable":true,"href":"https:\/\/gpl-love.com\/fr\/wp-json\/wp\/v2\/product_cat?post=112572"},{"taxonomy":"product_tag","embeddable":true,"href":"https:\/\/gpl-love.com\/fr\/wp-json\/wp\/v2\/product_tag?post=112572"}],"curies":[{"name":"wp","href":"https:\/\/api.w.org\/{rel}","templated":true}]}}