{"id":112568,"date":"2021-07-02T00:00:00","date_gmt":"2021-07-01T22:00:00","guid":{"rendered":"http:\/\/gpl-love.com\/fr\/produit\/cookie-plus-gdpr-for-wordpress\/"},"modified":"2026-03-20T22:59:03","modified_gmt":"2026-03-20T21:59:03","slug":"cookie-plus-gdpr-for-wordpress","status":"publish","type":"product","link":"https:\/\/gpl-love.com\/fr\/produit\/cookie-plus-gdpr-for-wordpress\/","title":{"rendered":"Cookie Plus GDPR pour WordPress 1.6.0"},"content":{"rendered":"<h3>Cookie Plus GDPR pour WordPress Traits<\/h3>\n<p>Cookie Plus RGPD pour WordPress est une solution tr\u00e8s compl\u00e8te qui r\u00e9pond aux besoins des propri\u00e9taires de sites Web qui souhaitent garantir la conformit\u00e9 aux r\u00e9glementations du RGPD concernant les cookies. Ce plugin de premier ordre poss\u00e8de une interface conviviale qui facilite la cr\u00e9ation de formulaires de consentement pour les utilisateurs, ainsi que la gestion efficace des param\u00e8tres de cookies. En tirant parti de la puissance de Cookie Plus RGPD, les propri\u00e9taires de sites Web sont autoris\u00e9s \u00e0 fournir aux utilisateurs une plus grande transparence concernant l&rsquo;utilisation des cookies par leur site Web, englobant des d\u00e9tails complexes et des cat\u00e9gorisations exhaustives. Une telle disposition permet aux utilisateurs d&rsquo;exercer leur discr\u00e9tion et de faire des choix bien inform\u00e9s concernant l&rsquo;acceptation ou le rejet des cookies. Avant et au-del\u00e0, ce plugin remarquable offre en outre des fonctionnalit\u00e9s avanc\u00e9es, y compris le ciblage de la g\u00e9o-localisation, le blocage automatique des cookies pour les utilisateurs non consentants et la possibilit\u00e9 de surveiller le consentement des utilisateurs en temps r\u00e9el. Dans l&rsquo;ensemble, Cookie Plus RGPD pour WordPress n&rsquo;est pas n&rsquo;importe quel outil banal; Il s&rsquo;agit d&rsquo;un actif indispensable pour les propri\u00e9taires de sites Web cherchant \u00e0 naviguer dans le domaine complexe des r\u00e9glementations du RGPD et \u00e0 prot\u00e9ger avec diligence la confidentialit\u00e9 des utilisateurs.<\/p>\n<ul>\n<li>Cookie Plus GDPR pour WordPress est un plugin puissant qui offre une multitude de fonctionnalit\u00e9s, notamment:<\/li>\n<li><\/li>\n<li>Installation et configuration faciles<\/li>\n<li>Interface utilisateur intuitive pour g\u00e9rer le consentement des cookies<\/li>\n<li>Param\u00e8tres conformes au RGPD pour respecter les r\u00e9glementations europ\u00e9ennes de protection des donn\u00e9es<\/li>\n<li>Technologie avanc\u00e9e des cookies pour identifier les cookies et leurs objectifs<\/li>\n<li>Banni\u00e8res et pop-ups personnalisables pour s&rsquo;adapter \u00e0 votre marque et \u00e0 votre conception<\/li>\n<li>Option pour donner aux utilisateurs le contr\u00f4le des cookies qu&rsquo;ils souhaitent autoriser<\/li>\n<li>Blocage automatique des cookies jusqu&rsquo;\u00e0 ce que le consentement des utilisateurs soit re\u00e7u<\/li>\n<li>Cr\u00e9ation de pages de strat\u00e9gie de cookie flexible<\/li>\n<li>Prise en charge multi-langues pour la conformit\u00e9 mondiale<\/li>\n<li>Mises \u00e0 jour r\u00e9guli\u00e8res et support client pour les fonctionnalit\u00e9s et la maintenance continues.<\/li>\n<\/ul>\n","protected":false},"excerpt":{"rendered":"<p>Pr\u00e9sentation du RGPD Cookie Plus pour WordPress, une solution haut de gamme et conforme \u00e0 votre site Web. Ce plugin riche en fonctionnalit\u00e9s est con\u00e7u pour g\u00e9rer et contr\u00f4ler les cookies sur votre site d&rsquo;une mani\u00e8re qui respecte la confidentialit\u00e9 de vos utilisateurs. Cookie Plus GDPR bloque des cookies automatiques et inutiles, garantissant que votre site Web est enti\u00e8rement conforme au RGPD, prot\u00e9geant vous et vos visiteurs. Avec sa conception intuitive, la configuration est un jeu d&rsquo;enfant &#8211; aucun codage n\u00e9cessaire. Installez simplement le plugin et s\u00e9lectionnez vos pr\u00e9f\u00e9rences. Maintenant, votre site WordPress peut offrir une politique de cookie transparente et contribuer \u00e0 un environnement Web plus s\u00fbr et plus s\u00e9curis\u00e9. D\u00e9couvrez les avantages de Cookie Plus RGPD pour WordPress aujourd&rsquo;hui.<\/p>\n","protected":false},"featured_media":143423,"comment_status":"open","ping_status":"open","template":"","meta":[],"product_brand":[2435],"product_cat":[1189,1181,1186],"product_tag":[1231],"class_list":{"0":"post-112568","1":"product","2":"type-product","3":"status-publish","4":"has-post-thumbnail","6":"product_brand-codecanyon","7":"product_cat-personnalisation","8":"product_cat-plugins","9":"product_cat-wordpress-plugins","10":"product_tag-codecanyon","11":"member-discount","12":"discount-restricted","14":"first","15":"instock","16":"sale","17":"downloadable","18":"virtual","19":"sold-individually","20":"purchasable","21":"product-type-simple"},"_links":{"self":[{"href":"https:\/\/gpl-love.com\/fr\/wp-json\/wp\/v2\/product\/112568","targetHints":{"allow":["GET"]}}],"collection":[{"href":"https:\/\/gpl-love.com\/fr\/wp-json\/wp\/v2\/product"}],"about":[{"href":"https:\/\/gpl-love.com\/fr\/wp-json\/wp\/v2\/types\/product"}],"replies":[{"embeddable":true,"href":"https:\/\/gpl-love.com\/fr\/wp-json\/wp\/v2\/comments?post=112568"}],"wp:featuredmedia":[{"embeddable":true,"href":"https:\/\/gpl-love.com\/fr\/wp-json\/wp\/v2\/media\/143423"}],"wp:attachment":[{"href":"https:\/\/gpl-love.com\/fr\/wp-json\/wp\/v2\/media?parent=112568"}],"wp:term":[{"taxonomy":"product_brand","embeddable":true,"href":"https:\/\/gpl-love.com\/fr\/wp-json\/wp\/v2\/product_brand?post=112568"},{"taxonomy":"product_cat","embeddable":true,"href":"https:\/\/gpl-love.com\/fr\/wp-json\/wp\/v2\/product_cat?post=112568"},{"taxonomy":"product_tag","embeddable":true,"href":"https:\/\/gpl-love.com\/fr\/wp-json\/wp\/v2\/product_tag?post=112568"}],"curies":[{"name":"wp","href":"https:\/\/api.w.org\/{rel}","templated":true}]}}