{"id":112566,"date":"2026-03-20T00:00:00","date_gmt":"2026-03-19T23:00:00","guid":{"rendered":"http:\/\/gpl-love.com\/fr\/produit\/uncanny-automator-pro-wordpress-plugin\/"},"modified":"2026-04-10T18:44:21","modified_gmt":"2026-04-10T16:44:21","slug":"uncanny-automator-pro-wordpress-plugin","status":"publish","type":"product","link":"https:\/\/gpl-love.com\/fr\/produit\/uncanny-automator-pro-wordpress-plugin\/","title":{"rendered":"Uncanny Automator Pro 7.1.0"},"content":{"rendered":"<h3>Uncanny Automator Pro Traits<\/h3>\n<p>Le plugin Uncanny Automator Pro WordPress, un outil tr\u00e8s puissant, sert \u00e0 automatiser les t\u00e2ches et les workflows dans votre site WordPress. En utilisant ce plugin, vous obtenez la commodit\u00e9 de connecter de mani\u00e8re transparente divers plugins et services, formant ainsi des routines d&rsquo;automatisation complexes qui conservent efficacement votre temps et vos efforts. Accompagn\u00e9 d&rsquo;une interface conviviale, ce plugin permet la cr\u00e9ation et la gestion des workflows, le tout sans n\u00e9cessiter aucune connaissance du codage. Des t\u00e2ches telles que la r\u00e9partition par e-mail, les mises \u00e0 jour du profil utilisateur, les d\u00e9clencheurs d&rsquo;\u00e9v\u00e9nements et de nombreuses autres peuvent tous \u00eatre automatis\u00e9s avec la plus grande facilit\u00e9. Par cons\u00e9quent, le plugin Uncanny Automator Pro WordPress sert d&rsquo;atout indispensable pour les personnes cherchant \u00e0 rationaliser leur site WordPress et \u00e0 am\u00e9liorer consid\u00e9rablement la productivit\u00e9 globale.<\/p>\n<ul>\n<li>Automatiser les t\u00e2ches r\u00e9p\u00e9titives sur votre site WordPress<\/li>\n<li>Connectez plus de 1000 applications et services en cliquant sur un bouton<\/li>\n<li>Cr\u00e9er des workflows personnalis\u00e9s \u00e0 l&rsquo;aide d&rsquo;une interface glisser-d\u00e9poser<\/li>\n<li>D\u00e9clencher des actions bas\u00e9es sur le comportement des utilisateurs ou des \u00e9v\u00e9nements sp\u00e9cifiques<\/li>\n<li>R\u00e9duisez le temps de d\u00e9veloppement et les co\u00fbts en \u00e9liminant le besoin de code personnalis\u00e9<\/li>\n<li>Augmenter la productivit\u00e9 et l&rsquo;efficacit\u00e9 en rationalisant les processus<\/li>\n<li>Am\u00e9liorer l&rsquo;exp\u00e9rience utilisateur en fournissant des r\u00e9ponses personnalis\u00e9es et opportunes<\/li>\n<li>Contr\u00f4lez et surveillez vos workflows automatis\u00e9s avec des journaux et des analyses d\u00e9taill\u00e9s<\/li>\n<li>Obtenez le soutien d&rsquo;une \u00e9quipe d&rsquo;experts d\u00e9di\u00e9e et d&rsquo;une communaut\u00e9 d&rsquo;utilisateurs<\/li>\n<li>Profitez d&rsquo;une garantie de remboursement de 30 jours et de mises \u00e0 jour r\u00e9guli\u00e8res avec de nouvelles fonctionnalit\u00e9s et int\u00e9grations.<\/li>\n<\/ul>\n","protected":false},"excerpt":{"rendered":"<p>L&rsquo;\u00e9talcanniste Automator Pro, un plugin WordPress remarquablement puissant, a \u00e9t\u00e9 ing\u00e9nieusement con\u00e7u pour permettre l&rsquo;automatisation sans effort de votre site Web, vous accordant ainsi le luxe inestimable de sauver d&rsquo;innombrables heures. Ce plugin extraordinaire facilite la cr\u00e9ation transparente d&rsquo;automations connectant divers plugins WordPress avec des applications tierces, y compris, mais sans s&rsquo;y limiter, le estime WooCommerce et MailChimp. Impr\u00e9gn\u00e9 d&rsquo;une interface remarquablement conviviale, Uncanny Automator Pro poss\u00e8de \u00e9galement une vaste gamme d&rsquo;automations pr\u00e9d\u00e9finies pour parcourir, ce qui rend le processus de rationalisation des op\u00e9rations de votre site Web et de renforcer son efficacit\u00e9 une entreprise sans effort. Peu importe que vous poss\u00e9diez les comp\u00e9tences avanc\u00e9es d&rsquo;un d\u00e9veloppeur chevronn\u00e9 ou que vous vous lanciez simplement dans votre voyage dans le domaine de WordPress, un Automator Uncanny est ind\u00e9niablement comme l&rsquo;outil par excellence pour acc\u00e9l\u00e9rer la simplification de votre site WordPress et catapulter votre productivit\u00e9 \u00e0 des hauteurs in\u00e9gal\u00e9es.<\/p>\n","protected":false},"featured_media":145655,"comment_status":"open","ping_status":"open","template":"","meta":[],"product_brand":[2581],"product_cat":[1187,1181,1186],"product_tag":[1785],"class_list":{"0":"post-112566","1":"product","2":"type-product","3":"status-publish","4":"has-post-thumbnail","6":"product_brand-uncanny-owl","7":"product_cat-administration-wordpress-plugins","8":"product_cat-plugins","9":"product_cat-wordpress-plugins","10":"product_tag-uncanny-owl","11":"member-discount","12":"discount-restricted","14":"first","15":"instock","16":"sale","17":"downloadable","18":"virtual","19":"sold-individually","20":"purchasable","21":"product-type-simple"},"_links":{"self":[{"href":"https:\/\/gpl-love.com\/fr\/wp-json\/wp\/v2\/product\/112566","targetHints":{"allow":["GET"]}}],"collection":[{"href":"https:\/\/gpl-love.com\/fr\/wp-json\/wp\/v2\/product"}],"about":[{"href":"https:\/\/gpl-love.com\/fr\/wp-json\/wp\/v2\/types\/product"}],"replies":[{"embeddable":true,"href":"https:\/\/gpl-love.com\/fr\/wp-json\/wp\/v2\/comments?post=112566"}],"wp:featuredmedia":[{"embeddable":true,"href":"https:\/\/gpl-love.com\/fr\/wp-json\/wp\/v2\/media\/145655"}],"wp:attachment":[{"href":"https:\/\/gpl-love.com\/fr\/wp-json\/wp\/v2\/media?parent=112566"}],"wp:term":[{"taxonomy":"product_brand","embeddable":true,"href":"https:\/\/gpl-love.com\/fr\/wp-json\/wp\/v2\/product_brand?post=112566"},{"taxonomy":"product_cat","embeddable":true,"href":"https:\/\/gpl-love.com\/fr\/wp-json\/wp\/v2\/product_cat?post=112566"},{"taxonomy":"product_tag","embeddable":true,"href":"https:\/\/gpl-love.com\/fr\/wp-json\/wp\/v2\/product_tag?post=112566"}],"curies":[{"name":"wp","href":"https:\/\/api.w.org\/{rel}","templated":true}]}}