{"id":112564,"date":"2026-03-13T00:00:00","date_gmt":"2026-03-12T23:00:00","guid":{"rendered":"http:\/\/gpl-love.com\/fr\/produit\/event-tickets-plus-the-events-calendar-pro-addon\/"},"modified":"2026-04-10T18:42:14","modified_gmt":"2026-04-10T16:42:14","slug":"event-tickets-plus-the-events-calendar-pro-addon","status":"publish","type":"product","link":"https:\/\/gpl-love.com\/fr\/produit\/event-tickets-plus-the-events-calendar-pro-addon\/","title":{"rendered":"The Events Calendar Event Tickets Plus 6.9.2"},"content":{"rendered":"<h3>The Events Calendar Event Tickets Plus Traits<\/h3>\n<p>La fonctionnalit\u00e9 des billets d&rsquo;\u00e9v\u00e9nements Calendar Event est \u00e9tendue, car il permet aux utilisateurs de cr\u00e9er et de g\u00e9rer sans effort des \u00e9v\u00e9nements. Cet outil puissant accorde aux utilisateurs la capacit\u00e9 de fournir des billets pour leurs \u00e9v\u00e9nements directement \u00e0 partir de leur site Web, tout en leur offrant la possibilit\u00e9 de personnaliser les options de billets, y compris les prix, la disponibilit\u00e9, etc. De plus, l&rsquo;int\u00e9gration transparente de cet outil avec le calendrier des \u00e9v\u00e9nements offre aux utilisateurs la commodit\u00e9 de g\u00e9rer \u00e0 la fois leurs \u00e9v\u00e9nements et leurs ventes de billets dans un seul endroit. De plus, cet outil poss\u00e8de une gamme de fonctionnalit\u00e9s, telles que les notifications par e-mail, la num\u00e9risation des billets et la billetterie mobile, consolidant ainsi son statut de solution compl\u00e8te pour les organisateurs d&rsquo;\u00e9v\u00e9nements. Dans l&rsquo;ensemble, les billets d&rsquo;\u00e9v\u00e9nements du calendrier des \u00e9v\u00e9nements plus rationalisent efficacement le processus de gestion des \u00e9v\u00e9nements et les ventes de billets, ce qui le rend un choix optimal pour les personnes \u00e0 la recherche d&rsquo;une approche transparente et sans tracas pour organiser et vendre des billets pour leurs \u00e9v\u00e9nements.<\/p>\n<ul>\n<li>Syst\u00e8me de billetterie d&rsquo;\u00e9v\u00e9nements convivial pour les sites Web WordPress<\/li>\n<li>S&rsquo;int\u00e8gre parfaitement au plugin du calendrier des \u00e9v\u00e9nements<\/li>\n<li>Prend en charge plusieurs types de billets tels que l&rsquo;admission g\u00e9n\u00e9rale, le VIP, le l\u00e8ve-t\u00f4t, etc.<\/li>\n<li>Options de prix flexibles, y compris les remises, les frais et les taxes<\/li>\n<li>Livraison automatis\u00e9e des billets et g\u00e9n\u00e9ration de billets PDF<\/li>\n<li>Mod\u00e8les de billets propres et personnalisables<\/li>\n<li>Syst\u00e8me de gestion et d&rsquo;enregistrement des participants faciles<\/li>\n<li>Fonctionnalit\u00e9s avanc\u00e9es comme les si\u00e8ges r\u00e9serv\u00e9s et la num\u00e9risation des billets disponibles<\/li>\n<li>Convivial avec un design r\u00e9actif<\/li>\n<li>Compatible avec les passerelles de paiement populaires comme PayPal et Stripe<\/li>\n<li>Support premium et mises \u00e0 jour r\u00e9guli\u00e8res fournies<\/li>\n<\/ul>\n","protected":false},"excerpt":{"rendered":"<p>Les \u00e9v\u00e9nements Calendar Event Tickets Plus sont un outil robuste et efficace qui a \u00e9t\u00e9 m\u00e9ticuleusement con\u00e7u pour vous fournir la plus grande commodit\u00e9 dans la gestion de vos \u00e9v\u00e9nements. Ce produit remarquable vous offre la possibilit\u00e9 remarquable de cr\u00e9er et de commercialiser sans effort des billets pour vos \u00e9v\u00e9nements, de g\u00e9rer efficacement les participants et de suivre m\u00e9ticuleusement les ventes, tous consolid\u00e9s en une seule plate-forme unifi\u00e9e. De plus, son int\u00e9gration transparente avec le plugin du calendrier des \u00e9v\u00e9nements garantit que vos \u00e9v\u00e9nements seront pr\u00e9sent\u00e9s de mani\u00e8re esth\u00e9tiquement agr\u00e9able sur votre site Web. Que vous vous retrouviez \u00e0 organiser une conf\u00e9rence grandiose, une collecte de fonds bienveillante ou un atelier petit mais percutant, assurez-vous que les billets d&rsquo;\u00e9v\u00e9nement plus poss\u00e8dent une vaste gamme de fonctionnalit\u00e9s, sp\u00e9cifiquement adapt\u00e9es pour assurer le r\u00e9sultat triomphant de votre \u00e9v\u00e9nement.<\/p>\n","protected":false},"featured_media":145465,"comment_status":"open","ping_status":"open","template":"","meta":[],"product_brand":[2671],"product_cat":[1189,1181,1186],"product_tag":[1532],"class_list":{"0":"post-112564","1":"product","2":"type-product","3":"status-publish","4":"has-post-thumbnail","6":"product_brand-the-events-calendar","7":"product_cat-personnalisation","8":"product_cat-plugins","9":"product_cat-wordpress-plugins","10":"product_tag-the-events-calendar","11":"member-discount","12":"discount-restricted","14":"first","15":"instock","16":"sale","17":"downloadable","18":"virtual","19":"sold-individually","20":"purchasable","21":"product-type-simple"},"_links":{"self":[{"href":"https:\/\/gpl-love.com\/fr\/wp-json\/wp\/v2\/product\/112564","targetHints":{"allow":["GET"]}}],"collection":[{"href":"https:\/\/gpl-love.com\/fr\/wp-json\/wp\/v2\/product"}],"about":[{"href":"https:\/\/gpl-love.com\/fr\/wp-json\/wp\/v2\/types\/product"}],"replies":[{"embeddable":true,"href":"https:\/\/gpl-love.com\/fr\/wp-json\/wp\/v2\/comments?post=112564"}],"wp:featuredmedia":[{"embeddable":true,"href":"https:\/\/gpl-love.com\/fr\/wp-json\/wp\/v2\/media\/145465"}],"wp:attachment":[{"href":"https:\/\/gpl-love.com\/fr\/wp-json\/wp\/v2\/media?parent=112564"}],"wp:term":[{"taxonomy":"product_brand","embeddable":true,"href":"https:\/\/gpl-love.com\/fr\/wp-json\/wp\/v2\/product_brand?post=112564"},{"taxonomy":"product_cat","embeddable":true,"href":"https:\/\/gpl-love.com\/fr\/wp-json\/wp\/v2\/product_cat?post=112564"},{"taxonomy":"product_tag","embeddable":true,"href":"https:\/\/gpl-love.com\/fr\/wp-json\/wp\/v2\/product_tag?post=112564"}],"curies":[{"name":"wp","href":"https:\/\/api.w.org\/{rel}","templated":true}]}}