{"id":112562,"date":"2026-03-24T00:00:00","date_gmt":"2026-03-23T23:00:00","guid":{"rendered":"http:\/\/gpl-love.com\/fr\/produit\/cornerstone-the-wordpress-page-builder\/"},"modified":"2026-04-07T00:31:01","modified_gmt":"2026-04-06T22:31:01","slug":"cornerstone-the-wordpress-page-builder","status":"publish","type":"product","link":"https:\/\/gpl-love.com\/fr\/produit\/cornerstone-the-wordpress-page-builder\/","title":{"rendered":"Cornerstone The WordPress Page Builder 7.8.5"},"content":{"rendered":"<h3>Cornerstone The WordPress Page Builder Traits<\/h3>\n<p>Cornerstone est un constructeur de pages WordPress de glisser-d\u00e9poser extr\u00eamement puissant qui permet aux utilisateurs la possibilit\u00e9 d&rsquo;\u00e9laborer des sites Web visuellement captivants visuellement, le tout sans n\u00e9cessiter aucune expertise de codage. Gr\u00e2ce \u00e0 son interface conviviale et \u00e0 une gamme d&rsquo;outils de montage visuel pratiques \u00e0 votre disposition, le processus de g\u00e9n\u00e9ration de dispositions sur mesure, d&rsquo;incorporation de contenu multim\u00e9dia et de la mode de pages uniques n&rsquo;a jamais \u00e9t\u00e9 plus rationalis\u00e9e et accessible. De plus, cet outil exceptionnel poss\u00e8de une vaste s\u00e9lection de mod\u00e8les et d&rsquo;\u00e9l\u00e9ments pr\u00e9-m\u00eame qui peuvent \u00eatre personnalis\u00e9s sans effort pour s&rsquo;aligner parfaitement avec vos pr\u00e9f\u00e9rences et exigences sp\u00e9cifiques. En outre, Cornerstone pr\u00e9sente une compatibilit\u00e9 impressionnante avec la majorit\u00e9 des th\u00e8mes WordPress, ce qui le rend un instrument incroyablement polyvalent et flexible s&rsquo;adressant \u00e0 un large \u00e9ventail de propri\u00e9taires de sites Web, de blogueurs et de d\u00e9veloppeurs. Que ce soit la construction d&rsquo;un blog simple ou le d\u00e9veloppement d&rsquo;une boutique en ligne complexe, soyez assur\u00e9 que Cornerstone est l\u00e0 pour faciliter la cr\u00e9ation rapide et sans effort d&rsquo;un site Web de qualit\u00e9 professionnelle qui d\u00e9gage une esth\u00e9tique polie et raffin\u00e9e.<\/p>\n<ul>\n<li>Interface glisser-d\u00e9poser intuitive pour cr\u00e9er des pages WordPress personnalis\u00e9es<\/li>\n<li>Plus de 100 mod\u00e8les pr\u00e9-con\u00e7us pour cr\u00e9er des pages \u00e9poustouflantes avec facilit\u00e9<\/li>\n<li>Syst\u00e8me de grille r\u00e9glable pour un contr\u00f4le de disposition pr\u00e9cis<\/li>\n<li>Blocs de contenu dynamique, y compris le texte, les images, les vid\u00e9os, les boutons et plus encore<\/li>\n<li>Prise en charge des CSS et JavaScript personnalis\u00e9s pour la personnalisation de la conception avanc\u00e9e<\/li>\n<li>Int\u00e9gration transparente avec des plugins WordPress populaires<\/li>\n<li>Conception sensible au mobile pour une visualisation optimale sur n&rsquo;importe quel appareil<\/li>\n<li>Support complet et documentation pour une configuration et un d\u00e9pannage faciles<\/li>\n<li>Mises \u00e0 jour r\u00e9guli\u00e8res et nouvelles fonctionnalit\u00e9s pour suivre le rythme de l&rsquo;\u00e9volution des tendances de conception Web<\/li>\n<\/ul>\n","protected":false},"excerpt":{"rendered":"<p>D\u00e9couvrez la puissance de la cr\u00e9ation avec Cornerstone, l&rsquo;ultime constructeur de page WordPress. Con\u00e7u pour les d\u00e9butants et les professionnels, ce constructeur de pages vous permet de cr\u00e9er facilement de superbes sites Web. Aucune connaissance de codage n&rsquo;est n\u00e9cessaire &#8211; l&rsquo;interface intuitive de Cornerstone rend la cr\u00e9ation d&rsquo;un site Web aussi simple que de tra\u00eener et de d\u00e9poser des \u00e9l\u00e9ments en place.<\/p>\n<p>Avec Cornerstone, vous pouvez cr\u00e9er pratiquement toutes les dispositions que vous pouvez imaginer, ce qui en fait l&rsquo;outil parfait pour les blogueurs, les artistes, les entrepreneurs et les entreprises de toutes tailles. Sa flexibilit\u00e9 vous permet de personnaliser pleinement votre site Web, vous pouvez donc repr\u00e9senter votre marque d&rsquo;une mani\u00e8re qui se d\u00e9marque vraiment.<\/p>\n<p>Cornerstone dispose \u00e9galement d&rsquo;une gamme de mod\u00e8les pr\u00e9-con\u00e7us que vous pouvez utiliser comme point de d\u00e9part pour votre site Web. Ces mod\u00e8les sont enti\u00e8rement personnalisables, vous pouvez donc les modifier en fonction de vos besoins.<\/p>\n<p>Mais la beaut\u00e9 de Cornerstone r\u00e9side non seulement dans sa facilit\u00e9 d&rsquo;utilisation et sa flexibilit\u00e9, mais aussi dans sa compatibilit\u00e9. Ce constructeur de page WordPress est compatible avec pratiquement tous les th\u00e8mes et plugins WordPress, ce qui signifie que vous pouvez profiter du<\/p>\n","protected":false},"featured_media":143424,"comment_status":"open","ping_status":"open","template":"","meta":[],"product_brand":[2435],"product_cat":[1189,1181,1186],"product_tag":[1231],"class_list":{"0":"post-112562","1":"product","2":"type-product","3":"status-publish","4":"has-post-thumbnail","6":"product_brand-codecanyon","7":"product_cat-personnalisation","8":"product_cat-plugins","9":"product_cat-wordpress-plugins","10":"product_tag-codecanyon","11":"member-discount","12":"discount-restricted","14":"first","15":"instock","16":"sale","17":"downloadable","18":"virtual","19":"sold-individually","20":"purchasable","21":"product-type-simple"},"_links":{"self":[{"href":"https:\/\/gpl-love.com\/fr\/wp-json\/wp\/v2\/product\/112562","targetHints":{"allow":["GET"]}}],"collection":[{"href":"https:\/\/gpl-love.com\/fr\/wp-json\/wp\/v2\/product"}],"about":[{"href":"https:\/\/gpl-love.com\/fr\/wp-json\/wp\/v2\/types\/product"}],"replies":[{"embeddable":true,"href":"https:\/\/gpl-love.com\/fr\/wp-json\/wp\/v2\/comments?post=112562"}],"wp:featuredmedia":[{"embeddable":true,"href":"https:\/\/gpl-love.com\/fr\/wp-json\/wp\/v2\/media\/143424"}],"wp:attachment":[{"href":"https:\/\/gpl-love.com\/fr\/wp-json\/wp\/v2\/media?parent=112562"}],"wp:term":[{"taxonomy":"product_brand","embeddable":true,"href":"https:\/\/gpl-love.com\/fr\/wp-json\/wp\/v2\/product_brand?post=112562"},{"taxonomy":"product_cat","embeddable":true,"href":"https:\/\/gpl-love.com\/fr\/wp-json\/wp\/v2\/product_cat?post=112562"},{"taxonomy":"product_tag","embeddable":true,"href":"https:\/\/gpl-love.com\/fr\/wp-json\/wp\/v2\/product_tag?post=112562"}],"curies":[{"name":"wp","href":"https:\/\/api.w.org\/{rel}","templated":true}]}}