{"id":112560,"date":"2025-06-12T00:00:00","date_gmt":"2025-06-11T22:00:00","guid":{"rendered":"http:\/\/gpl-love.com\/fr\/produit\/real-physical-media\/"},"modified":"2026-03-20T23:49:15","modified_gmt":"2026-03-20T22:49:15","slug":"real-physical-media","status":"publish","type":"product","link":"https:\/\/gpl-love.com\/fr\/produit\/real-physical-media\/","title":{"rendered":"Real Physical Media Libary 1.5.109"},"content":{"rendered":"<h3>Real Physical Media Libary Traits<\/h3>\n<p>La vraie biblioth\u00e8que de m\u00e9dias physiques est une solution avanc\u00e9e et de pointe sp\u00e9cialement con\u00e7ue pour le stockage et l&rsquo;organisation des supports physiques, y compris, mais sans s&rsquo;y limiter, les CD, les DVD et les disques Blu-ray. Ce produit r\u00e9volutionnaire et inventif accorde aux utilisateurs sans effort un acc\u00e8s \u00e0 leur collection de m\u00e9dias ainsi que la possibilit\u00e9 de le g\u00e9rer efficacement, le tout avec le simple clic sur un bouton. Son design \u00e9l\u00e9gant et contemporain sert non seulement son objectif pratique, mais ajoute \u00e9galement un \u00e9l\u00e9ment de style et de sophistication, ce qui le rend un ajout id\u00e9al et indispensable \u00e0 tout cadre de maison ou de bureau. Avec son interface conviviale, la vraie biblioth\u00e8que de m\u00e9dias physiques appara\u00eet comme la quintessence d&rsquo;une solution id\u00e9ale pour toute personne int\u00e9ress\u00e9e \u00e0 rationaliser et \u00e0 simplifier sa biblioth\u00e8que de m\u00e9dias. Que vous soyez un aficionado passionn\u00e9 de la musique, un passionn\u00e9 de cin\u00e9ma ou simplement quelqu&rsquo;un qui a besoin de d\u00e9sencombrer son environnement, ce produit est incontestablement un rem\u00e8de parfait pour r\u00e9pondre \u00e0 vos exigences de stockage. Alors, sans plus tarder, pourquoi Tarry? Saisissez l&rsquo;occasion d&rsquo;acqu\u00e9rir votre propre biblioth\u00e8que de m\u00e9dias physiques r\u00e9elle aujourd&rsquo;hui et d\u00e9couvrez la commodit\u00e9 in\u00e9gal\u00e9e et l&rsquo;organisation impeccable qu&rsquo;elle vous accorde!<\/p>\n<ul>\n<li>Acc\u00e8s \u00e0 toute votre biblioth\u00e8que de m\u00e9dias physiques en un seul endroit<\/li>\n<li>Trouvez et jouez instantan\u00e9ment vos films, \u00e9missions de t\u00e9l\u00e9vision et albums de musique pr\u00e9f\u00e9r\u00e9s<\/li>\n<li>Prend en charge plusieurs formats multim\u00e9dias, notamment DVD, Blu-ray, CD et vinyle<\/li>\n<li>Organisez votre biblioth\u00e8que par genre, date, acteur, directeur, et plus encore<\/li>\n<li>Cr\u00e9er des listes de lecture personnalis\u00e9es pour des f\u00eates, des \u00e9v\u00e9nements ou des usages personnels<\/li>\n<li>Interface intuitive avec des fonctions de navigation et de recherche faciles<\/li>\n<li>Lecture de haute qualit\u00e9 avec des fonctionnalit\u00e9s audio et vid\u00e9o avanc\u00e9es<\/li>\n<li>Compatible avec la plupart des syst\u00e8mes de th\u00e9\u00e2tre maison et des dispositifs de streaming<\/li>\n<li>Mises \u00e0 jour automatiques et mises \u00e0 niveau logicielles pour des performances optimales continues<\/li>\n<li>Des fonctionnalit\u00e9s de s\u00e9curit\u00e9 am\u00e9lior\u00e9es pour prot\u00e9ger votre pr\u00e9cieuse collection de m\u00e9dias.<\/li>\n<\/ul>\n","protected":false},"excerpt":{"rendered":"<p>La vraie biblioth\u00e8que de m\u00e9dias physiques offre aux individus l&rsquo;occasion sans pr\u00e9c\u00e9dent de se livrer \u00e0 leurs films, musique et jeux bien-aim\u00e9s dans leurs formats physiques vrais et authentiques, \u00e9liminant ainsi la n\u00e9cessit\u00e9 de d\u00e9pendre de connexions Internet pr\u00e9caires ou de pr\u00e9occupations concernant la qualit\u00e9 des services de streaming. Cette biblioth\u00e8que extraordinaire a \u00e9t\u00e9 m\u00e9ticuleusement con\u00e7ue avec l&rsquo;intention d&rsquo;adapter et d&rsquo;organiser vos CD, DVD et jeux ch\u00e9ris, vous offrant ainsi la plus grande commodit\u00e9 lorsqu&rsquo;il s&rsquo;agit d&rsquo;y acc\u00e9der \u00e0 votre guise. B\u00e9n\u00e9ficiant d&rsquo;une construction robuste et d&rsquo;une conception qui optimise l&rsquo;utilisation de l&rsquo;espace, cet ajout remarquable \u00e0 votre syst\u00e8me de divertissement \u00e0 domicile est tenu d&rsquo;am\u00e9liorer votre exp\u00e9rience globale.<\/p>\n","protected":false},"featured_media":146117,"comment_status":"open","ping_status":"open","template":"","meta":[],"product_brand":[2708],"product_cat":[1187,1181,1186],"product_tag":[1339],"class_list":{"0":"post-112560","1":"product","2":"type-product","3":"status-publish","4":"has-post-thumbnail","6":"product_brand-real","7":"product_cat-administration-wordpress-plugins","8":"product_cat-plugins","9":"product_cat-wordpress-plugins","10":"product_tag-real","11":"member-discount","12":"discount-restricted","14":"first","15":"instock","16":"sale","17":"downloadable","18":"virtual","19":"sold-individually","20":"purchasable","21":"product-type-simple"},"_links":{"self":[{"href":"https:\/\/gpl-love.com\/fr\/wp-json\/wp\/v2\/product\/112560","targetHints":{"allow":["GET"]}}],"collection":[{"href":"https:\/\/gpl-love.com\/fr\/wp-json\/wp\/v2\/product"}],"about":[{"href":"https:\/\/gpl-love.com\/fr\/wp-json\/wp\/v2\/types\/product"}],"replies":[{"embeddable":true,"href":"https:\/\/gpl-love.com\/fr\/wp-json\/wp\/v2\/comments?post=112560"}],"wp:featuredmedia":[{"embeddable":true,"href":"https:\/\/gpl-love.com\/fr\/wp-json\/wp\/v2\/media\/146117"}],"wp:attachment":[{"href":"https:\/\/gpl-love.com\/fr\/wp-json\/wp\/v2\/media?parent=112560"}],"wp:term":[{"taxonomy":"product_brand","embeddable":true,"href":"https:\/\/gpl-love.com\/fr\/wp-json\/wp\/v2\/product_brand?post=112560"},{"taxonomy":"product_cat","embeddable":true,"href":"https:\/\/gpl-love.com\/fr\/wp-json\/wp\/v2\/product_cat?post=112560"},{"taxonomy":"product_tag","embeddable":true,"href":"https:\/\/gpl-love.com\/fr\/wp-json\/wp\/v2\/product_tag?post=112560"}],"curies":[{"name":"wp","href":"https:\/\/api.w.org\/{rel}","templated":true}]}}