{"id":112558,"date":"2024-03-29T00:00:00","date_gmt":"2024-03-28T23:00:00","guid":{"rendered":"http:\/\/gpl-love.com\/fr\/produit\/massive-cryptocurrency-widgets\/"},"modified":"2026-03-20T23:23:48","modified_gmt":"2026-03-20T22:23:48","slug":"massive-cryptocurrency-widgets","status":"publish","type":"product","link":"https:\/\/gpl-love.com\/fr\/produit\/massive-cryptocurrency-widgets\/","title":{"rendered":"Massive Cryptocurrency Widgets 3.2.7"},"content":{"rendered":"<h3>Massive Cryptocurrency Widgets Traits<\/h3>\n<p>Les widgets de crypto-monnaie massifs, un ensemble complet d&rsquo;outils, servent de conduit aux utilisateurs pour obtenir des donn\u00e9es en temps r\u00e9el relatives aux performances d&rsquo;une myriade de crypto-monnaies. Ces widgets poss\u00e8dent une interface conviviale, ce qui les rend facilement navigables et compr\u00e9hensibles m\u00eame pour les personnes nouvelles dans le domaine de l&rsquo;investissement. Arm\u00e9s de widgets de crypto-monnaie massifs, les utilisateurs ont la capacit\u00e9 de surveiller le prix, la capitalisation boursi\u00e8re, le volume de n\u00e9gociation et d&rsquo;autres mesures importantes associ\u00e9es aux crypto-monnaies, les permettant ainsi \u00e0 prendre des d\u00e9cisions d&rsquo;investissement bien inform\u00e9es. En outre, ces widgets ne sont pas limit\u00e9s \u00e0 une seule plate-forme, mais sont plut\u00f4t compatibles avec diverses plates-formes telles que les sites Web, les applications mobiles et les applications de bureau, s&rsquo;adaptant ainsi \u00e0 un \u00e9ventail diversifi\u00e9 d&rsquo;utilisateurs. En r\u00e9sum\u00e9, les widgets de crypto-monnaie massifs repr\u00e9sentent un outil indispensable pour les personnes cherchant \u00e0 rester au courant du march\u00e9 des crypto-monnaies en constante \u00e9volution.<\/p>\n<ul>\n<li>Les widgets de crypto-monnaie massifs sont une plate-forme compl\u00e8te de trading de crypto-monnaie qui permet un acc\u00e8s et une gestion faciles de vos actifs num\u00e9riques.<\/li>\n<li>Avec des widgets de crypto-monnaie massifs, vous pouvez afficher les prix de la crypto-monnaie en temps r\u00e9el, suivre vos performances de portefeuille et ex\u00e9cuter facilement les transactions.<\/li>\n<li>La plate-forme dispose d&rsquo;une interface conviviale qui facilite la navigation, m\u00eame pour les nouveaux \u00e9changes de crypto-monnaie.<\/li>\n<li>Que vous soyez un commer\u00e7ant exp\u00e9riment\u00e9 ou que vous commenciez simplement, des widgets de crypto-monnaie massifs fournissent une suite compl\u00e8te d&rsquo;outils pour vous aider \u00e0 g\u00e9rer vos investissements de crypto-monnaie.<\/li>\n<li>Vous aurez acc\u00e8s aux derni\u00e8res nouvelles et informations sur le march\u00e9 des crypto-monnaies, ainsi que des outils d&rsquo;analyse technique pour vous aider \u00e0 prendre des d\u00e9cisions \u00e9clair\u00e9es sur vos m\u00e9tiers.<\/li>\n<li>Les widgets de crypto-monnaie massifs soutiennent \u00e9galement un large \u00e9ventail de crypto-monnaies, notamment Bitcoin, Ethereum, Litecoin, etc., afin que vous puissiez \u00e9changer avec confiance.<\/li>\n<li>La plate-forme est s\u00e9curis\u00e9e et fiable, avec des mesures de s\u00e9curit\u00e9 robustes en place pour prot\u00e9ger vos actifs et vos informations personnelles.<\/li>\n<li>Avec des widgets de crypto-monnaie massifs, vous pouvez prendre le contr\u00f4le de vos investissements de crypto-monnaie et atteindre vos objectifs financiers dans le monde en croissance rapide des actifs num\u00e9riques.<\/li>\n<\/ul>\n","protected":false},"excerpt":{"rendered":"<p>Les widgets de crypto-monnaie massifs sont un outil incroyablement polyvalent et hautement personnalisable qui r\u00e9pond aux besoins et aux d\u00e9sirs des commer\u00e7ants de crypto-monnaie, des investisseurs et des passionn\u00e9s. Ce produit exceptionnel poss\u00e8de une vaste gamme de divers widgets m\u00e9ticuleusement con\u00e7us pour offrir aux utilisateurs une compr\u00e9hension globale et profonde du domaine de la crypto-monnaie. Parmi ses caract\u00e9ristiques remarquables, on peut trouver des billeurs de prix en temps r\u00e9el, des capitales boursi\u00e8res, des volumes de trading, des indicateurs de sentiment du march\u00e9 et un \u00e9ventail d&rsquo;autres outils inestimables. En outre, l&rsquo;interface conviviale garantit une navigation sans effort et les options de personnalisation in\u00e9gal\u00e9es permettent \u00e0 chaque utilisateur individuel d&rsquo;adapter le produit \u00e0 ses sp\u00e9cifications uniques. En utilisant des widgets de crypto-monnaie massifs, les individus peuvent rester \u00e0 jour et bien inform\u00e9s en ce qui concerne les d\u00e9veloppements les plus r\u00e9cents sur les march\u00e9s cryptographiques. De plus, ils acqui\u00e8rent la capacit\u00e9 inestimable \u00e0 analyser m\u00e9ticuleusement les tendances du march\u00e9 et finalement prendre des d\u00e9cisions d&rsquo;investissement hautement inform\u00e9es et strat\u00e9giques.<\/p>\n","protected":false},"featured_media":144462,"comment_status":"open","ping_status":"open","template":"","meta":[],"product_brand":[2435],"product_cat":[1189,1181,1186],"product_tag":[1231],"class_list":{"0":"post-112558","1":"product","2":"type-product","3":"status-publish","4":"has-post-thumbnail","6":"product_brand-codecanyon","7":"product_cat-personnalisation","8":"product_cat-plugins","9":"product_cat-wordpress-plugins","10":"product_tag-codecanyon","11":"member-discount","12":"discount-restricted","14":"first","15":"instock","16":"sale","17":"downloadable","18":"virtual","19":"sold-individually","20":"purchasable","21":"product-type-simple"},"_links":{"self":[{"href":"https:\/\/gpl-love.com\/fr\/wp-json\/wp\/v2\/product\/112558","targetHints":{"allow":["GET"]}}],"collection":[{"href":"https:\/\/gpl-love.com\/fr\/wp-json\/wp\/v2\/product"}],"about":[{"href":"https:\/\/gpl-love.com\/fr\/wp-json\/wp\/v2\/types\/product"}],"replies":[{"embeddable":true,"href":"https:\/\/gpl-love.com\/fr\/wp-json\/wp\/v2\/comments?post=112558"}],"wp:featuredmedia":[{"embeddable":true,"href":"https:\/\/gpl-love.com\/fr\/wp-json\/wp\/v2\/media\/144462"}],"wp:attachment":[{"href":"https:\/\/gpl-love.com\/fr\/wp-json\/wp\/v2\/media?parent=112558"}],"wp:term":[{"taxonomy":"product_brand","embeddable":true,"href":"https:\/\/gpl-love.com\/fr\/wp-json\/wp\/v2\/product_brand?post=112558"},{"taxonomy":"product_cat","embeddable":true,"href":"https:\/\/gpl-love.com\/fr\/wp-json\/wp\/v2\/product_cat?post=112558"},{"taxonomy":"product_tag","embeddable":true,"href":"https:\/\/gpl-love.com\/fr\/wp-json\/wp\/v2\/product_tag?post=112558"}],"curies":[{"name":"wp","href":"https:\/\/api.w.org\/{rel}","templated":true}]}}