{"id":112556,"date":"2025-10-10T00:00:00","date_gmt":"2025-10-09T22:00:00","guid":{"rendered":"http:\/\/gpl-love.com\/fr\/produit\/enfold-responsive-multipurpose-theme\/"},"modified":"2026-03-20T23:04:00","modified_gmt":"2026-03-20T22:04:00","slug":"enfold-responsive-multipurpose-theme","status":"publish","type":"product","link":"https:\/\/gpl-love.com\/fr\/produit\/enfold-responsive-multipurpose-theme\/","title":{"rendered":"Enfold Responsive MultiPurpose Theme 7.1.3"},"content":{"rendered":"<h3>Enfold Responsive MultiPurpose Theme Traits<\/h3>\n<p>Enfold le th\u00e8me polyvalent r\u00e9actif, avec sa polyvalence et sa convivialit\u00e9, se pr\u00e9sente comme une solution exceptionnelle pour les personnes qui cherchent \u00e0 construire sans effort un site Web professionnel et contemporain. Son vaste \u00e9ventail d&rsquo;options personnalisables, englobant divers dispositions, polices et sch\u00e9mas de couleurs, le rend adapt\u00e9 \u00e0 toute entreprise ou organisation, quelle que soit sa nature. Notamment, sa r\u00e9activit\u00e9 compl\u00e8te garantit que le site Web semble visuellement attrayant sur les \u00e9crans de toutes tailles et sur plusieurs appareils. De plus, avec des fonctionnalit\u00e9s avanc\u00e9es comme un \u00e9diteur de glisser-d\u00e9poser, des widgets personnalis\u00e9s et une interface d&rsquo;administration robuste, ce th\u00e8me s&rsquo;av\u00e8re \u00eatre un choix optimal pour les novices et les experts. En fin de compte, faire un investissement dans un th\u00e8me polyvalent r\u00e9actif en retrait garantit la cr\u00e9ation d&rsquo;un site Web qui est \u00e0 la fois de qualit\u00e9 et de fonctionnalit\u00e9 sup\u00e9rieures.<\/p>\n<ul>\n<li>Th\u00e8me hautement personnalisable et polyvalent adapt\u00e9 \u00e0 tout type de site Web<\/li>\n<li>Conception enti\u00e8rement r\u00e9active, assurer une exp\u00e9rience utilisateur fluide et sans couture sur n&rsquo;importe quel appareil<\/li>\n<li>Livr\u00e9 avec une large gamme de mod\u00e8les pr\u00e9d\u00e9finis et de dispositions de d\u00e9monstration pour une personnalisation rapide et facile<\/li>\n<li>Builder de glisser-d\u00e9poser puissant pour cr\u00e9er des dispositions et des conceptions uniques sans aucune connaissance de codage<\/li>\n<li>S&rsquo;int\u00e8gre parfaitement aux plugins WordPress populaires comme WooCommerce, WPML, le formulaire de contact 7, et plus<\/li>\n<li>Outils d&rsquo;optimisation SEO int\u00e9gr\u00e9s pour am\u00e9liorer la visibilit\u00e9 et le classement de votre site Web dans les r\u00e9sultats des moteurs de recherche<\/li>\n<li>Comprend des options de couleurs illimit\u00e9es, des param\u00e8tres de typographie et des zones de widget personnalis\u00e9es pour une cr\u00e9ativit\u00e9 et une flexibilit\u00e9 maximales<\/li>\n<li>Mises \u00e0 jour r\u00e9guli\u00e8res et soutien de l&rsquo;\u00e9quipe exp\u00e9riment\u00e9e de d\u00e9veloppement en retrouvant<\/li>\n<li>Prend en charge plusieurs langues, ce qui en fait un excellent choix pour les sites Web multilingues<\/li>\n<li>Construit avec la vitesse et les performances \u00e0 l&rsquo;esprit, en garantissant des temps de chargement rapide et des performances optimales du site Web.<\/li>\n<\/ul>\n","protected":false},"excerpt":{"rendered":"<p>Le th\u00e8me polyvalent r\u00e9actif Enfold est un th\u00e8me incroyablement polyvalent et convivial qui a \u00e9t\u00e9 sp\u00e9cialement con\u00e7u pour r\u00e9pondre \u00e0 tous les besoins de votre site Web, que vous soyez en train de cr\u00e9er un blog ou une boutique en ligne. L&rsquo;une des fonctionnalit\u00e9s remarquables de ce th\u00e8me est sa r\u00e9activit\u00e9 exceptionnelle, qui garantit que votre site Web sera absolument fantastique sur n&rsquo;importe quel appareil, offrant une exp\u00e9rience utilisateur transparente et agr\u00e9able. Non seulement cela, mais ce th\u00e8me poss\u00e8de \u00e9galement une abondance d&rsquo;options personnalisables, ce qui signifie que vous pouvez cr\u00e9er sans effort un site Web vraiment unique et incroyablement professionnel, m\u00eame si vous ne poss\u00e9dez aucune connaissance de codage.<\/p>\n","protected":false},"featured_media":143745,"comment_status":"open","ping_status":"open","template":"","meta":[],"product_brand":[2433],"product_cat":[1214,1212,1213],"product_tag":[1366],"class_list":{"0":"post-112556","1":"product","2":"type-product","3":"status-publish","4":"has-post-thumbnail","6":"product_brand-themeforest","7":"product_cat-polyvalent","8":"product_cat-themes","9":"product_cat-wordpress-themes","10":"product_tag-themeforest","11":"member-discount","12":"discount-restricted","14":"first","15":"instock","16":"sale","17":"downloadable","18":"virtual","19":"sold-individually","20":"purchasable","21":"product-type-simple"},"_links":{"self":[{"href":"https:\/\/gpl-love.com\/fr\/wp-json\/wp\/v2\/product\/112556","targetHints":{"allow":["GET"]}}],"collection":[{"href":"https:\/\/gpl-love.com\/fr\/wp-json\/wp\/v2\/product"}],"about":[{"href":"https:\/\/gpl-love.com\/fr\/wp-json\/wp\/v2\/types\/product"}],"replies":[{"embeddable":true,"href":"https:\/\/gpl-love.com\/fr\/wp-json\/wp\/v2\/comments?post=112556"}],"wp:featuredmedia":[{"embeddable":true,"href":"https:\/\/gpl-love.com\/fr\/wp-json\/wp\/v2\/media\/143745"}],"wp:attachment":[{"href":"https:\/\/gpl-love.com\/fr\/wp-json\/wp\/v2\/media?parent=112556"}],"wp:term":[{"taxonomy":"product_brand","embeddable":true,"href":"https:\/\/gpl-love.com\/fr\/wp-json\/wp\/v2\/product_brand?post=112556"},{"taxonomy":"product_cat","embeddable":true,"href":"https:\/\/gpl-love.com\/fr\/wp-json\/wp\/v2\/product_cat?post=112556"},{"taxonomy":"product_tag","embeddable":true,"href":"https:\/\/gpl-love.com\/fr\/wp-json\/wp\/v2\/product_tag?post=112556"}],"curies":[{"name":"wp","href":"https:\/\/api.w.org\/{rel}","templated":true}]}}