{"id":112554,"date":"2021-06-15T00:00:00","date_gmt":"2021-06-14T22:00:00","guid":{"rendered":"http:\/\/gpl-love.com\/fr\/produit\/pantograph-newspaper-magazine-theme\/"},"modified":"2026-04-10T18:36:11","modified_gmt":"2026-04-10T16:36:11","slug":"pantograph-newspaper-magazine-theme","status":"publish","type":"product","link":"https:\/\/gpl-love.com\/fr\/produit\/pantograph-newspaper-magazine-theme\/","title":{"rendered":"PantoGraph Newspaper Magazine Theme 3.7.2"},"content":{"rendered":"<h3>PantoGraph Newspaper Magazine Theme Traits<\/h3>\n<p>Le th\u00e8me du magazine Pantographs Newspaper est un th\u00e8me WordPress exceptionnel qui a \u00e9t\u00e9 m\u00e9ticuleusement d\u00e9velopp\u00e9 pour r\u00e9pondre aux besoins sp\u00e9cifiques des blogueurs et des \u00e9diteurs qui aspirent \u00e0 cr\u00e9er sans effort et rapidement des sites Web impressionnants et de haute qualit\u00e9. B\u00e9n\u00e9ficiant d&rsquo;un \u00e9ventail impressionnant d&rsquo;options personnalisables, englobant un assortiment de sch\u00e9mas de couleurs, de polices, de widgets et de nombreuses autres fonctionnalit\u00e9s, des promesses de pantographe pour faciliter la cr\u00e9ation d&rsquo;un site Web exceptionnellement unique et visuellement captivant qui est le v\u00e9ritable reflet de votre identit\u00e9 de marque et de votre style personnel exceptionnellement unique et visuellement captivant qui est le v\u00e9ritable reflet de votre identit\u00e9 de marque et de votre style personnel exceptionnellement unique et visuellement captivant qui est le v\u00e9ritable reflet de l&rsquo;identit\u00e9 de votre marque et de votre style personnel . Ce th\u00e8me est non seulement esth\u00e9tique, mais aussi tr\u00e8s adaptable et r\u00e9actif, garantissant l&rsquo;accessibilit\u00e9 transparente et la navigation conviviale \u00e0 travers une myriade d&rsquo;appareils. De plus, il propose un vaste r\u00e9pertoire d&rsquo;outils et de fonctionnalit\u00e9s puissants, y compris un outil d&rsquo;optimisation SEO int\u00e9gr\u00e9, une compatibilit\u00e9 ferme avec divers formats de poste, une int\u00e9gration transparente avec les plateformes de m\u00e9dias sociaux et une abondance d&rsquo;autres caract\u00e9ristiques remarquables. Que vous poss\u00e9diez une exp\u00e9rience substantielle en tant que blogueur chevronn\u00e9 ou que vous vous lanciez simplement dans votre parcours de blogs, Pantograph appara\u00eet comme le choix ultime pour les personnes qui aspirent \u00e0 construire un site Web exceptionnel et vraiment exceptionnel qui se distingue in\u00e9vitablement de la comp\u00e9tition dominante.<\/p>\n<ul>\n<li>Design moderne et \u00e9l\u00e9gant<\/li>\n<li>Disposition enti\u00e8rement r\u00e9active pour tous les appareils<\/li>\n<li>Sections de page d&rsquo;accueil personnalisables<\/li>\n<li>Faire glisser et d\u00e9poser le constructeur de page<\/li>\n<li>WooCommerce compatible<\/li>\n<li>Options de typographie avanc\u00e9e<\/li>\n<li>Options de mise en page multiples<\/li>\n<li>Typographie \u00e9l\u00e9gante et propre<\/li>\n<li>Int\u00e9gration des m\u00e9dias sociaux<\/li>\n<li>Panneau d&rsquo;options de th\u00e8me facile \u00e0 utiliser<\/li>\n<li>Vitesse de chargement rapide<\/li>\n<li>SEO optimis\u00e9 pour une meilleure visibilit\u00e9 de la recherche<\/li>\n<li>Traduction pr\u00eate<\/li>\n<li>Importation de d\u00e9monstration en un clic<\/li>\n<li>\u00c9quipe de support d\u00e9di\u00e9e<\/li>\n<\/ul>\n","protected":false},"excerpt":{"rendered":"<p>Le th\u00e8me du magazine Pantograph Journal est un th\u00e8me WordPress extr\u00eamement r\u00e9actif et remarquablement polyvalent qui a \u00e9t\u00e9 m\u00e9ticuleusement con\u00e7u dans le but sp\u00e9cifique de r\u00e9pondre aux besoins et aux exigences des journaux, des magazines et des publications en ligne. Ce th\u00e8me, avec son design exceptionnellement propre et remarquablement moderne, poss\u00e8de un large \u00e9ventail de dispositions personnalisables, une vaste gamme d&rsquo;options de couleurs illimit\u00e9es, ainsi qu&rsquo;une pl\u00e9thore de plusieurs formats de poste, qui sont tous combin\u00e9s pour mettre en valeur efficacement votre pr\u00e9cieux pr\u00e9cieux votre pr\u00e9cieux Contenu de la mani\u00e8re la plus percutante et la plus influente concevable.<\/p>\n","protected":false},"featured_media":144934,"comment_status":"open","ping_status":"open","template":"","meta":[],"product_brand":[2433],"product_cat":[1220,1212,1213],"product_tag":[1366],"class_list":{"0":"post-112554","1":"product","2":"type-product","3":"status-publish","4":"has-post-thumbnail","6":"product_brand-themeforest","7":"product_cat-blog-magazine","8":"product_cat-themes","9":"product_cat-wordpress-themes","10":"product_tag-themeforest","11":"member-discount","12":"discount-restricted","14":"first","15":"instock","16":"sale","17":"downloadable","18":"virtual","19":"sold-individually","20":"purchasable","21":"product-type-simple"},"_links":{"self":[{"href":"https:\/\/gpl-love.com\/fr\/wp-json\/wp\/v2\/product\/112554","targetHints":{"allow":["GET"]}}],"collection":[{"href":"https:\/\/gpl-love.com\/fr\/wp-json\/wp\/v2\/product"}],"about":[{"href":"https:\/\/gpl-love.com\/fr\/wp-json\/wp\/v2\/types\/product"}],"replies":[{"embeddable":true,"href":"https:\/\/gpl-love.com\/fr\/wp-json\/wp\/v2\/comments?post=112554"}],"wp:featuredmedia":[{"embeddable":true,"href":"https:\/\/gpl-love.com\/fr\/wp-json\/wp\/v2\/media\/144934"}],"wp:attachment":[{"href":"https:\/\/gpl-love.com\/fr\/wp-json\/wp\/v2\/media?parent=112554"}],"wp:term":[{"taxonomy":"product_brand","embeddable":true,"href":"https:\/\/gpl-love.com\/fr\/wp-json\/wp\/v2\/product_brand?post=112554"},{"taxonomy":"product_cat","embeddable":true,"href":"https:\/\/gpl-love.com\/fr\/wp-json\/wp\/v2\/product_cat?post=112554"},{"taxonomy":"product_tag","embeddable":true,"href":"https:\/\/gpl-love.com\/fr\/wp-json\/wp\/v2\/product_tag?post=112554"}],"curies":[{"name":"wp","href":"https:\/\/api.w.org\/{rel}","templated":true}]}}