{"id":112552,"date":"2022-02-26T00:00:00","date_gmt":"2022-02-25T23:00:00","guid":{"rendered":"http:\/\/gpl-love.com\/fr\/produit\/vidorev-video-wordpress-theme\/"},"modified":"2026-04-10T18:45:00","modified_gmt":"2026-04-10T16:45:00","slug":"vidorev-video-wordpress-theme","status":"publish","type":"product","link":"https:\/\/gpl-love.com\/fr\/produit\/vidorev-video-wordpress-theme\/","title":{"rendered":"VidoRev Video WordPress Theme 2.9.9.9.9.2"},"content":{"rendered":"<h3>VidoRev Video WordPress Theme Traits<\/h3>\n<p>Le th\u00e8me VIDOREV VIDEO WORDPRESS propose une solution globale aux personnes cherchant \u00e0 \u00e9tablir un site Web vid\u00e9o professionnel et visuellement frappant. B\u00e9n\u00e9ficiant d&rsquo;un design contemporain et d&rsquo;une interface conviviale, ce th\u00e8me facilite la pr\u00e9sentation sans effort de vid\u00e9os dans un \u00e9ventail de formats, allant des listes de lecture aux galeries. De plus, il poss\u00e8de un formidable syst\u00e8me de soumission vid\u00e9o frontal, permettant aux utilisateurs de t\u00e9l\u00e9charger directement leur propre contenu sur votre site. Incontestablement, ce th\u00e8me est pleinement r\u00e9actif et a \u00e9t\u00e9 m\u00e9ticuleusement optimis\u00e9 pour le r\u00e9f\u00e9rencement, garantissant ainsi que votre site Web \u00e9blouit sur tous les appareils imaginables et obtient des classements impressionnants sur divers moteurs de recherche. Que vous soyez un blogueur vid\u00e9o, un cin\u00e9aste ou simplement une personne cherchant \u00e0 montrer votre contenu vid\u00e9o, le th\u00e8me VIDOREV VIDEOD WordPress appara\u00eet comme un choix id\u00e9al.<\/p>\n<ul>\n<li>Un th\u00e8me WordPress enti\u00e8rement r\u00e9actif con\u00e7u pour les sites Web li\u00e9s \u00e0 la vid\u00e9o<\/li>\n<li>Disponible en versions claires et sombres<\/li>\n<li>Lecteur vid\u00e9o int\u00e9gr\u00e9 avec des peaux personnalisables<\/li>\n<li>Plusieurs dispositions et conceptions de page d&rsquo;accueil au choix<\/li>\n<li>Int\u00e9gration avec des plateformes d&rsquo;h\u00e9bergement vid\u00e9o populaires telles que YouTube, Vimeo et Dailymotion<\/li>\n<li>Cat\u00e9gories de vid\u00e9os personnalisables et balises pour l&rsquo;organisation et la navigation facile<\/li>\n<li>Widgets personnalis\u00e9s pour afficher le contenu vid\u00e9o et les liens de m\u00e9dias sociaux<\/li>\n<li>Prise en charge de plusieurs formats vid\u00e9o, notamment MP4, MPEG et AVI<\/li>\n<li>SEO optimis\u00e9 pour un meilleur classement des moteurs de recherche<\/li>\n<li>Compatible avec les plugins WordPress populaires tels que WooCommerce et BBPress<\/li>\n<li>Les mises \u00e0 jour r\u00e9guli\u00e8res et le support client inclus pour une exp\u00e9rience fiable et durable.<\/li>\n<\/ul>\n","protected":false},"excerpt":{"rendered":"<p>Le th\u00e8me VIDOREV Video WordPress, un outil incroyablement puissant et convivial, sert de solution id\u00e9ale pour fabriquer des sites Web vid\u00e9o captivants visuellement. Ce th\u00e8me poss\u00e8de un design de pointe et adaptable qui est m\u00e9ticuleusement adapt\u00e9 pour r\u00e9pondre \u00e0 tous les types de vid\u00e9os, que ce soit des films, des \u00e9missions de t\u00e9l\u00e9vision, des vlogs et un \u00e9ventail d&rsquo;autres genres. Avec un vaste r\u00e9pertoire d&rsquo;options personnalisables \u00e0 votre disposition, telles que de nombreuses alternatives de mise en page, une gamme infinie de couleurs \u00e0 choisir et un constructeur de pages de glisser-d\u00e9poser remarquablement intuitif, ce th\u00e8me vous permet vraiment de donner vie \u00e0 votre vision cr\u00e9ative \u00e0 la vie . De plus, ce package exceptionnel est livr\u00e9 avec un assortiment de blocs de contenu pr\u00e9-con\u00e7us, garantissant que vous pouvez mettre en place sans effort des pages dynamiques et passionnantes en quelques minutes. Que vous soyez une figure influente, un cin\u00e9aste visionnaire ou simplement un individu cherchant \u00e0 construire une plate-forme pour afficher votre contenu vid\u00e9o, le th\u00e8me VIDOREV VIDEOD WordPress s&rsquo;av\u00e9rera \u00eatre la solution ultime qui r\u00e9pond \u00e0 vos besoins.<\/p>\n","protected":false},"featured_media":145714,"comment_status":"open","ping_status":"open","template":"","meta":[],"product_brand":[2433],"product_cat":[1242,1212,1213],"product_tag":[1366],"class_list":{"0":"post-112552","1":"product","2":"type-product","3":"status-publish","4":"has-post-thumbnail","6":"product_brand-themeforest","7":"product_cat-creatif","8":"product_cat-themes","9":"product_cat-wordpress-themes","10":"product_tag-themeforest","11":"member-discount","12":"discount-restricted","14":"first","15":"instock","16":"sale","17":"downloadable","18":"virtual","19":"sold-individually","20":"purchasable","21":"product-type-simple"},"_links":{"self":[{"href":"https:\/\/gpl-love.com\/fr\/wp-json\/wp\/v2\/product\/112552","targetHints":{"allow":["GET"]}}],"collection":[{"href":"https:\/\/gpl-love.com\/fr\/wp-json\/wp\/v2\/product"}],"about":[{"href":"https:\/\/gpl-love.com\/fr\/wp-json\/wp\/v2\/types\/product"}],"replies":[{"embeddable":true,"href":"https:\/\/gpl-love.com\/fr\/wp-json\/wp\/v2\/comments?post=112552"}],"wp:featuredmedia":[{"embeddable":true,"href":"https:\/\/gpl-love.com\/fr\/wp-json\/wp\/v2\/media\/145714"}],"wp:attachment":[{"href":"https:\/\/gpl-love.com\/fr\/wp-json\/wp\/v2\/media?parent=112552"}],"wp:term":[{"taxonomy":"product_brand","embeddable":true,"href":"https:\/\/gpl-love.com\/fr\/wp-json\/wp\/v2\/product_brand?post=112552"},{"taxonomy":"product_cat","embeddable":true,"href":"https:\/\/gpl-love.com\/fr\/wp-json\/wp\/v2\/product_cat?post=112552"},{"taxonomy":"product_tag","embeddable":true,"href":"https:\/\/gpl-love.com\/fr\/wp-json\/wp\/v2\/product_tag?post=112552"}],"curies":[{"name":"wp","href":"https:\/\/api.w.org\/{rel}","templated":true}]}}