{"id":112548,"date":"2024-09-13T00:00:00","date_gmt":"2024-09-12T22:00:00","guid":{"rendered":"http:\/\/gpl-love.com\/fr\/produit\/ekommart-all-in-one-ecommerce-wordpress-theme\/"},"modified":"2026-03-20T23:03:05","modified_gmt":"2026-03-20T22:03:05","slug":"ekommart-all-in-one-ecommerce-wordpress-theme","status":"publish","type":"product","link":"https:\/\/gpl-love.com\/fr\/produit\/ekommart-all-in-one-ecommerce-wordpress-theme\/","title":{"rendered":"Ekommart All-in-one eCommerce WordPress Theme 4.1.2"},"content":{"rendered":"<h3>Ekommart All-in-one eCommerce WordPress Theme Traits<\/h3>\n<p>Le th\u00e8me WordPress du commerce \u00e9lectronique tout-en-un Ekommart appara\u00eet comme une r\u00e9solution exemplaire pour les personnes cherchant \u00e0 \u00e9tablir un emporium en ligne comp\u00e9tent et dynamique. Affichant un design \u00e9l\u00e9gant et contemporain, ce th\u00e8me s&rsquo;av\u00e8re \u00eatre un ajustement impeccable pour les entreprises couvrant un \u00e9ventail diversifi\u00e9 de tailles et d&rsquo;industries. B\u00e9n\u00e9ficiant d&rsquo;un vaste r\u00e9pertoire de fonctionnalit\u00e9s, il englobe des options de personnalisation sans effort, des mod\u00e8les pr\u00e9d\u00e9finis et un design r\u00e9actif qui garantit une apparence esth\u00e9tique dans tous les appareils. De plus, il englobe des outils de commerce \u00e9lectronique robustes, tels qu&rsquo;un panier d&rsquo;achat int\u00e9gr\u00e9, des filtres de produits et une int\u00e9gration de passerelle de paiement transparent, facilitant ainsi la gestion transparente de votre boutique en ligne et permettant la vente de produits \u00e0 une vaste client\u00e8le dans le monde. Tout bien consid\u00e9r\u00e9, le th\u00e8me WordPress de commerce \u00e9lectronique tout-en-un Ekommart repr\u00e9sente la s\u00e9lection par excellence pour ceux qui aspirent \u00e0 \u00e9lever leur entreprise de commerce \u00e9lectronique \u00e0 des sommets sans pr\u00e9c\u00e9dent.<\/p>\n<ul>\n<li>Site Web de commerce \u00e9lectronique complet avec toutes les fonctionnalit\u00e9s n\u00e9cessaires<\/li>\n<li>Interface conviviale pour une personnalisation et une gestion faciles<\/li>\n<li>Compatible avec WooCommerce et autres plugins populaires<\/li>\n<li>Conception enti\u00e8rement r\u00e9active pour la navigation sans couture sur tous les appareils<\/li>\n<li>Plusieurs options de disposition et pages pr\u00e9d\u00e9finies pour une configuration rapide<\/li>\n<li>SEO optimis\u00e9 pour une meilleure visibilit\u00e9 sur les moteurs de recherche<\/li>\n<li>Support multilingue pour atteindre le public mondial<\/li>\n<li>Int\u00e9gration avec les plateformes de m\u00e9dias sociaux pour une augmentation de l&rsquo;engagement des clients<\/li>\n<li>Outils de marketing int\u00e9gr\u00e9s pour la conduite des ventes et des promotions<\/li>\n<li>Support client 24\/7 et mises \u00e0 jour r\u00e9guli\u00e8res.<\/li>\n<\/ul>\n","protected":false},"excerpt":{"rendered":"<p>Le th\u00e8me WordPress de commerce \u00e9lectronique tout-en-un Ekommart se pr\u00e9sente comme la solution ultime pour les personnes qui visent \u00e0 \u00e9tablir une boutique en ligne robuste. B\u00e9n\u00e9ficiant de fonctionnalit\u00e9s conviviales et d&rsquo;une conception contemporaine et adaptable, ce th\u00e8me s&rsquo;adresse aux entreprises de toutes sortes, qu&rsquo;ils se sp\u00e9cialisent dans les biens tangibles, les t\u00e9l\u00e9chargements num\u00e9riques ou les services bas\u00e9s sur des mod\u00e8les d&rsquo;abonnement. En outre, ce th\u00e8me est fourni avec divers sites de d\u00e9monstration pr\u00e9fabriqu\u00e9s et un constructeur de pages intuitif qui permet une personnalisation sans effort de votre magasin pour s&rsquo;aligner parfaitement avec vos exigences uniques. En plus de ces avantages, d&rsquo;autres fonctionnalit\u00e9s notables incluent un syst\u00e8me de recherche avanc\u00e9, des alternatives de filtrage des produits et un processus de paiement rationalis\u00e9, qui sont tous mis en \u0153uvre pour assurer une exp\u00e9rience utilisateur transparente et gratifiante. En utilisant le th\u00e8me Ekommart, la construction d&rsquo;un site de commerce \u00e9lectronique prosp\u00e8re est rapidement r\u00e9alisable.<\/p>\n","protected":false},"featured_media":143687,"comment_status":"open","ping_status":"open","template":"","meta":[],"product_brand":[2433],"product_cat":[1238,1851,1212],"product_tag":[1366],"class_list":{"0":"post-112548","1":"product","2":"type-product","3":"status-publish","4":"has-post-thumbnail","6":"product_brand-themeforest","7":"product_cat-commerce-electronique-themes","8":"product_cat-entreprise-commerce-electronique-themes","9":"product_cat-themes","10":"product_tag-themeforest","11":"member-discount","12":"discount-restricted","14":"first","15":"instock","16":"sale","17":"downloadable","18":"virtual","19":"sold-individually","20":"purchasable","21":"product-type-simple"},"_links":{"self":[{"href":"https:\/\/gpl-love.com\/fr\/wp-json\/wp\/v2\/product\/112548","targetHints":{"allow":["GET"]}}],"collection":[{"href":"https:\/\/gpl-love.com\/fr\/wp-json\/wp\/v2\/product"}],"about":[{"href":"https:\/\/gpl-love.com\/fr\/wp-json\/wp\/v2\/types\/product"}],"replies":[{"embeddable":true,"href":"https:\/\/gpl-love.com\/fr\/wp-json\/wp\/v2\/comments?post=112548"}],"wp:featuredmedia":[{"embeddable":true,"href":"https:\/\/gpl-love.com\/fr\/wp-json\/wp\/v2\/media\/143687"}],"wp:attachment":[{"href":"https:\/\/gpl-love.com\/fr\/wp-json\/wp\/v2\/media?parent=112548"}],"wp:term":[{"taxonomy":"product_brand","embeddable":true,"href":"https:\/\/gpl-love.com\/fr\/wp-json\/wp\/v2\/product_brand?post=112548"},{"taxonomy":"product_cat","embeddable":true,"href":"https:\/\/gpl-love.com\/fr\/wp-json\/wp\/v2\/product_cat?post=112548"},{"taxonomy":"product_tag","embeddable":true,"href":"https:\/\/gpl-love.com\/fr\/wp-json\/wp\/v2\/product_tag?post=112548"}],"curies":[{"name":"wp","href":"https:\/\/api.w.org\/{rel}","templated":true}]}}