{"id":112546,"date":"2022-06-12T00:00:00","date_gmt":"2022-06-11T22:00:00","guid":{"rendered":"http:\/\/gpl-love.com\/fr\/produit\/revolution-creative-multipurpose-wordpress-theme\/"},"modified":"2026-04-10T18:38:19","modified_gmt":"2026-04-10T16:38:19","slug":"revolution-creative-multipurpose-wordpress-theme","status":"publish","type":"product","link":"https:\/\/gpl-love.com\/fr\/produit\/revolution-creative-multipurpose-wordpress-theme\/","title":{"rendered":"Revolution Creative Multipurpose WordPress Theme 2.4.5.3"},"content":{"rendered":"<h3>Revolution Creative Multipurpose WordPress Theme Traits<\/h3>\n<p>Le th\u00e8me WordPress polyvalent Revolution Creative s&rsquo;av\u00e8re \u00eatre un instrument incroyablement polyvalent et influent pour la cr\u00e9ation de sites Web visuellement captivants. Son interface, \u00e0 la fois intuitive et conviviale, accorde aux utilisateurs une vaste gamme d&rsquo;options de personnalisation qui peuvent \u00eatre utilis\u00e9es pour adapter l&rsquo;apparence et l&rsquo;atmosph\u00e8re de leur site \u00e0 leurs pr\u00e9f\u00e9rences pr\u00e9cises. Que l&rsquo;objectif soit de construire un blog, une boutique de commerce \u00e9lectronique ou un portefeuille en ligne, Revolution Creative est en effet pr\u00e9par\u00e9e, offrant une conception et une compatibilit\u00e9 r\u00e9actives avec divers plugins tr\u00e8s recherch\u00e9s. De plus, ce th\u00e8me est \u00e9galement \u00e9quip\u00e9 de caract\u00e9ristiques typographiques sophistiqu\u00e9es et d&rsquo;un \u00e9ventail de dispositions de pages distinctes, facilitant ainsi l&rsquo;affichage sans effort de contenu d&rsquo;une mani\u00e8re qui d\u00e9gage le professionnalisme et captive les t\u00e9l\u00e9spectateurs. En utilisant le th\u00e8me WordPress polyvalent Revolution Creative, on peut \u00e9lever leur site Web \u00e0 des sommets sans pr\u00e9c\u00e9dent, en veillant \u00e0 ce qu&rsquo;il se d\u00e9marque au milieu de ses rivaux et concurrents.<\/p>\n<ul>\n<li>Un th\u00e8me WordPress moderne, polyvalent et enti\u00e8rement personnalisable adapt\u00e9 \u00e0 une vari\u00e9t\u00e9 de sites Web et d&rsquo;applications.<\/li>\n<li>Propose une conception r\u00e9active qui s&rsquo;adapte \u00e0 toute taille et appareil d&rsquo;\u00e9cran pour assurer une exp\u00e9rience utilisateur transparente.<\/li>\n<li>Livr\u00e9 avec une gamme de dispositions et de mod\u00e8les de d\u00e9monstration pr\u00e9d\u00e9finis qui peuvent \u00eatre facilement install\u00e9s et personnalis\u00e9s pour r\u00e9pondre \u00e0 vos besoins sp\u00e9cifiques.<\/li>\n<li>Offre un puissant constructeur de pages glisser-d\u00e9poser avec plusieurs options de mise en page, widgets et \u00e9l\u00e9ments personnalis\u00e9s pour cr\u00e9er facilement des conceptions de pages uniques.<\/li>\n<li>Comprend un en-t\u00eate flexible et un constructeur de page de page pour une personnalisation facile de la navigation du site, des logos et des \u00e9l\u00e9ments de marque.<\/li>\n<li>Prend en charge l&rsquo;int\u00e9gration avec des plugins populaires tels que WooCommerce, le formulaire de contact 7, etc. pour ajouter des fonctionnalit\u00e9s suppl\u00e9mentaires \u00e0 votre site.<\/li>\n<li>Construit en utilisant le code optimis\u00e9 et les meilleures pratiques de r\u00e9f\u00e9rencement pour assurer des vitesses de chargement rapide et am\u00e9liorer les classements des moteurs de recherche.<\/li>\n<li>Comprend des documents approfondis et des tutoriels vid\u00e9o pour fournir une assistance aux d\u00e9butants et aux utilisateurs avanc\u00e9s.<\/li>\n<li>Offre des mises \u00e0 jour r\u00e9guli\u00e8res et un support client pour garantir que votre site Web reste fonctionnel et \u00e0 jour avec les derni\u00e8res fonctionnalit\u00e9s et correctifs.<\/li>\n<li>Fournit un importateur de d\u00e9monstration en un clic pour une installation rapide et facile de contenu de d\u00e9monstration et de dispositions pour relancer le processus de cr\u00e9ation de votre site Web.<\/li>\n<\/ul>\n","protected":false},"excerpt":{"rendered":"<p>Le th\u00e8me WordPress polyvalent Revolution Creative est un th\u00e8me WordPress d\u00e9licieusement con\u00e7u et remarquablement convivial qui est impeccablement adapt\u00e9 \u00e0 la cr\u00e9ation d&rsquo;un site Web sophistiqu\u00e9 et visuellement attrayant. Il poss\u00e8de une pl\u00e9thore de fonctionnalit\u00e9s inestimables qui vous permettent de fa\u00e7onner une pr\u00e9sence en ligne distinctive et captivante avec une facilit\u00e9 in\u00e9gal\u00e9e. Ce th\u00e8me extraordinaire est exceptionnellement bien adapt\u00e9 \u00e0 un \u00e9ventail d&rsquo;entit\u00e9s, y compris des entreprises, des artistes, des blogueurs, des ind\u00e9pendants et des individus qui aspirent \u00e0 un site Web qui se distingue vraiment des masses. Avec son assortiment remarquablement puissant et remarquablement adaptable d&rsquo;options de personnalisation, vous avez la capacit\u00e9 de l&rsquo;adapter pr\u00e9cis\u00e9ment \u00e0 vos sp\u00e9cifications uniques et vos pr\u00e9f\u00e9rences individuelles. Que vous visiez \u00e0 pr\u00e9senter vos produits, vos services ou un portefeuille impressionnant, soyez assur\u00e9 que le th\u00e8me WordPress multipurpose Creative Revolution constitue le choix par excellence pour vous.<\/p>\n","protected":false},"featured_media":145133,"comment_status":"open","ping_status":"open","template":"","meta":[],"product_brand":[2433],"product_cat":[1214,1212,1213],"product_tag":[1366],"class_list":{"0":"post-112546","1":"product","2":"type-product","3":"status-publish","4":"has-post-thumbnail","6":"product_brand-themeforest","7":"product_cat-polyvalent","8":"product_cat-themes","9":"product_cat-wordpress-themes","10":"product_tag-themeforest","11":"member-discount","12":"discount-restricted","14":"first","15":"instock","16":"sale","17":"downloadable","18":"virtual","19":"sold-individually","20":"purchasable","21":"product-type-simple"},"_links":{"self":[{"href":"https:\/\/gpl-love.com\/fr\/wp-json\/wp\/v2\/product\/112546","targetHints":{"allow":["GET"]}}],"collection":[{"href":"https:\/\/gpl-love.com\/fr\/wp-json\/wp\/v2\/product"}],"about":[{"href":"https:\/\/gpl-love.com\/fr\/wp-json\/wp\/v2\/types\/product"}],"replies":[{"embeddable":true,"href":"https:\/\/gpl-love.com\/fr\/wp-json\/wp\/v2\/comments?post=112546"}],"wp:featuredmedia":[{"embeddable":true,"href":"https:\/\/gpl-love.com\/fr\/wp-json\/wp\/v2\/media\/145133"}],"wp:attachment":[{"href":"https:\/\/gpl-love.com\/fr\/wp-json\/wp\/v2\/media?parent=112546"}],"wp:term":[{"taxonomy":"product_brand","embeddable":true,"href":"https:\/\/gpl-love.com\/fr\/wp-json\/wp\/v2\/product_brand?post=112546"},{"taxonomy":"product_cat","embeddable":true,"href":"https:\/\/gpl-love.com\/fr\/wp-json\/wp\/v2\/product_cat?post=112546"},{"taxonomy":"product_tag","embeddable":true,"href":"https:\/\/gpl-love.com\/fr\/wp-json\/wp\/v2\/product_tag?post=112546"}],"curies":[{"name":"wp","href":"https:\/\/api.w.org\/{rel}","templated":true}]}}