{"id":112544,"date":"2023-11-24T00:00:00","date_gmt":"2023-11-23T23:00:00","guid":{"rendered":"http:\/\/gpl-love.com\/fr\/produit\/client-portal-for-wordpress\/"},"modified":"2026-03-20T22:58:39","modified_gmt":"2026-03-20T21:58:39","slug":"client-portal-for-wordpress","status":"publish","type":"product","link":"https:\/\/gpl-love.com\/fr\/produit\/client-portal-for-wordpress\/","title":{"rendered":"Client Portal For WordPress 4.16.6"},"content":{"rendered":"<h3>Client Portal For WordPress Traits<\/h3>\n<p>Le portail client de WordPress, un outil incroyablement robuste et efficace, permet aux entreprises de fournir \u00e0 leurs clients estim\u00e9s une plate-forme en ligne personnalis\u00e9e et fortifi\u00e9e, garantissant la plus grande s\u00e9curit\u00e9 et exclusivit\u00e9. Ce plugin exceptionnel a \u00e9t\u00e9 magistralement con\u00e7u pour simplifier les processus complexes de partage de fichiers, de communication client et de gestion de projet, att\u00e9nuant ainsi tout stress ou complication potentiel. En exploitant la puissance du portail client, les entreprises peuvent cr\u00e9er sans effort des profils d&rsquo;utilisateurs sur mesure pour chaque client individuel, leur accordant ainsi un acc\u00e8s et un contr\u00f4le sans pr\u00e9c\u00e9dent sur leurs projets respectifs. De plus, ce portail polyvalent offre des options de personnalisation sans limites, permettant aux entreprises de l&rsquo;impr\u00e9gner de leur identit\u00e9 de marque unique en incorporant leurs logos et leurs couleurs. Notamment, le portail client poss\u00e8de \u00e9galement un syst\u00e8me de messagerie ing\u00e9nieux et tr\u00e8s efficace, facilitant la communication transparente et directe entre les clients et les entreprises du portail lui-m\u00eame. Dans l&rsquo;ensemble, il est clairement clair que le portail client pour WordPress est un actif indispensable et indispensable pour les entreprises visant \u00e0 rationaliser leurs pratiques de gestion de la client\u00e8le et \u00e0 fournir \u00e0 leurs pr\u00e9cieux clients un portail en ligne impeccable et imprimable.<\/p>\n<ul>\n<li>Permettez \u00e0 vos clients de se connecter \u00e0 un compte personnalis\u00e9 pour acc\u00e9der aux informations importantes<\/li>\n<li>Partagez facilement des documents, des rapports ou d&rsquo;autres fichiers avec vos clients<\/li>\n<li>Options de marque personnalisables pour s&rsquo;aligner sur l&rsquo;identit\u00e9 de marque de votre entreprise<\/li>\n<li>Mesures de s\u00e9curit\u00e9 pour prot\u00e9ger les informations sensibles<\/li>\n<li>Rationaliser la communication en offrant un syst\u00e8me de messagerie pour communiquer directement avec les clients<\/li>\n<li>Syst\u00e8me de notification automatique pour mettre \u00e0 jour les clients sur les informations pertinentes, telles que l&rsquo;\u00e9tat du projet ou les factures<\/li>\n<li>Interface conviviale pour les clients et les administrateurs pour naviguer<\/li>\n<li>Int\u00e9gration avec les sites Web WordPress existants pour une exp\u00e9rience plus transparente<\/li>\n<li>Am\u00e9lioration de la satisfaction du client gr\u00e2ce \u00e0 une communication am\u00e9lior\u00e9e et \u00e0 l&rsquo;accessibilit\u00e9 des informations<\/li>\n<li>R\u00e9duisez les t\u00e2ches administratives en permettant aux clients d&rsquo;avoir des options en libre-service.<\/li>\n<\/ul>\n","protected":false},"excerpt":{"rendered":"<p>Pr\u00e9sentation de notre nouveau portail client pour WordPress, une solution innovante et conviviale con\u00e7ue pour rationaliser vos op\u00e9rations commerciales. Ce plugin avanc\u00e9 offre un environnement s\u00e9curis\u00e9 pour une communication transparente entre vous et vos clients. Il offre un acc\u00e8s facile aux documents n\u00e9cessaires, des factures, des d\u00e9lais de projet et bien plus encore, en un seul endroit.<\/p>\n<p>Avec notre portail client WordPress, vous pouvez g\u00e9rer et suivre efficacement chaque interaction client. Il permet aux clients de se connecter \u00e0 leur portail priv\u00e9 d\u00e9di\u00e9 o\u00f9 ils peuvent afficher et t\u00e9l\u00e9charger leurs informations facilement. Le plugin est incroyablement facile \u00e0 installer et fonctionne de mani\u00e8re transparente avec votre site WordPress existant.<\/p>\n<p>Notre portail client pour WordPress comprend \u00e9galement une interface intuitive, ce qui permet \u00e0 vous et \u00e0 vos clients de naviguer facilement. Cette fonctionnalit\u00e9 avanc\u00e9e am\u00e9liore l&rsquo;exp\u00e9rience utilisateur, rendant les interactions avec votre entreprise plus lisse et plus agr\u00e9able.<\/p>\n<p>De plus, le portail client WordPress assure le plus haut niveau de s\u00e9curit\u00e9. Il utilise un chiffrement avanc\u00e9 pour prot\u00e9ger vos donn\u00e9es sensibles et maintenir la confidentialit\u00e9 de la communication de votre client.<\/p>\n<p>En un mot, notre portail client pour WordPress est<\/p>\n","protected":false},"featured_media":143396,"comment_status":"open","ping_status":"open","template":"","meta":[],"product_brand":[2495],"product_cat":[1189,1181,1186],"product_tag":[1779],"class_list":{"0":"post-112544","1":"product","2":"type-product","3":"status-publish","4":"has-post-thumbnail","6":"product_brand-clientportal","7":"product_cat-personnalisation","8":"product_cat-plugins","9":"product_cat-wordpress-plugins","10":"product_tag-clientportal","11":"member-discount","12":"discount-restricted","14":"first","15":"instock","16":"sale","17":"downloadable","18":"virtual","19":"sold-individually","20":"purchasable","21":"product-type-simple"},"_links":{"self":[{"href":"https:\/\/gpl-love.com\/fr\/wp-json\/wp\/v2\/product\/112544","targetHints":{"allow":["GET"]}}],"collection":[{"href":"https:\/\/gpl-love.com\/fr\/wp-json\/wp\/v2\/product"}],"about":[{"href":"https:\/\/gpl-love.com\/fr\/wp-json\/wp\/v2\/types\/product"}],"replies":[{"embeddable":true,"href":"https:\/\/gpl-love.com\/fr\/wp-json\/wp\/v2\/comments?post=112544"}],"wp:featuredmedia":[{"embeddable":true,"href":"https:\/\/gpl-love.com\/fr\/wp-json\/wp\/v2\/media\/143396"}],"wp:attachment":[{"href":"https:\/\/gpl-love.com\/fr\/wp-json\/wp\/v2\/media?parent=112544"}],"wp:term":[{"taxonomy":"product_brand","embeddable":true,"href":"https:\/\/gpl-love.com\/fr\/wp-json\/wp\/v2\/product_brand?post=112544"},{"taxonomy":"product_cat","embeddable":true,"href":"https:\/\/gpl-love.com\/fr\/wp-json\/wp\/v2\/product_cat?post=112544"},{"taxonomy":"product_tag","embeddable":true,"href":"https:\/\/gpl-love.com\/fr\/wp-json\/wp\/v2\/product_tag?post=112544"}],"curies":[{"name":"wp","href":"https:\/\/api.w.org\/{rel}","templated":true}]}}