{"id":112542,"date":"2024-12-03T00:00:00","date_gmt":"2024-12-02T23:00:00","guid":{"rendered":"http:\/\/gpl-love.com\/fr\/produit\/woosheets-manage-woocommerce-orders-with-google-spreadsheet\/"},"modified":"2026-03-20T23:48:50","modified_gmt":"2026-03-20T22:48:50","slug":"woosheets-manage-woocommerce-orders-with-google-spreadsheet","status":"publish","type":"product","link":"https:\/\/gpl-love.com\/fr\/produit\/woosheets-manage-woocommerce-orders-with-google-spreadsheet\/","title":{"rendered":"WooSheets Manage WooCommerce Orders with Google Spreadsheet 9.2.0"},"content":{"rendered":"<h3>WooSheets Manage WooCommerce Orders with Google Spreadsheet Traits<\/h3>\n<p>WooSheets est un outil incroyablement robuste et tr\u00e8s efficace qui a \u00e9t\u00e9 m\u00e9ticuleusement con\u00e7u pour r\u00e9pondre aux besoins des propri\u00e9taires de magasins WooCommerce, leur permettant de g\u00e9rer efficacement leurs commandes avec la plus grande facilit\u00e9 et la plus grande commodit\u00e9. Cet outil remarquable s&rsquo;int\u00e8gre de mani\u00e8re transparente avec Google Sheets, \u00e9tablissant ainsi une plate-forme compl\u00e8te et coh\u00e9rente pour la gestion des commandes. Par cons\u00e9quent, vous \u00eates autoris\u00e9 \u00e0 acc\u00e9der, \u00e0 modifier et \u00e0 surveiller de pr\u00e8s toutes vos commandes en temps r\u00e9el, en assurant un flux de travail transparent et rationalis\u00e9. En outre, en tirant parti de la puissance des wooSheets, vous pouvez importer sans effort vos donn\u00e9es de commande WooCommerce dans Google Sheets, vous offrant ainsi l&rsquo;acc\u00e8s \u00e0 une pl\u00e9thore d&rsquo;outils analytiques et organisationnels avanc\u00e9s. Cela vous permet de examiner et de classer m\u00e9ticuleusement vos donn\u00e9es, facilitant ainsi une meilleure prise de d\u00e9cision et am\u00e9liorer l&rsquo;efficacit\u00e9 op\u00e9rationnelle globale. De plus, WooSheets vous accorde un vaste assortiment d&rsquo;options de personnalisation, vous permettant d&rsquo;adapter votre syst\u00e8me de gestion des commandes en conformit\u00e9 avec les exigences uniques et sp\u00e9cifiques de votre entreprise. Que vous op\u00e9rez une entreprise \u00e0 petite \u00e9chelle ou une soci\u00e9t\u00e9 \u00e0 grande \u00e9chelle, WooSheets vous aide profond\u00e9ment \u00e0 simplifier et \u00e0 optimiser votre processus de gestion des commandes, ce qui vous permet de gagner un temps inestimable et d&rsquo;augmenter consid\u00e9rablement votre productivit\u00e9 globale.<\/p>\n<ul>\n<li>Rationalise la gestion des commandes pour les magasins WooCommerce<\/li>\n<li>Utilise des feuilles Google pour un suivi des commandes facile et accessible<\/li>\n<li>Permet une modification et une mise \u00e0 jour faciles de l&rsquo;\u00e9tat de commande<\/li>\n<li>Fournit des informations de commande d\u00e9taill\u00e9es dans un emplacement centralis\u00e9<\/li>\n<li>Compatible avec plusieurs magasins WooCommerce et des comptes Google<\/li>\n<li>Gave le temps et \u00e9limine le besoin de suivi des commandes manuelles<\/li>\n<li>Augmente la productivit\u00e9 des propri\u00e9taires de magasins et des employ\u00e9s<\/li>\n<li>Fournit des mises \u00e0 jour en temps r\u00e9el sur les modifications de l&rsquo;\u00e9tat de la commande<\/li>\n<li>Hautement personnalisable pour les besoins commerciaux individuels<\/li>\n<li>Solution abordable et conviviale pour la gestion des commandes WooCommerce<\/li>\n<\/ul>\n","protected":false},"excerpt":{"rendered":"<p>WooSheets, un outil innovant et r\u00e9volutionnaire, se pr\u00e9sente comme un changeur de jeu en fournissant l&rsquo;int\u00e9gration transparente de Google Spreadsheet dans la gestion des commandes WooCommerce. Avec ses capacit\u00e9s in\u00e9gal\u00e9es, il permet aux utilisateurs de surveiller et d&rsquo;analyser sans effort les donn\u00e9es de vente, ainsi que de recueillir des informations compl\u00e8tes sur les clients, entre autres fonctionnalit\u00e9s, le tout avec le simple clic d&rsquo;un bouton. Que vous vous trouviez en tant qu&rsquo;entrepreneur \u00e0 petite \u00e9chelle, un professionnel ind\u00e9pendant ou m\u00eame un conglom\u00e9rat multinational, assurez-vous que WooSheets offre la solution id\u00e9ale pour optimiser et rationaliser vos proc\u00e9dures de gestion des commandes WooCommerce. En adoptant cet outil de pointe, non seulement vous pourrez \u00e9conomiser un temps pr\u00e9cieux, mais vous minimidrez \u00e9galement consid\u00e9rablement le risque d&rsquo;inexactitudes et maximisera l&rsquo;efficacit\u00e9 op\u00e9rationnelle globale. Faites votre confiance dans les woosheets et lancez-vous dans un voyage transformateur vers une productivit\u00e9 et un succ\u00e8s am\u00e9lior\u00e9s.<\/p>\n","protected":false},"featured_media":146092,"comment_status":"open","ping_status":"open","template":"","meta":[],"product_brand":[2435],"product_cat":[1183,1182,1181],"product_tag":[1231],"class_list":{"0":"post-112542","1":"product","2":"type-product","3":"status-publish","4":"has-post-thumbnail","6":"product_brand-codecanyon","7":"product_cat-administration","8":"product_cat-commerce-electronique-plugins","9":"product_cat-plugins","10":"product_tag-codecanyon","11":"member-discount","12":"discount-restricted","14":"first","15":"instock","16":"sale","17":"downloadable","18":"virtual","19":"sold-individually","20":"purchasable","21":"product-type-simple"},"_links":{"self":[{"href":"https:\/\/gpl-love.com\/fr\/wp-json\/wp\/v2\/product\/112542","targetHints":{"allow":["GET"]}}],"collection":[{"href":"https:\/\/gpl-love.com\/fr\/wp-json\/wp\/v2\/product"}],"about":[{"href":"https:\/\/gpl-love.com\/fr\/wp-json\/wp\/v2\/types\/product"}],"replies":[{"embeddable":true,"href":"https:\/\/gpl-love.com\/fr\/wp-json\/wp\/v2\/comments?post=112542"}],"wp:featuredmedia":[{"embeddable":true,"href":"https:\/\/gpl-love.com\/fr\/wp-json\/wp\/v2\/media\/146092"}],"wp:attachment":[{"href":"https:\/\/gpl-love.com\/fr\/wp-json\/wp\/v2\/media?parent=112542"}],"wp:term":[{"taxonomy":"product_brand","embeddable":true,"href":"https:\/\/gpl-love.com\/fr\/wp-json\/wp\/v2\/product_brand?post=112542"},{"taxonomy":"product_cat","embeddable":true,"href":"https:\/\/gpl-love.com\/fr\/wp-json\/wp\/v2\/product_cat?post=112542"},{"taxonomy":"product_tag","embeddable":true,"href":"https:\/\/gpl-love.com\/fr\/wp-json\/wp\/v2\/product_tag?post=112542"}],"curies":[{"name":"wp","href":"https:\/\/api.w.org\/{rel}","templated":true}]}}