{"id":112539,"date":"2025-10-29T00:00:00","date_gmt":"2025-10-28T23:00:00","guid":{"rendered":"http:\/\/gpl-love.com\/fr\/produit\/woocommerce-splash-popup\/"},"modified":"2026-03-20T23:48:00","modified_gmt":"2026-03-20T22:48:00","slug":"woocommerce-splash-popup","status":"publish","type":"product","link":"https:\/\/gpl-love.com\/fr\/produit\/woocommerce-splash-popup\/","title":{"rendered":"WooCommerce Splash Popup 1.5.2"},"content":{"rendered":"<h3>WooCommerce Splash Popup Traits<\/h3>\n<p>Le plugin popup WooCommerce Splash est un outil incroyablement puissant con\u00e7u sp\u00e9cifiquement pour aider les propri\u00e9taires de magasins en ligne \u00e0 \u00e9lever leurs taux de conversion. Ceci est accompli en pr\u00e9sentant de mani\u00e8re transparente des popups engageants et adaptables chaque fois qu&rsquo;un visiteur se produit sur leur site Web. Avec ce plugin, les utilisateurs ont la possibilit\u00e9 de cr\u00e9er sans effort des fen\u00eatres populaires visuellement attrayantes qui sont enrichies d&rsquo;images captivantes, de vid\u00e9os convaincantes ou de textes persuasifs &#8211; qui servent tous \u00e0 approuver efficacement des offres exclusives, des remises s\u00e9duisantes ou toute autre forme d&rsquo;offres tentantes. De plus, la nature conviviale de ce plugin permet une personnalisation sans effort de l&rsquo;apparence, du calendrier et du ciblage des popups, garantissant ainsi la maximisation de leur efficacit\u00e9 globale. De toute \u00e9vidence, le plugin popup WooCommerce Splash est un actif indispensable pour toute entreprise de commerce \u00e9lectronique qui aspire \u00e0 se connecter activement avec leur pr\u00e9cieuse client\u00e8le tout en renfor\u00e7ant simultan\u00e9ment leurs chiffres de vente.<\/p>\n<ul>\n<li>Fournit une fen\u00eatre contextuelle personnalisable pour les magasins WooCommerce<\/li>\n<li>Peut \u00eatre configur\u00e9 pour s&rsquo;afficher \u00e0 diff\u00e9rents moments, par exemple lorsqu&rsquo;un utilisateur visite d&rsquo;abord le site ou ajoute un \u00e9l\u00e9ment \u00e0 son panier<\/li>\n<li>Permet l&rsquo;inclusion de la messagerie promotionnelle ou des offres dans la fen\u00eatre contextuelle<\/li>\n<li>Peut \u00eatre utilis\u00e9 pour encourager les utilisateurs \u00e0 s&rsquo;inscrire \u00e0 une liste de diffusion ou \u00e0 suivre les pages de m\u00e9dias sociaux<\/li>\n<li>Int\u00e9gre parfaitement la plate-forme WooCommerce<\/li>\n<li>Offre une flexibilit\u00e9 dans la conception et la mise en page pour correspondre \u00e0 la marque et \u00e0 l&rsquo;esth\u00e9tique du magasin<\/li>\n<li>Permet aux propri\u00e9taires de sites Web de capter l&rsquo;attention des utilisateurs et de conduire des conversions<\/li>\n<li>R\u00e9duit les taux de rebond et l&rsquo;abandon de la chariot en dirigeant les utilisateurs vers des actions ou des produits sp\u00e9cifiques<\/li>\n<li>Facile \u00e0 configurer et \u00e0 utiliser, sans comp\u00e9tences de codage requises<\/li>\n<\/ul>\n","protected":false},"excerpt":{"rendered":"<p>La popup WooCommerce Splash s&rsquo;av\u00e8re \u00eatre un outil de marketing tr\u00e8s efficace, car il pr\u00e9sente la capacit\u00e9 de pr\u00e9senter des fen\u00eatres contextuelles personnalis\u00e9es chaque fois que les clients parcourent votre vitrine num\u00e9rique. En tirant parti de ce plugin, vous \u00eates autoris\u00e9 \u00e0 fabriquer des fen\u00eatres visuellement captivantes qui capturent facilement l&rsquo;attention de votre client\u00e8le estim\u00e9e, les motivant ainsi \u00e0 s&rsquo;engager dans les actions souhait\u00e9es. Que ce soit la promotion d&rsquo;offres exclusives, de nouvelles marchandises ou m\u00eame de l&rsquo;achat d&rsquo;adresses e-mail pour votre newsletter estim\u00e9, la polyvalence de cette fen\u00eatre contextuelle ne conna\u00eet pas de limites. De plus, son interface remarquablement intuitive rend le processus de configuration et d&rsquo;adaptation esth\u00e9tique de la fen\u00eatre contextuelle pour s&rsquo;aligner parfaitement avec l&rsquo;identit\u00e9 unique de votre marque une v\u00e9ritable brise. Par cons\u00e9quent, en mettant en \u0153uvre strat\u00e9giquement la fen\u00eatre popup WooCommerce, vous pouvez amplifier efficacement vos chiffres de vente et renforcer vos taux de conversion en sommets sans pr\u00e9c\u00e9dent.<\/p>\n","protected":false},"featured_media":146037,"comment_status":"open","ping_status":"open","template":"","meta":[],"product_brand":[2440],"product_cat":[1200,1182,1181],"product_tag":[1398],"class_list":{"0":"post-112539","1":"product","2":"type-product","3":"status-publish","4":"has-post-thumbnail","6":"product_brand-woocommerce","7":"product_cat-commercialisation","8":"product_cat-commerce-electronique-plugins","9":"product_cat-plugins","10":"product_tag-woocommerce","11":"member-discount","12":"discount-restricted","14":"first","15":"instock","16":"sale","17":"downloadable","18":"virtual","19":"sold-individually","20":"purchasable","21":"product-type-simple"},"_links":{"self":[{"href":"https:\/\/gpl-love.com\/fr\/wp-json\/wp\/v2\/product\/112539","targetHints":{"allow":["GET"]}}],"collection":[{"href":"https:\/\/gpl-love.com\/fr\/wp-json\/wp\/v2\/product"}],"about":[{"href":"https:\/\/gpl-love.com\/fr\/wp-json\/wp\/v2\/types\/product"}],"replies":[{"embeddable":true,"href":"https:\/\/gpl-love.com\/fr\/wp-json\/wp\/v2\/comments?post=112539"}],"wp:featuredmedia":[{"embeddable":true,"href":"https:\/\/gpl-love.com\/fr\/wp-json\/wp\/v2\/media\/146037"}],"wp:attachment":[{"href":"https:\/\/gpl-love.com\/fr\/wp-json\/wp\/v2\/media?parent=112539"}],"wp:term":[{"taxonomy":"product_brand","embeddable":true,"href":"https:\/\/gpl-love.com\/fr\/wp-json\/wp\/v2\/product_brand?post=112539"},{"taxonomy":"product_cat","embeddable":true,"href":"https:\/\/gpl-love.com\/fr\/wp-json\/wp\/v2\/product_cat?post=112539"},{"taxonomy":"product_tag","embeddable":true,"href":"https:\/\/gpl-love.com\/fr\/wp-json\/wp\/v2\/product_tag?post=112539"}],"curies":[{"name":"wp","href":"https:\/\/api.w.org\/{rel}","templated":true}]}}