{"id":112537,"date":"2026-01-24T00:00:00","date_gmt":"2026-01-23T23:00:00","guid":{"rendered":"http:\/\/gpl-love.com\/fr\/produit\/woocommerce-pdf-product-vouchers\/"},"modified":"2026-04-10T18:47:50","modified_gmt":"2026-04-10T16:47:50","slug":"woocommerce-pdf-product-vouchers","status":"publish","type":"product","link":"https:\/\/gpl-love.com\/fr\/produit\/woocommerce-pdf-product-vouchers\/","title":{"rendered":"WooCommerce PDF Product Vouchers 3.12.15"},"content":{"rendered":"<h3>WooCommerce PDF Product Vouchers Traits<\/h3>\n<p>Les bons de produits PDF WooCommerce repr\u00e9sentent un plugin impressionnant et robuste, adepte pour permettre aux propri\u00e9taires de magasins en ligne de g\u00e9n\u00e9rer et de commercialiser sans effort des bons ou des ch\u00e8ques-cadeaux dans le format pratique des fichiers PDF. Ce plugin exceptionnel s&rsquo;av\u00e8re particuli\u00e8rement avantageux pour les entreprises souhaitant offrir des bons-cadeaux \u00e0 leur client\u00e8le estim\u00e9e, leur accordant ainsi la possibilit\u00e9 de consulter ces bons pour obtenir divers produits ou services pr\u00e9sent\u00e9s sur leur site officiel. Le processus d&rsquo;installation du plugin ne pose aucun d\u00e9fis, et son utilisation s&rsquo;av\u00e8re simple, tout en offrant simultan\u00e9ment aux utilisateurs une vaste gamme d&rsquo;alternatives de personnalisation, dont un mode de r\u00e9alisation exemplaire comprend la capacit\u00e9 d&rsquo;incorporer de mani\u00e8re transparente des images, des textes et des logos sur les bons pr\u00e9visionnels. Avec l&rsquo;av\u00e8nement des bons de produits WOOCommerce PDF, les entreprises peuvent encourager leurs chiffres de vente, pi\u00e9ger un nouvel afflux de clients potentiels et promouvoir ing\u00e9nieusement leur marque d&rsquo;une mani\u00e8re \u00e9conomiquement viable.<\/p>\n<ul>\n<li>Permet aux clients d&rsquo;acheter et d&rsquo;envoyer des bons-cadeaux pour les produits sur votre boutique WooCommerce<\/li>\n<li>Options de conception et de marque de bon personnalisables<\/li>\n<li>Processus de cr\u00e9ation de bons faciles \u00e0 utiliser dans l&rsquo;administrateur WordPress<\/li>\n<li>Capacit\u00e9 \u00e0 d\u00e9finir les dates d&rsquo;expiration des bons et les restrictions d&rsquo;utilisation<\/li>\n<li>Les bons peuvent \u00eatre \u00e9chang\u00e9s lors de la caisse sur votre magasin<\/li>\n<li>Rapports d\u00e9taill\u00e9s sur l&rsquo;utilisation et les ventes des bons<\/li>\n<li>Installation et int\u00e9gration sans tracas avec votre configuration WooCommerce existante<\/li>\n<li>Offre une option de cadeau unique et flexible pour vos clients<\/li>\n<li>Augmente le potentiel de vente en offrant des options de cadeaux pour vos produits<\/li>\n<li>Offre une pr\u00e9sentation professionnelle et polie \u00e0 vos bons aux clients.<\/li>\n<\/ul>\n","protected":false},"excerpt":{"rendered":"<p>Les bons de produits PDF WOOCommerce sont un plugin exceptionnel qui vous offre les fonctionnalit\u00e9s incroyables de la cr\u00e9ation, de la vente et de la gestion habilement des bons cadeaux dans votre boutique WooCommerce. Ces bons remarquables sont g\u00e9n\u00e9r\u00e9s ing\u00e9nieusement au format PDF, ce qui les rend sans effort imprimables ou livrables parfaitement par e-mail au destinataire pr\u00e9vu. Non seulement ce plugin vous permet de personnaliser impeccablement les aspects de conception des bons, mais il vous permet \u00e9galement de sp\u00e9cifier m\u00e9ticuleusement des valeurs de bon et m\u00eame d&rsquo;imposer des restrictions \u00e0 leur utilisation, les confinant ainsi \u00e0 des produits ou des cat\u00e9gories sp\u00e9cifiques comme souhait\u00e9. En tirant parti des capacit\u00e9s exceptionnelles des bons de produits PDF WooCommerce, vous pouvez pr\u00e9senter sans effort vos clients estim\u00e9s une option de cadeaux in\u00e9gal\u00e9e et extr\u00eamement pratique, augmentant ainsi de fa\u00e7on exponentielle votre potentiel de vente global \u00e0 des niveaux extraordinaires.<\/p>\n","protected":false},"featured_media":145965,"comment_status":"open","ping_status":"open","template":"","meta":[],"product_brand":[2440],"product_cat":[1182,1200,1181],"product_tag":[1398],"class_list":{"0":"post-112537","1":"product","2":"type-product","3":"status-publish","4":"has-post-thumbnail","6":"product_brand-woocommerce","7":"product_cat-commerce-electronique-plugins","8":"product_cat-commercialisation","9":"product_cat-plugins","10":"product_tag-woocommerce","11":"member-discount","12":"discount-restricted","14":"first","15":"instock","16":"sale","17":"downloadable","18":"virtual","19":"sold-individually","20":"purchasable","21":"product-type-simple"},"_links":{"self":[{"href":"https:\/\/gpl-love.com\/fr\/wp-json\/wp\/v2\/product\/112537","targetHints":{"allow":["GET"]}}],"collection":[{"href":"https:\/\/gpl-love.com\/fr\/wp-json\/wp\/v2\/product"}],"about":[{"href":"https:\/\/gpl-love.com\/fr\/wp-json\/wp\/v2\/types\/product"}],"replies":[{"embeddable":true,"href":"https:\/\/gpl-love.com\/fr\/wp-json\/wp\/v2\/comments?post=112537"}],"wp:featuredmedia":[{"embeddable":true,"href":"https:\/\/gpl-love.com\/fr\/wp-json\/wp\/v2\/media\/145965"}],"wp:attachment":[{"href":"https:\/\/gpl-love.com\/fr\/wp-json\/wp\/v2\/media?parent=112537"}],"wp:term":[{"taxonomy":"product_brand","embeddable":true,"href":"https:\/\/gpl-love.com\/fr\/wp-json\/wp\/v2\/product_brand?post=112537"},{"taxonomy":"product_cat","embeddable":true,"href":"https:\/\/gpl-love.com\/fr\/wp-json\/wp\/v2\/product_cat?post=112537"},{"taxonomy":"product_tag","embeddable":true,"href":"https:\/\/gpl-love.com\/fr\/wp-json\/wp\/v2\/product_tag?post=112537"}],"curies":[{"name":"wp","href":"https:\/\/api.w.org\/{rel}","templated":true}]}}