{"id":112533,"date":"2025-10-30T00:00:00","date_gmt":"2025-10-29T23:00:00","guid":{"rendered":"http:\/\/gpl-love.com\/fr\/produit\/woocommerce-gocardless\/"},"modified":"2026-03-20T23:45:53","modified_gmt":"2026-03-20T22:45:53","slug":"woocommerce-gocardless","status":"publish","type":"product","link":"https:\/\/gpl-love.com\/fr\/produit\/woocommerce-gocardless\/","title":{"rendered":"WooCommerce GoCardless 2.9.8"},"content":{"rendered":"<h3>WooCommerce GoCardless Traits<\/h3>\n<p>WooCommerce GoCardless pr\u00e9sente une solution de paiement incroyablement conviviale qui simplifie consid\u00e9rablement le processus d&rsquo;acceptation des paiements de d\u00e9bit directs sur votre boutique WooCommerce. En int\u00e9grant de mani\u00e8re transparente la passerelle de paiement GoCardless dans votre boutique en ligne, ce plugin vous accorde la possibilit\u00e9 de fournir aux clients l&rsquo;option pratique de payer par d\u00e9bit direct. Particuli\u00e8rement avantageux pour les entreprises qui op\u00e8rent sur une base d&rsquo;abonnement r\u00e9currente, cette solution de paiement facilite efficacement la collecte automatique des paiements de vos clients, ce qui vous \u00e9pargne sans effort. En plus de ces avantages, WooCommerce GoCardless vous fournit \u00e9galement une gamme de fonctionnalit\u00e9s extr\u00eamement utiles, y compris des notifications automatiques pour les d\u00e9faillances de paiement, des options de r\u00e9essayer facilement accessibles et un syst\u00e8me de gestion de paiement rationalis\u00e9. En utilisant ce plugin, vous pouvez am\u00e9liorer consid\u00e9rablement vos processus de paiement et offrir en toute confiance \u00e0 vos clients estim\u00e9s une exp\u00e9rience de paiement \u00e0 la fois s\u00e9curis\u00e9e et extr\u00eamement pratique.<\/p>\n<ul>\n<li>Int\u00e8gre la passerelle de paiement sans gocard avec wooCommerce<\/li>\n<li>Processus de configuration et de configuration facile<\/li>\n<li>Permet aux clients de payer via un d\u00e9bit direct<\/li>\n<li>Fournit la collecte et la r\u00e9conciliation des paiements automatiques<\/li>\n<li>Offre une flexibilit\u00e9 avec les horaires et les montants de paiement<\/li>\n<li>Prend en charge plusieurs devises et langues<\/li>\n<li>Traitement de paiement s\u00e9curis\u00e9 et fiable<\/li>\n<li>Am\u00e9liore la gestion des flux de tr\u00e9sorerie pour les commer\u00e7ants<\/li>\n<li>R\u00e9duit les frais de traitement des paiements par rapport aux m\u00e9thodes de paiement traditionnelles<\/li>\n<li>Augmente la fid\u00e9lisation de la client\u00e8le en offrant une option de paiement pratique.<\/li>\n<\/ul>\n","protected":false},"excerpt":{"rendered":"<p>WooCommerce GoCardless sert d&rsquo;int\u00e9gration de passerelle de paiement tr\u00e8s efficace et fluide, ce qui permet \u00e0 vos clients estim\u00e9s de r\u00e9gler facilement leurs paiements par l&#8217;emploi de d\u00e9bit direct en utilisant la remarquable plate-forme sans gocard. En vertu de ce plugin exquis, la t\u00e2che complexe de collecter des paiements pour les abonnements, les paiements ponctuels et les paiements de pr\u00e9-autorisation est radicalement simplifi\u00e9. En outre, cette int\u00e9gration transparente garantit la plus grande s\u00e9curit\u00e9 et la confidentialit\u00e9 des informations de paiement de vos pr\u00e9cieuses clients, tout en rationalisant impeccablement vos op\u00e9rations de traitement des paiements, vous pr\u00e9sentant ainsi le cadeau inestimable de l&rsquo;heure \u00e9conomique et de la libert\u00e9 des tracas inutiles. Embrasser la remarquable solution WooCommerce GoCardless signifie une facilit\u00e9 in\u00e9gal\u00e9e dans la gestion efficace de vos proc\u00e9dures de facturation r\u00e9currentes et la collecte de paiements.<\/p>\n","protected":false},"featured_media":145901,"comment_status":"open","ping_status":"open","template":"","meta":[],"product_brand":[2440],"product_cat":[1182,1401,1181],"product_tag":[1398],"class_list":{"0":"post-112533","1":"product","2":"type-product","3":"status-publish","4":"has-post-thumbnail","6":"product_brand-woocommerce","7":"product_cat-commerce-electronique-plugins","8":"product_cat-paiement-commerce-electronique-plugins","9":"product_cat-plugins","10":"product_tag-woocommerce","11":"member-discount","12":"discount-restricted","14":"first","15":"instock","16":"sale","17":"downloadable","18":"virtual","19":"sold-individually","20":"purchasable","21":"product-type-simple"},"_links":{"self":[{"href":"https:\/\/gpl-love.com\/fr\/wp-json\/wp\/v2\/product\/112533","targetHints":{"allow":["GET"]}}],"collection":[{"href":"https:\/\/gpl-love.com\/fr\/wp-json\/wp\/v2\/product"}],"about":[{"href":"https:\/\/gpl-love.com\/fr\/wp-json\/wp\/v2\/types\/product"}],"replies":[{"embeddable":true,"href":"https:\/\/gpl-love.com\/fr\/wp-json\/wp\/v2\/comments?post=112533"}],"wp:featuredmedia":[{"embeddable":true,"href":"https:\/\/gpl-love.com\/fr\/wp-json\/wp\/v2\/media\/145901"}],"wp:attachment":[{"href":"https:\/\/gpl-love.com\/fr\/wp-json\/wp\/v2\/media?parent=112533"}],"wp:term":[{"taxonomy":"product_brand","embeddable":true,"href":"https:\/\/gpl-love.com\/fr\/wp-json\/wp\/v2\/product_brand?post=112533"},{"taxonomy":"product_cat","embeddable":true,"href":"https:\/\/gpl-love.com\/fr\/wp-json\/wp\/v2\/product_cat?post=112533"},{"taxonomy":"product_tag","embeddable":true,"href":"https:\/\/gpl-love.com\/fr\/wp-json\/wp\/v2\/product_tag?post=112533"}],"curies":[{"name":"wp","href":"https:\/\/api.w.org\/{rel}","templated":true}]}}