{"id":112531,"date":"2025-10-29T00:00:00","date_gmt":"2025-10-28T23:00:00","guid":{"rendered":"http:\/\/gpl-love.com\/fr\/produit\/woocommerce-ajax-enhanced-layered-navigation\/"},"modified":"2026-03-20T23:44:20","modified_gmt":"2026-03-20T22:44:20","slug":"woocommerce-ajax-enhanced-layered-navigation","status":"publish","type":"product","link":"https:\/\/gpl-love.com\/fr\/produit\/woocommerce-ajax-enhanced-layered-navigation\/","title":{"rendered":"WooCommerce Ajax Enhanced Layered Navigation 2.1.0"},"content":{"rendered":"<h3>WooCommerce Ajax Enhanced Layered Navigation Traits<\/h3>\n<p>La navigation en couches am\u00e9lior\u00e9e WooCommerce Ajax, \u00e9tant un plugin tr\u00e8s puissant, accorde aux utilisateurs la capacit\u00e9 pratique \u00e0 passer sans effort \u00e0 travers et localiser les produits souhait\u00e9s dans leur magasin WooCommerce. Avec ses capacit\u00e9s de filtrage sophistiqu\u00e9es, les clients peuvent rapidement et efficacement identifier les marchandises qu&rsquo;ils recherchent en fonction d&rsquo;une pl\u00e9thore d&rsquo;attributs exigeants tels que le prix, la couleur, la taille, etc. Utilisant l&rsquo;utilisation de l&rsquo;Ajax, ce plugin garantit une exp\u00e9rience utilisateur sans couture immersive, par laquelle les filtres mettent \u00e0 jour dynamiquement en temps r\u00e9el, ce qui \u00e9vite la n\u00e9cessit\u00e9 de rafra\u00eechir la page encombrante. De plus, ce plugin offre une myriade d&rsquo;options personnalisables pour la pr\u00e9sentation des filtres, accueillant des pr\u00e9f\u00e9rences esth\u00e9tiques divergentes, tout en fournissant un soutien \u00e0 un assortiment de styles de filtre. En r\u00e9sum\u00e9, la nature indispensable de la navigation en couches am\u00e9lior\u00e9e WooCommerce Ajax le rend un atout inestimable pour tout \u00e9tablissement de commerce \u00e9lectronique s&rsquo;effor\u00e7ant d&rsquo;am\u00e9liorer l&rsquo;exp\u00e9rience d&rsquo;achat de leur client\u00e8le et de g\u00e9n\u00e9rer des augmentations substantielles des ventes.<\/p>\n<ul>\n<li>Offre aux utilisateurs une exp\u00e9rience de navigation fluide et rationalis\u00e9e<\/li>\n<li>\u00c9conomise le temps et les efforts des utilisateurs en permettant un filtrage rapide des options de produit<\/li>\n<li>Am\u00e9liore la fonctionnalit\u00e9 du widget de navigation en couches en couches par d\u00e9faut<\/li>\n<li>Permet le filtrage de l&rsquo;Ajax, les rafra\u00eechissements de la page signifiant ne sont pas n\u00e9cessaires<\/li>\n<li>Fonctionne de mani\u00e8re transparente avec tous les types de produits WooCommerce<\/li>\n<li>Prend en charge les options de filtrage hi\u00e9rarchique \u00e0 plusieurs niveaux<\/li>\n<li>Fournit une interface intuitive et conviviale pour le filtrage des produits<\/li>\n<li>Offre des options de filtre personnalisables pour une reconnaissance de marque facile<\/li>\n<li>Augmente l&rsquo;engagement des utilisateurs avec une navigation plus rapide et une d\u00e9couverte de produits plus facile<\/li>\n<li>Fournit des analyses et un suivi pour une compr\u00e9hension pr\u00e9cise du comportement des utilisateurs<\/li>\n<\/ul>\n","protected":false},"excerpt":{"rendered":"<p>La navigation en couches am\u00e9lior\u00e9e WooCommerce Ajax se vante de sa remarquable efficacit\u00e9 dans la rationalisation de la proc\u00e9dure de filtrage des produits pour votre magasin virtuel. Il exploite la puissance de la technologie de l&rsquo;Ajax, permettant ainsi aux clients de parcourir instantan\u00e9ment une vaste gamme de produits, tout en adh\u00e9rant \u00e0 leurs pr\u00e9f\u00e9rences uniques. En raison de sa capacit\u00e9 remarquable \u00e0 filtrer les produits en fonction de crit\u00e8res tels que la gamme de prix et les attributs de produits, les clients peuvent localiser sans effort et rapidement les produits sp\u00e9cifiques qu&rsquo;ils recherchent. De plus, la fonctionnalit\u00e9 de navigation en couches am\u00e9lior\u00e9e facilite plusieurs s\u00e9lections et pr\u00e9sente commod\u00e9ment la quantit\u00e9 de produits associ\u00e9s \u00e0 chaque filtre, engendrez par cons\u00e9quent une exp\u00e9rience utilisateur impeccablement transparente. Accordez \u00e0 vos clients pr\u00e9cieux la capacit\u00e9 in\u00e9gal\u00e9e \u00e0 explorer rapidement et \u00e0 procurer des produits gr\u00e2ce \u00e0 l&#8217;emploi de la navigation en couches am\u00e9lior\u00e9e WooCommerce Ajax.<\/p>\n","protected":false},"featured_media":145798,"comment_status":"open","ping_status":"open","template":"","meta":[],"product_brand":[2440],"product_cat":[1182,1223,1181],"product_tag":[1398],"class_list":{"0":"post-112531","1":"product","2":"type-product","3":"status-publish","4":"has-post-thumbnail","6":"product_brand-woocommerce","7":"product_cat-commerce-electronique-plugins","8":"product_cat-personnalisation-commerce-electronique-plugins","9":"product_cat-plugins","10":"product_tag-woocommerce","11":"member-discount","12":"discount-restricted","14":"first","15":"instock","16":"sale","17":"downloadable","18":"virtual","19":"sold-individually","20":"purchasable","21":"product-type-simple"},"_links":{"self":[{"href":"https:\/\/gpl-love.com\/fr\/wp-json\/wp\/v2\/product\/112531","targetHints":{"allow":["GET"]}}],"collection":[{"href":"https:\/\/gpl-love.com\/fr\/wp-json\/wp\/v2\/product"}],"about":[{"href":"https:\/\/gpl-love.com\/fr\/wp-json\/wp\/v2\/types\/product"}],"replies":[{"embeddable":true,"href":"https:\/\/gpl-love.com\/fr\/wp-json\/wp\/v2\/comments?post=112531"}],"wp:featuredmedia":[{"embeddable":true,"href":"https:\/\/gpl-love.com\/fr\/wp-json\/wp\/v2\/media\/145798"}],"wp:attachment":[{"href":"https:\/\/gpl-love.com\/fr\/wp-json\/wp\/v2\/media?parent=112531"}],"wp:term":[{"taxonomy":"product_brand","embeddable":true,"href":"https:\/\/gpl-love.com\/fr\/wp-json\/wp\/v2\/product_brand?post=112531"},{"taxonomy":"product_cat","embeddable":true,"href":"https:\/\/gpl-love.com\/fr\/wp-json\/wp\/v2\/product_cat?post=112531"},{"taxonomy":"product_tag","embeddable":true,"href":"https:\/\/gpl-love.com\/fr\/wp-json\/wp\/v2\/product_tag?post=112531"}],"curies":[{"name":"wp","href":"https:\/\/api.w.org\/{rel}","templated":true}]}}