{"id":112529,"date":"2021-03-03T00:00:00","date_gmt":"2021-03-02T23:00:00","guid":{"rendered":"http:\/\/gpl-love.com\/fr\/produit\/multi-carrier-shipping-plugin-for-woocommerce\/"},"modified":"2026-04-10T18:32:12","modified_gmt":"2026-04-10T16:32:12","slug":"multi-carrier-shipping-plugin-for-woocommerce","status":"publish","type":"product","link":"https:\/\/gpl-love.com\/fr\/produit\/multi-carrier-shipping-plugin-for-woocommerce\/","title":{"rendered":"Multi-Carrier Shipping Plugin pour WooCommerce 1.9.1"},"content":{"rendered":"<h3>Multi-Carrier Shipping Plugin pour WooCommerce Traits<\/h3>\n<p>Le plugin d&rsquo;exp\u00e9dition multi-porteurs pour WooCommerce est un outil tr\u00e8s sophistiqu\u00e9 et incroyablement efficace que les d\u00e9taillants en ligne peuvent utiliser pour rationaliser et optimiser leurs op\u00e9rations d&rsquo;exp\u00e9dition, am\u00e9liorant ainsi l&rsquo;exp\u00e9rience globale de paiement pour leurs pr\u00e9cieux clients. Ce plugin remarquable permet aux commer\u00e7ants d&rsquo;\u00e9tablir et de g\u00e9rer sans effort une multitude de transporteurs d&rsquo;exp\u00e9dition et de tarifs correspondants, englobant des noms renomm\u00e9s et largement fiables dans l&rsquo;industrie tels que l&rsquo;USPS, FedEx, UPS et DHL. En outre, ce plugin exceptionnel poss\u00e8de un \u00e9ventail de fonctionnalit\u00e9s inestimables, y compris les tarifs d&rsquo;exp\u00e9dition en temps r\u00e9el, la g\u00e9n\u00e9ration d&rsquo;\u00e9tiquettes, les informations de suivi et l&rsquo;estimation de la date de livraison. Ces fonctionnalit\u00e9s remarquables servent non seulement \u00e0 \u00e9lever l&rsquo;exp\u00e9rience client \u00e0 des hauteurs sans pr\u00e9c\u00e9dent, mais contribuent \u00e9galement de mani\u00e8re significative \u00e0 gagner du temps et \u00e0 att\u00e9nuer le risque d&rsquo;erreurs potentiellement co\u00fbteuses pour le d\u00e9taillant diligent. Par cons\u00e9quent, il est hors de litige que le plugin d&rsquo;exp\u00e9dition multi-porteurs pour WooCommerce repr\u00e9sente un actif indispensable pour les d\u00e9taillants en ligne qui cherchent \u00e0 optimiser et \u00e0 \u00e9tendre magistralement leurs processus d&rsquo;exp\u00e9dition, propulsant par cons\u00e9quent la croissance et la rentabilit\u00e9 de leurs entreprises estim\u00e9es.<\/p>\n<ul>\n<li>Permet \u00e0 plusieurs op\u00e9rateurs d&rsquo;exp\u00e9dition d&rsquo;\u00eatre utilis\u00e9s sur la plate-forme WooCommerce<\/li>\n<li>S&rsquo;int\u00e8gre \u00e0 des transporteurs populaires tels que FedEx, UPS, USPS, DHL et plus<\/li>\n<li>Options d&rsquo;exp\u00e9dition configurables bas\u00e9es sur le poids, la zone et la destination<\/li>\n<li>Calcule automatiquement les tarifs d&rsquo;exp\u00e9dition en fonction de l&#8217;emplacement et de l&#8217;emplacement du client<\/li>\n<li>Les clients peuvent choisir leur transporteur d&rsquo;exp\u00e9dition et service pr\u00e9f\u00e9r\u00e9 lors du paiement<\/li>\n<li>Informations de suivi en temps r\u00e9el disponibles pour les clients<\/li>\n<li>Possibilit\u00e9 d&rsquo;imprimer des \u00e9tiquettes d&rsquo;exp\u00e9dition et des feuillets d&#8217;emballage directement de WooCommerce<\/li>\n<li>Prend en charge plusieurs tailles et dimensions de packages pour des calculs d&rsquo;exp\u00e9dition pr\u00e9cis<\/li>\n<li>Gave le temps et r\u00e9duit l&rsquo;erreur humaine en automatisant le processus d&rsquo;exp\u00e9dition<\/li>\n<li>Facilement configurable et personnalisable pour r\u00e9pondre aux besoins commerciaux sp\u00e9cifiques.<\/li>\n<\/ul>\n","protected":false},"excerpt":{"rendered":"<p>The Multi-Carrier Shipping Plugin for WooCommerce proves to be an indispensable tool for proprietors of online stores who seek to optimize their shipping procedures, as it allows for effortless juxtaposition of shipping rates and delivery timelines across numerous carriers, enabling informed decision-making in selecting L&rsquo;option optimale pour r\u00e9pondre \u00e0 ses clients. De plus, ce plugin offre aux utilisateurs la possibilit\u00e9 de g\u00e9rer sans effort toutes les facettes de leurs exp\u00e9ditions, englobant le suivi et l&rsquo;impression d&rsquo;\u00e9tiquettes, le tout dans les limites de la plate-forme WooCommerce. Il est r\u00e9volu le temps d&rsquo;investir d&rsquo;innombrables heures dans la t\u00e2che ardue de g\u00e9rer la logistique d&rsquo;exp\u00e9dition; Au lieu de cela, simplifiez votre flux de travail en adoptant le plugin d&rsquo;exp\u00e9dition multi-porteurs pour WooCommerce.<\/p>\n","protected":false},"featured_media":144597,"comment_status":"open","ping_status":"open","template":"","meta":[],"product_brand":[2596],"product_cat":[1183,1182,1181],"product_tag":[1763],"class_list":{"0":"post-112529","1":"product","2":"type-product","3":"status-publish","4":"has-post-thumbnail","6":"product_brand-plugin-hive","7":"product_cat-administration","8":"product_cat-commerce-electronique-plugins","9":"product_cat-plugins","10":"product_tag-plugin-hive","11":"member-discount","12":"discount-restricted","14":"first","15":"instock","16":"sale","17":"downloadable","18":"virtual","19":"sold-individually","20":"purchasable","21":"product-type-simple"},"_links":{"self":[{"href":"https:\/\/gpl-love.com\/fr\/wp-json\/wp\/v2\/product\/112529","targetHints":{"allow":["GET"]}}],"collection":[{"href":"https:\/\/gpl-love.com\/fr\/wp-json\/wp\/v2\/product"}],"about":[{"href":"https:\/\/gpl-love.com\/fr\/wp-json\/wp\/v2\/types\/product"}],"replies":[{"embeddable":true,"href":"https:\/\/gpl-love.com\/fr\/wp-json\/wp\/v2\/comments?post=112529"}],"wp:featuredmedia":[{"embeddable":true,"href":"https:\/\/gpl-love.com\/fr\/wp-json\/wp\/v2\/media\/144597"}],"wp:attachment":[{"href":"https:\/\/gpl-love.com\/fr\/wp-json\/wp\/v2\/media?parent=112529"}],"wp:term":[{"taxonomy":"product_brand","embeddable":true,"href":"https:\/\/gpl-love.com\/fr\/wp-json\/wp\/v2\/product_brand?post=112529"},{"taxonomy":"product_cat","embeddable":true,"href":"https:\/\/gpl-love.com\/fr\/wp-json\/wp\/v2\/product_cat?post=112529"},{"taxonomy":"product_tag","embeddable":true,"href":"https:\/\/gpl-love.com\/fr\/wp-json\/wp\/v2\/product_tag?post=112529"}],"curies":[{"name":"wp","href":"https:\/\/api.w.org\/{rel}","templated":true}]}}