{"id":112527,"date":"2021-02-09T00:00:00","date_gmt":"2021-02-08T23:00:00","guid":{"rendered":"http:\/\/gpl-love.com\/fr\/produit\/twofold-fullscreen-photography-wordpress-theme\/"},"modified":"2026-04-10T18:44:02","modified_gmt":"2026-04-10T16:44:02","slug":"twofold-fullscreen-photography-wordpress-theme","status":"publish","type":"product","link":"https:\/\/gpl-love.com\/fr\/produit\/twofold-fullscreen-photography-wordpress-theme\/","title":{"rendered":"TwoFold Fullscreen Photography WordPress Theme 3.7.0"},"content":{"rendered":"<h3>TwoFold Fullscreen Photography WordPress Theme Traits<\/h3>\n<p>Le double th\u00e8me WordPress de photographie plein \u00e9cran, avec sa conception exquis et sa fonctionnalit\u00e9 exceptionnelle, sert d&rsquo;option id\u00e9ale pour les photographes et les cr\u00e9atifs d\u00e9sirant pour exposer leurs chefs-d&rsquo;\u0153uvre d&rsquo;une mani\u00e8re captivante et sophistiqu\u00e9e. En mettant l&rsquo;accent sur l&rsquo;imagerie \u00e0 \u00e9cran complet et en adoptant une approche minimaliste, englobe Twofold un \u00e9ventail de fonctionnalit\u00e9s qui sont faites sur mesure pour les photographes qui cherchent \u00e0 \u00e9tablir un site Web de portefeuille. Sa conception r\u00e9active garantit une exp\u00e9rience de visualisation optimale sur tous les appareils, tandis que son code optimis\u00e9 et sa vitesse remarquable garantissent que les visiteurs restent absorb\u00e9s et reviennent pour plus. Que vous soyez un professionnel chevronn\u00e9 ou un novice, il appara\u00eet comme le choix ultime pour quiconque d\u00e9sireux de pr\u00e9senter sa photographie impressionnante d&rsquo;une mani\u00e8re in\u00e9gal\u00e9e et immersive.<\/p>\n<ul>\n<li>Design \u00e0 \u00e9cran complet immersif visuellement magnifique pour pr\u00e9senter la photographie ou le travail de portefeuille<\/li>\n<li>Enti\u00e8rement r\u00e9actif et optimis\u00e9 pour tous les appareils, y compris le mobile et la tablette<\/li>\n<li>Options de personnalisation faciles avec un g\u00e9n\u00e9rateur de pages glisser-d\u00e9poser et plusieurs mod\u00e8les pr\u00e9d\u00e9finis<\/li>\n<li>Graphiques et support pr\u00eats pour la r\u00e9tine pour les images haute r\u00e9solution pour un affichage net et clair<\/li>\n<li>Temps de chargement rapide et performances optimis\u00e9es pour une exp\u00e9rience utilisateur transparente<\/li>\n<li>Code de r\u00e9f\u00e9rencement et outils int\u00e9gr\u00e9s pour am\u00e9liorer la visibilit\u00e9 du moteur de recherche<\/li>\n<li>Int\u00e9gration des m\u00e9dias sociaux et boutons de partage pour une promotion facile et le partage du contenu<\/li>\n<li>Documentation approfondie et support client pour une configuration et un d\u00e9pannage faciles<\/li>\n<li>Compatible avec les plugins et extensions populaires pour des fonctionnalit\u00e9s suppl\u00e9mentaires<\/li>\n<li>Mises \u00e0 jour \u00e0 vie et soutien continu pour l&rsquo;am\u00e9lioration et l&rsquo;am\u00e9lioration continues.<\/li>\n<\/ul>\n","protected":false},"excerpt":{"rendered":"<p>Nous sommes ravis de pr\u00e9senter le double th\u00e8me WordPress de photographie en plein \u00e9cran, une solution extraordinaire qui r\u00e9pond aux besoins des photographes et des cr\u00e9atifs qui aspirent \u00e0 exposer leur travail d&rsquo;une mani\u00e8re visuellement captivante et captivante. Avec l&rsquo;inclusion d&rsquo;images plein \u00e9cran et l&rsquo;utilisation de la typographie \u00e9l\u00e9gante, ce th\u00e8me remarquable fournit un support impeccable pour pr\u00e9senter votre portefeuille, quelle que soit votre expertise sp\u00e9cifique en beaux-arts, en mode ou en photographie de voyage. M\u00e9ticuleusement con\u00e7u avec une esth\u00e9tique minimaliste et contemporaine, \u00e9tend deux pl\u00e9thore d&rsquo;options de personnalisation pour garantir que votre site Web incarne impeccablement votre style et votre marque distinctifs. Permettez \u00e0 votre photographie d&rsquo;\u00eatre reconnue et estim\u00e9e en se livrant au merveilleux th\u00e8me double.<\/p>\n","protected":false},"featured_media":145626,"comment_status":"open","ping_status":"open","template":"","meta":[],"product_brand":[2433],"product_cat":[1242,1212,1213],"product_tag":[1366],"class_list":{"0":"post-112527","1":"product","2":"type-product","3":"status-publish","4":"has-post-thumbnail","6":"product_brand-themeforest","7":"product_cat-creatif","8":"product_cat-themes","9":"product_cat-wordpress-themes","10":"product_tag-themeforest","11":"member-discount","12":"discount-restricted","14":"first","15":"instock","16":"sale","17":"downloadable","18":"virtual","19":"sold-individually","20":"purchasable","21":"product-type-simple"},"_links":{"self":[{"href":"https:\/\/gpl-love.com\/fr\/wp-json\/wp\/v2\/product\/112527","targetHints":{"allow":["GET"]}}],"collection":[{"href":"https:\/\/gpl-love.com\/fr\/wp-json\/wp\/v2\/product"}],"about":[{"href":"https:\/\/gpl-love.com\/fr\/wp-json\/wp\/v2\/types\/product"}],"replies":[{"embeddable":true,"href":"https:\/\/gpl-love.com\/fr\/wp-json\/wp\/v2\/comments?post=112527"}],"wp:featuredmedia":[{"embeddable":true,"href":"https:\/\/gpl-love.com\/fr\/wp-json\/wp\/v2\/media\/145626"}],"wp:attachment":[{"href":"https:\/\/gpl-love.com\/fr\/wp-json\/wp\/v2\/media?parent=112527"}],"wp:term":[{"taxonomy":"product_brand","embeddable":true,"href":"https:\/\/gpl-love.com\/fr\/wp-json\/wp\/v2\/product_brand?post=112527"},{"taxonomy":"product_cat","embeddable":true,"href":"https:\/\/gpl-love.com\/fr\/wp-json\/wp\/v2\/product_cat?post=112527"},{"taxonomy":"product_tag","embeddable":true,"href":"https:\/\/gpl-love.com\/fr\/wp-json\/wp\/v2\/product_tag?post=112527"}],"curies":[{"name":"wp","href":"https:\/\/api.w.org\/{rel}","templated":true}]}}