{"id":112519,"date":"2025-11-14T00:00:00","date_gmt":"2025-11-13T23:00:00","guid":{"rendered":"http:\/\/gpl-love.com\/fr\/produit\/real-estate-manager-pro\/"},"modified":"2026-03-20T23:33:18","modified_gmt":"2026-03-20T22:33:18","slug":"real-estate-manager-pro","status":"publish","type":"product","link":"https:\/\/gpl-love.com\/fr\/produit\/real-estate-manager-pro\/","title":{"rendered":"Real Estate Manager Pro 12.7.6"},"content":{"rendered":"<h3>Real Estate Manager Pro Traits<\/h3>\n<p>Real Estate Manager Pro, un outil exceptionnellement robuste m\u00e9ticuleusement con\u00e7u pour les professionnels de l&rsquo;immobilier \u00e0 la recherche de la gestion des biens et des clients rationalis\u00e9s, est ing\u00e9nieusement con\u00e7u pour r\u00e9pondre aux divers besoins de la gestion de plusieurs propri\u00e9t\u00e9s et clients avec la plus grande facilit\u00e9 et efficacit\u00e9. B\u00e9n\u00e9ficiant d&rsquo;une interface incroyablement conviviale, Real Estate Manager Pro permet sans effort \u00e0 ses utilisateurs de cr\u00e9er et de g\u00e9rer efficacement sans effort des listes de propri\u00e9t\u00e9s, de suivre avec diligence les prospects, de superviser parfaitement les rendez-vous et les contacts, ainsi que de g\u00e9n\u00e9rer des rapports complets sans effort. Avant et au-del\u00e0, ce logiciel remarquable offre une pl\u00e9thore de fonctionnalit\u00e9s avanc\u00e9es, y compris, mais sans s&rsquo;y limiter, les capacit\u00e9s de traitement des paiements en ligne, les mod\u00e8les enti\u00e8rement personnalisables et les tableaux de bord adapt\u00e9s \u00e0 vos pr\u00e9f\u00e9rences uniques. By encompassing a holistic range of functionalities, Real Estate Manager Pro exemplifies a comprehensive and all-encompassing solution that flawlessly streamlines your daily workflow, enabling you to efficiently organize your tasks and priorities, thereby freeing up invaluable time to strategically focus on accelerating your business growth et des efforts d&rsquo;expansion.<\/p>\n<ul>\n<li>Logiciel de gestion immobili\u00e8re complet et facile \u00e0 utiliser<\/li>\n<li>Rationalise les t\u00e2ches de gestion immobili\u00e8re, de la publicit\u00e9 et de la location aux demandes de collecte et de maintenance de loyer<\/li>\n<li>Tableau de bord personnalisable avec un aper\u00e7u des performances immobili\u00e8res et de la situation financi\u00e8re<\/li>\n<li>Rappels de loyer automatis\u00e9s et \u00e9valuations tardives des frais<\/li>\n<li>Portail de locataire en ligne pour la communication facile et les paiements de loyer<\/li>\n<li>Signature et stockage de bail en ligne<\/li>\n<li>Fonctionnalit\u00e9s comptables robustes avec tableau des comptes et options de rapport personnalisables<\/li>\n<li>Syst\u00e8me de gestion des fournisseurs pour les demandes de maintenance et les factures<\/li>\n<li>Int\u00e9grations avec des outils de comptabilit\u00e9 populaire et de traitement des paiements<\/li>\n<li>Des capacit\u00e9s de recherche et de filtrage puissantes pour un acc\u00e8s rapide aux informations sur les propri\u00e9t\u00e9s et les locataires.<\/li>\n<\/ul>\n","protected":false},"excerpt":{"rendered":"<p>Real Estate Manager Pro est un logiciel de gestion global qui a \u00e9t\u00e9 m\u00e9ticuleusement con\u00e7u pour r\u00e9pondre aux exigences uniques des professionnels de l&rsquo;immobilier. B\u00e9n\u00e9ficiant d&rsquo;une gamme de fonctionnalit\u00e9s robustes et d&rsquo;une interface intuitivement con\u00e7ue, ce logiciel int\u00e8gre et optimise de mani\u00e8re transparente chaque facette de vos op\u00e9rations commerciales, s&rsquo;\u00e9tendant du suivi m\u00e9ticuleux des plombs et de la gestion m\u00e9ticuleuse des clients au suivi financier m\u00e9ticuleux et aux rapports compl\u00e8tes. Que vous soyez un courtier chevronn\u00e9, un agent exp\u00e9riment\u00e9 ou un gestionnaire immobilier diligent, le directeur de l&rsquo;immobilier est assur\u00e9 de vous permettre d&rsquo;\u00e9lever sans effort votre sens de l&rsquo;industrie et d&rsquo;amplifier vos gains financiers. Ainsi, pourquoi Tarry? Embarquez dans le voyage de g\u00e9rer efficacement votre entreprise immobili\u00e8re aujourd&rsquo;hui!<\/p>\n","protected":false},"featured_media":145085,"comment_status":"open","ping_status":"open","template":"","meta":[],"product_brand":[2435],"product_cat":[1189,1181,1186],"product_tag":[1231],"class_list":{"0":"post-112519","1":"product","2":"type-product","3":"status-publish","4":"has-post-thumbnail","6":"product_brand-codecanyon","7":"product_cat-personnalisation","8":"product_cat-plugins","9":"product_cat-wordpress-plugins","10":"product_tag-codecanyon","11":"member-discount","12":"discount-restricted","14":"first","15":"instock","16":"sale","17":"downloadable","18":"virtual","19":"sold-individually","20":"purchasable","21":"product-type-simple"},"_links":{"self":[{"href":"https:\/\/gpl-love.com\/fr\/wp-json\/wp\/v2\/product\/112519","targetHints":{"allow":["GET"]}}],"collection":[{"href":"https:\/\/gpl-love.com\/fr\/wp-json\/wp\/v2\/product"}],"about":[{"href":"https:\/\/gpl-love.com\/fr\/wp-json\/wp\/v2\/types\/product"}],"replies":[{"embeddable":true,"href":"https:\/\/gpl-love.com\/fr\/wp-json\/wp\/v2\/comments?post=112519"}],"wp:featuredmedia":[{"embeddable":true,"href":"https:\/\/gpl-love.com\/fr\/wp-json\/wp\/v2\/media\/145085"}],"wp:attachment":[{"href":"https:\/\/gpl-love.com\/fr\/wp-json\/wp\/v2\/media?parent=112519"}],"wp:term":[{"taxonomy":"product_brand","embeddable":true,"href":"https:\/\/gpl-love.com\/fr\/wp-json\/wp\/v2\/product_brand?post=112519"},{"taxonomy":"product_cat","embeddable":true,"href":"https:\/\/gpl-love.com\/fr\/wp-json\/wp\/v2\/product_cat?post=112519"},{"taxonomy":"product_tag","embeddable":true,"href":"https:\/\/gpl-love.com\/fr\/wp-json\/wp\/v2\/product_tag?post=112519"}],"curies":[{"name":"wp","href":"https:\/\/api.w.org\/{rel}","templated":true}]}}