{"id":112517,"date":"2026-01-28T00:00:00","date_gmt":"2026-01-27T23:00:00","guid":{"rendered":"http:\/\/gpl-love.com\/fr\/produit\/brw-booking-rental-plugin-woocommerce\/"},"modified":"2026-03-20T22:57:33","modified_gmt":"2026-03-20T21:57:33","slug":"brw-booking-rental-plugin-woocommerce","status":"publish","type":"product","link":"https:\/\/gpl-love.com\/fr\/produit\/brw-booking-rental-plugin-woocommerce\/","title":{"rendered":"BRW Booking Rental Plugin WooCommerce 1.9.8"},"content":{"rendered":"<h3>BRW Booking Rental Plugin WooCommerce Traits<\/h3>\n<p>Le plugin de location de r\u00e9servation BRW pour WooCommerce est un outil exceptionnellement robuste et efficace qui a \u00e9t\u00e9 m\u00e9ticuleusement con\u00e7u pour faciliter sans effort la gestion et la rationalisation des op\u00e9rations locatives pour les entreprises. Ce plugin r\u00e9volutionnaire permet aux entreprises d&rsquo;\u00e9tablir de mani\u00e8re transparente un syst\u00e8me de r\u00e9servation tr\u00e8s adaptable et personnalis\u00e9 pour leur vaste gamme de produits et services de location, r\u00e9pondant efficacement \u00e0 leurs exigences uniques et sp\u00e9cifiques. Le plugin poss\u00e8de un \u00e9ventail de fonctionnalit\u00e9s remarquables, notamment la fourniture de formulaires de r\u00e9servation personnalisables, la disponibilit\u00e9 d&rsquo;options de tarification flexibles, la mise en \u0153uvre de m\u00e9canismes de gestion des stocks automatis\u00e9s, entre autres fonctionnalit\u00e9s pivots. Avec ces attributs incroyables, les entreprises peuvent d\u00e9sormais superviser et administrer sans effort leurs op\u00e9rations de location, favorisant ainsi un environnement propice \u00e0 la g\u00e9n\u00e9ration de revenus substantiels. Que vous vous trouviez \u00e0 la t\u00eate d&rsquo;une petite entreprise en plein essor ou d&rsquo;une entreprise colossale, il est sans \u00e9quivoque essentiel pour int\u00e9grer le plugin de location de r\u00e9servation de BRW pour WooCommerce dans vos op\u00e9rations, car il sert sans \u00e9quivoque d&rsquo;outil indispensable qui simplifie consid\u00e9rablement les complexit\u00e9s des op\u00e9rations locales et propulse la trajectoire de votre entreprise vers une croissance et une prosp\u00e9rit\u00e9 sans pr\u00e9c\u00e9dent.<\/p>\n<ul>\n<li>Permet aux clients de r\u00e9server instantan\u00e9ment les produits de location sur un site Web WooCommerce<\/li>\n<li>L&rsquo;int\u00e9gration avec WooCommerce assure des transactions en douceur et une gestion des stocks<\/li>\n<li>Durations de location personnalisables, prix et disponibilit\u00e9<\/li>\n<li>Notifications par e-mail automatis\u00e9es pour les r\u00e9servations de location et les rappels<\/li>\n<li>Vue de calendrier de la disponibilit\u00e9 de la location pour une gestion facile<\/li>\n<li>Capacit\u00e9 \u00e0 ajouter des emplacements de ramassage et de retour de location<\/li>\n<li>Fournit aux clients des conditions de location claires avant le paiement<\/li>\n<li>Offre des modules compl\u00e9mentaires de location et des accessoires<\/li>\n<li>Prend en charge plusieurs langues et devises<\/li>\n<li>Configuration et installation faciles avec une documentation et une prise en charge d\u00e9taill\u00e9es<\/li>\n<\/ul>\n","protected":false},"excerpt":{"rendered":"<p>Le plugin de location de r\u00e9servation BRW pour WooCommerce est un outil polyvalent et convivial qui am\u00e9liore votre exp\u00e9rience de commerce \u00e9lectronique. Ce plugin puissant vous permet de g\u00e9rer facilement vos services de location, transformant votre site Web WooCommerce en une plate-forme de r\u00e9servation enti\u00e8rement fonctionnelle. Des locations de vacances \u00e0 la location d&rsquo;\u00e9quipement, le plugin BRW peut tout g\u00e9rer. Avec son int\u00e9gration transparente avec WooCommerce, vous pouvez facilement g\u00e9rer les r\u00e9servations, suivre l&rsquo;inventaire, d\u00e9finir des p\u00e9riodes de location et m\u00eame offrir des remises sp\u00e9ciales. De plus, l&rsquo;interface utilisateur intuitive du plugin garantit que m\u00eame les d\u00e9butants peuvent fonctionner confortablement avec lui. Investissez dans le plugin de location de r\u00e9servation BRW pour WooCommerce aujourd&rsquo;hui et passez votre entreprise de location au niveau sup\u00e9rieur.<\/p>\n","protected":false},"featured_media":143325,"comment_status":"open","ping_status":"open","template":"","meta":[],"product_brand":[2435],"product_cat":[1182,1223,1181],"product_tag":[1231],"class_list":{"0":"post-112517","1":"product","2":"type-product","3":"status-publish","4":"has-post-thumbnail","6":"product_brand-codecanyon","7":"product_cat-commerce-electronique-plugins","8":"product_cat-personnalisation-commerce-electronique-plugins","9":"product_cat-plugins","10":"product_tag-codecanyon","11":"member-discount","12":"discount-restricted","14":"first","15":"instock","16":"sale","17":"downloadable","18":"virtual","19":"sold-individually","20":"purchasable","21":"product-type-simple"},"_links":{"self":[{"href":"https:\/\/gpl-love.com\/fr\/wp-json\/wp\/v2\/product\/112517","targetHints":{"allow":["GET"]}}],"collection":[{"href":"https:\/\/gpl-love.com\/fr\/wp-json\/wp\/v2\/product"}],"about":[{"href":"https:\/\/gpl-love.com\/fr\/wp-json\/wp\/v2\/types\/product"}],"replies":[{"embeddable":true,"href":"https:\/\/gpl-love.com\/fr\/wp-json\/wp\/v2\/comments?post=112517"}],"wp:featuredmedia":[{"embeddable":true,"href":"https:\/\/gpl-love.com\/fr\/wp-json\/wp\/v2\/media\/143325"}],"wp:attachment":[{"href":"https:\/\/gpl-love.com\/fr\/wp-json\/wp\/v2\/media?parent=112517"}],"wp:term":[{"taxonomy":"product_brand","embeddable":true,"href":"https:\/\/gpl-love.com\/fr\/wp-json\/wp\/v2\/product_brand?post=112517"},{"taxonomy":"product_cat","embeddable":true,"href":"https:\/\/gpl-love.com\/fr\/wp-json\/wp\/v2\/product_cat?post=112517"},{"taxonomy":"product_tag","embeddable":true,"href":"https:\/\/gpl-love.com\/fr\/wp-json\/wp\/v2\/product_tag?post=112517"}],"curies":[{"name":"wp","href":"https:\/\/api.w.org\/{rel}","templated":true}]}}