{"id":112515,"date":"2024-05-01T00:00:00","date_gmt":"2024-04-30T22:00:00","guid":{"rendered":"http:\/\/gpl-love.com\/fr\/produit\/wordpress-whatsapp-support\/"},"modified":"2026-03-20T23:49:19","modified_gmt":"2026-03-20T22:49:19","slug":"wordpress-whatsapp-support","status":"publish","type":"product","link":"https:\/\/gpl-love.com\/fr\/produit\/wordpress-whatsapp-support\/","title":{"rendered":"WordPress WhatsApp Support 2.3.2"},"content":{"rendered":"<h3>WordPress WhatsApp Support Traits<\/h3>\n<p>Le plugin de support WhatsApp WordPress sert d&rsquo;outil tr\u00e8s avantageux pour les propri\u00e9taires de sites Web visant \u00e0 \u00e9tablir une connexion transparente avec leur client\u00e8le via l&rsquo;une des applications de messagerie les plus utilis\u00e9es \u00e0 travers le monde. En incorporant ce plugin, les utilisateurs ont la possibilit\u00e9 d&rsquo;incorporer sans effort un bouton de chat WhatsApp sur leur site Web, permettant ainsi aux visiteurs d&rsquo;initier des conversations directes avec le propri\u00e9taire du site. Non seulement les utilisateurs peuvent adapter l&rsquo;apparence du bouton et le placement strat\u00e9gique sur leur site, mais le plugin fournit \u00e9galement des donn\u00e9es d&rsquo;analyse perspicace, facilitant ainsi les propri\u00e9taires de sites dans la surveillance des triomphes de leur soutien WhatsApp. Par cons\u00e9quent, ce plugin appara\u00eet comme une s\u00e9lection idyllique pour les entreprises qui aspirent \u00e0 offrir \u00e0 leurs clients estim\u00e9s une exp\u00e9rience de support client plus opportun et individualis\u00e9e.<\/p>\n<ul>\n<li>Permet aux utilisateurs d&rsquo;int\u00e9grer WhatsApp dans leur site Web WordPress pour le support client<\/li>\n<li>Cr\u00e9e une option de chat WhatsApp directe pour les visiteurs du site Web<\/li>\n<li>Les utilisateurs peuvent sp\u00e9cifier des messages personnalis\u00e9s pour saluer les visiteurs dans le chat WhatsApp<\/li>\n<li>Fournit une prise en charge de plusieurs agents pour travailler sur les requ\u00eates client<\/li>\n<li>Permet aux utilisateurs de g\u00e9rer les chats et les suivis \u00e0 partir d&rsquo;un seul tableau de bord<\/li>\n<li>Fournit des analyses et des informations sur les donn\u00e9es de chat client<\/li>\n<li>S&rsquo;int\u00e8gre de mani\u00e8re transparente aux plugins WordPress populaires<\/li>\n<li>Offre une installation et une configuration faciles pour les utilisateurs non techniques<\/li>\n<li>Offre un support client r\u00e9actif et des mises \u00e0 jour fr\u00e9quentes<\/li>\n<li>Aide \u00e0 accro\u00eetre l&rsquo;engagement et la satisfaction des clients.<\/li>\n<\/ul>\n","protected":false},"excerpt":{"rendered":"<p>Pr\u00e9sentation de WordPress WhatsApp Support, un plugin remarquable qui s&rsquo;int\u00e8gre de mani\u00e8re transparente \u00e0 votre site Web, permettant \u00e0 vos clients estim\u00e9s de se connecter sans effort avec vous via WhatsApp. Ce plugin robuste vous permet d&rsquo;\u00e9tablir sans effort un bouton de chat WhatsApp qui peut \u00eatre int\u00e9gr\u00e9 de mani\u00e8re transparente dans n&rsquo;importe quelle page de votre site Web. Par cons\u00e9quent, vos pr\u00e9cieux clients peuvent vous envoyer rapidement et efficacement des messages, qui seront exp\u00e9di\u00e9ment transmis \u00e0 votre compte WhatsApp. Pourquoi retarder davantage? Prenez l&rsquo;initiative aujourd&rsquo;hui et am\u00e9liorez vos efforts de support client avec le support WhatsApp remarquable WordPress!<\/p>\n","protected":false},"featured_media":146122,"comment_status":"open","ping_status":"open","template":"","meta":[],"product_brand":[2435],"product_cat":[1207,1181,1186],"product_tag":[1231],"class_list":{"0":"post-112515","1":"product","2":"type-product","3":"status-publish","4":"has-post-thumbnail","6":"product_brand-codecanyon","7":"product_cat-commercialisation-wordpress-plugins","8":"product_cat-plugins","9":"product_cat-wordpress-plugins","10":"product_tag-codecanyon","11":"member-discount","12":"discount-restricted","14":"first","15":"instock","16":"sale","17":"downloadable","18":"virtual","19":"sold-individually","20":"purchasable","21":"product-type-simple"},"_links":{"self":[{"href":"https:\/\/gpl-love.com\/fr\/wp-json\/wp\/v2\/product\/112515","targetHints":{"allow":["GET"]}}],"collection":[{"href":"https:\/\/gpl-love.com\/fr\/wp-json\/wp\/v2\/product"}],"about":[{"href":"https:\/\/gpl-love.com\/fr\/wp-json\/wp\/v2\/types\/product"}],"replies":[{"embeddable":true,"href":"https:\/\/gpl-love.com\/fr\/wp-json\/wp\/v2\/comments?post=112515"}],"wp:featuredmedia":[{"embeddable":true,"href":"https:\/\/gpl-love.com\/fr\/wp-json\/wp\/v2\/media\/146122"}],"wp:attachment":[{"href":"https:\/\/gpl-love.com\/fr\/wp-json\/wp\/v2\/media?parent=112515"}],"wp:term":[{"taxonomy":"product_brand","embeddable":true,"href":"https:\/\/gpl-love.com\/fr\/wp-json\/wp\/v2\/product_brand?post=112515"},{"taxonomy":"product_cat","embeddable":true,"href":"https:\/\/gpl-love.com\/fr\/wp-json\/wp\/v2\/product_cat?post=112515"},{"taxonomy":"product_tag","embeddable":true,"href":"https:\/\/gpl-love.com\/fr\/wp-json\/wp\/v2\/product_tag?post=112515"}],"curies":[{"name":"wp","href":"https:\/\/api.w.org\/{rel}","templated":true}]}}