{"id":112513,"date":"2024-09-18T00:00:00","date_gmt":"2024-09-17T22:00:00","guid":{"rendered":"http:\/\/gpl-love.com\/fr\/produit\/smartmag-news-and-magazine-wordpress\/"},"modified":"2026-04-10T18:39:57","modified_gmt":"2026-04-10T16:39:57","slug":"smartmag-news-and-magazine-wordpress","status":"publish","type":"product","link":"https:\/\/gpl-love.com\/fr\/produit\/smartmag-news-and-magazine-wordpress\/","title":{"rendered":"SmartMag News et Magazine WordPress 10.2.1"},"content":{"rendered":"<h3>SmartMag News et Magazine WordPress Traits<\/h3>\n<p>SmartMag News and Magazine WordPress est un th\u00e8me incroyablement robuste et polyvalent qui a \u00e9t\u00e9 sp\u00e9cifiquement con\u00e7u dans le but de s&rsquo;adresser aux sites Web News and Magazine, leur offrant une fonctionnalit\u00e9 et une flexibilit\u00e9 in\u00e9gal\u00e9es. Ce th\u00e8me est \u00e9quip\u00e9 d&rsquo;un \u00e9ventail de fonctionnalit\u00e9s remarquables, y compris un g\u00e9n\u00e9rateur de pages de drag et convivial tr\u00e8s intuitif et convivial, permettant aux utilisateurs de cr\u00e9er et de personnaliser sans effort leur site Web en fonction de leurs pr\u00e9f\u00e9rences et exigences uniques. De plus, SmartMag propose une vaste s\u00e9lection de dispositions de page d&rsquo;accueil diverses, garantissant que les utilisateurs ont la possibilit\u00e9 de choisir le design parfait qui s&rsquo;aligne parfaitement sur l&rsquo;esth\u00e9tique et la vision souhait\u00e9es. De plus, ce th\u00e8me poss\u00e8de \u00e9galement un en-t\u00eate et un pied de page remarquablement flexibles, permettant aux utilisateurs de concevoir et de fa\u00e7onner sans effort l&rsquo;apparence et la structure globale de leur site Web afin d&rsquo;int\u00e9grer de mani\u00e8re transparente leur marque et leur messagerie. De plus, SmartMag englobe un large \u00e9ventail de styles de poste, permettant aux utilisateurs de pr\u00e9senter leur contenu de mani\u00e8re visuellement captivante et captivante, am\u00e9liorant ainsi l&rsquo;exp\u00e9rience utilisateur globale et l&rsquo;engagement sur leur site Web.<\/p>\n<p>En outre, l&rsquo;un des aspects les plus remarquables de ce th\u00e8me est sa personnalisation exceptionnelle, car elle offre aux utilisateurs la possibilit\u00e9 de modifier facilement et efficacement divers \u00e9l\u00e9ments de leur site Web, y compris les couleurs, les polices et la mise en page, leur permettant ainsi de cr\u00e9er un site Web C&rsquo;est vraiment unique et refl\u00e8te leur style et leurs pr\u00e9f\u00e9rences individuelles. De plus, SmartMag inclut l&rsquo;optimisation d&rsquo;optimisation des moteurs de recherche int\u00e9gr\u00e9e (SEO), en veillant \u00e0 ce que les sites Web des utilisateurs soient enti\u00e8rement optimis\u00e9s pour les moteurs de recherche, am\u00e9liorant par cons\u00e9quent leur visibilit\u00e9 et augmentant leurs chances d&rsquo;atteindre un classement plus \u00e9lev\u00e9 dans les pages de r\u00e9sultats des moteurs de recherche (SERP). En outre, ce th\u00e8me prend \u00e9galement en charge Google AMP (Pages mobiles acc\u00e9l\u00e9r\u00e9es), une technologie r\u00e9volutionnaire qui am\u00e9liore consid\u00e9rablement les performances et la vitesse des sites Web mobiles, am\u00e9liorant par cons\u00e9quent l&rsquo;exp\u00e9rience et la satisfaction de l&rsquo;utilisateur globales.<\/p>\n<p>Que vous vous lanciez dans le parcours passionnant de lancer un tout nouveau site Web ou de chercher \u00e0 am\u00e9liorer et \u00e0 \u00e9lever les performances et les fonctionnalit\u00e9s de votre SmartMag existante, SmartMag poss\u00e8de tous les outils et fonctionnalit\u00e9s n\u00e9cessaires pour vous aider \u00e0 cr\u00e9er une pr\u00e9sence en ligne professionnelle et captivante qui sera captiver et engager votre public cible.<\/p>\n<ul>\n<li>Conception r\u00e9active qui a fi\u00e8re allure sur tous les appareils<\/li>\n<li>Page d&rsquo;accueil personnalisable et dispositions de cat\u00e9gorie personnalisables<\/li>\n<li>Plusieurs formats de publication, y compris la vid\u00e9o et l&rsquo;audio<\/li>\n<li>Widgets avanc\u00e9s pour afficher des publications populaires, des articles en vedette et plus<\/li>\n<li>Syst\u00e8me de gestion de publicit\u00e9 int\u00e9gr\u00e9 pour une mon\u00e9tisation facile<\/li>\n<li>Int\u00e9gration des m\u00e9dias sociaux pour le partage et l&rsquo;engagement faciles<\/li>\n<li>Panneau d&rsquo;options de th\u00e8me puissant pour un contr\u00f4le complet sur la conception et les fonctionnalit\u00e9s<\/li>\n<li>Temps de chargement rapide et optimis\u00e9 pour le r\u00e9f\u00e9rencement<\/li>\n<li>Compatibilit\u00e9 avec des plugins populaires comme WooCommerce et Yoast SEO<\/li>\n<li>Mises \u00e0 jour r\u00e9guli\u00e8res et soutien d\u00e9di\u00e9 de l&rsquo;\u00e9quipe SmartMag.<\/li>\n<\/ul>\n","protected":false},"excerpt":{"rendered":"<p>Le th\u00e8me SmartMag WordPress, une formidable plate-forme m\u00e9ticuleusement con\u00e7ue dans le seul but de construire des sites Web de nouvelles et de magazines sophistiqu\u00e9s et captivants, poss\u00e8de une immense capacit\u00e9 \u00e0 r\u00e9pondre \u00e0 toutes vos exigences professionnelles. Ce th\u00e8me, dot\u00e9 d&rsquo;un assortiment d&rsquo;attributs personnalisables et d&rsquo;un design extr\u00eamement \u00e9l\u00e9gant et contemporain, vous permet de montrer votre contenu d&rsquo;une mani\u00e8re visuellement stimulante, quelle que soit la nature du sujet, que ce soit les derni\u00e8res nouvelles de la r\u00e9vision, les \u00e9l\u00e9ments d&rsquo;opinant qui stimulent la pens\u00e9e r\u00e9fl\u00e9chissent par la pens\u00e9e. , articles de caract\u00e9ristiques convaincants, ou tout autre sujet qui peut se situer dans le large \u00e9ventail de possibilit\u00e9s. Par cons\u00e9quent, si vous vous trouvez \u00e0 la recherche d&rsquo;un th\u00e8me WordPress remarquablement convivial, remarquablement polyvalent et remarquablement dynamique qui poss\u00e8de la capacit\u00e9 d&rsquo;\u00e9lever vos efforts de publication en ligne \u00e0 des hauteurs sans pr\u00e9c\u00e9dent, alors cessez votre recherche et diriger votre attention vers le remarquable SmartMag.<\/p>\n","protected":false},"featured_media":145275,"comment_status":"open","ping_status":"open","template":"","meta":[],"product_brand":[2433],"product_cat":[1220,1212,1213],"product_tag":[1366],"class_list":{"0":"post-112513","1":"product","2":"type-product","3":"status-publish","4":"has-post-thumbnail","6":"product_brand-themeforest","7":"product_cat-blog-magazine","8":"product_cat-themes","9":"product_cat-wordpress-themes","10":"product_tag-themeforest","11":"member-discount","12":"discount-restricted","14":"first","15":"instock","16":"sale","17":"downloadable","18":"virtual","19":"sold-individually","20":"purchasable","21":"product-type-simple"},"_links":{"self":[{"href":"https:\/\/gpl-love.com\/fr\/wp-json\/wp\/v2\/product\/112513","targetHints":{"allow":["GET"]}}],"collection":[{"href":"https:\/\/gpl-love.com\/fr\/wp-json\/wp\/v2\/product"}],"about":[{"href":"https:\/\/gpl-love.com\/fr\/wp-json\/wp\/v2\/types\/product"}],"replies":[{"embeddable":true,"href":"https:\/\/gpl-love.com\/fr\/wp-json\/wp\/v2\/comments?post=112513"}],"wp:featuredmedia":[{"embeddable":true,"href":"https:\/\/gpl-love.com\/fr\/wp-json\/wp\/v2\/media\/145275"}],"wp:attachment":[{"href":"https:\/\/gpl-love.com\/fr\/wp-json\/wp\/v2\/media?parent=112513"}],"wp:term":[{"taxonomy":"product_brand","embeddable":true,"href":"https:\/\/gpl-love.com\/fr\/wp-json\/wp\/v2\/product_brand?post=112513"},{"taxonomy":"product_cat","embeddable":true,"href":"https:\/\/gpl-love.com\/fr\/wp-json\/wp\/v2\/product_cat?post=112513"},{"taxonomy":"product_tag","embeddable":true,"href":"https:\/\/gpl-love.com\/fr\/wp-json\/wp\/v2\/product_tag?post=112513"}],"curies":[{"name":"wp","href":"https:\/\/api.w.org\/{rel}","templated":true}]}}